{"id":2986,"date":"2023-11-15T10:15:30","date_gmt":"2023-11-15T15:15:30","guid":{"rendered":"https:\/\/ambpanama.esteri.it\/chi-siamo\/lambasciatore\/capi-missione-italiani-a-panama\/"},"modified":"2023-12-01T14:11:42","modified_gmt":"2023-12-01T19:11:42","slug":"capi-missione-italiani-a-panama","status":"publish","type":"page","link":"https:\/\/ambpanama.esteri.it\/en\/chi-siamo\/lambasciatore\/capi-missione-italiani-a-panama\/","title":{"rendered":"Italian Heads of Mission in Panama"},"content":{"rendered":"<p>Emilio PAGLIANO, Envoy Extraordinary and Minister Plenipotentiary 8 March 1914<\/p>\n<p>Carlo RAGUZZI, Charg\u00e9 d&#8217;affaires 1. August 1914<\/p>\n<p>Mauro TOSTI, Charg\u00e9 d&#8217;affaires 8 August 1925<\/p>\n<p>Carlo UMILT\u00c0, Envoy Extraordinary and Minister Plenipotentiary with L. C. 19 August 1927<\/p>\n<p>Vittorio NEGRI, Envoy Extraordinary and Minister Plenipotentiary with L. C. 12 February 1931<\/p>\n<p>Italo CAPANNI, Envoy Extraordinary and Minister Plenipotentiary with L. C. 30 May 1935<\/p>\n<p>Renato SILENZI, Envoy Extraordinary and Minister Plenipotentiary 29 January 1940<\/p>\n<p>Luigi MARIANI, Envoy Extraordinary and Minister Plenipotentiary 26 April 1945<\/p>\n<p>Antonio ROSSET DESANDR\u00c8, Envoy Extraordinary and Minister Plenipotentiary with L. C. 6 April 1951<\/p>\n<p>Riccardo MOSCATI, Ambassador with L. C 18 November 1954<\/p>\n<p>Mr Mario MAJOLI, Ambassador with L. C. 5 December 1957<\/p>\n<p>Raffaele CLEMENTI DI S. MICHELE, Ambassador with L. C 24 July 1962<\/p>\n<p>Gio Paolo DE FERRARI, Ambassador with L. C 26 September 1967<\/p>\n<p>Emiliano GUIDOTTI, Ambassador with L. C 3 May 1973<\/p>\n<p>Mr Beniamino DEL GIUDICE, Ambassador with L. C. 5 August 1976<\/p>\n<p>Carlo Andrea ORSINI BARONE, Ambassador with L. C 23 April 1978<\/p>\n<p>Mr Giorgio PECA, Ambassador with L. C 19 July 1981<\/p>\n<p>Giovanni Maria Paolo Bonaventura VINCENTI MARERI D&#8217;ASCREA, Ambassador with L. C 13 April 1985<\/p>\n<p>Enzo Ivan MONTANO, Ambassador with L. C. 1,1987<\/p>\n<p>Gianmario URBINI, Ambassador with L. C. 8 October 1991<\/p>\n<p>Mr Teodoro FUXA, Ambassador with L. C. 5 August 1995<\/p>\n<p>Mr Massimo SPINETTI, Ambassador with L. C. 6 July 1999<\/p>\n<p>Mr Marco ROCCA, Ambassador with L. C. 10 August 2002<\/p>\n<p>Placido VIGO, Ambassador with L. C. 21 December 2006<\/p>\n<p>Giancarlo Maria CURCIO, Ambassador with L. C. 19 February 2011<\/p>\n<p>Marcello APICELLA, Ambassador with L. C. 8 June 2015<\/p>\n<p>Massimo AMBROSETTI, Ambassador with L. C. 31 October 2018<\/p>\n<p>Fabrizio NICOLETTI, Ambassador with L. C. 8 November 2021<\/p>\n","protected":false},"excerpt":{"rendered":"Emilio PAGLIANO, Envoy Extraordinary and Minister Plenipotentiary 8 March 1914 Carlo RAGUZZI, Charg\u00e9 d&#8217;affaires 1. August 1914 Mauro TOSTI, Charg\u00e9 d&#8217;affaires 8 August 1925 Carlo UMILT\u00c0, Envoy Extraordinary and Minister Plenipotentiary with L. C. 19 August 1927 Vittorio NEGRI, Envoy Extraordinary and Minister Plenipotentiary with L. C. 12 February 1931 Italo CAPANNI, Envoy Extraordinary and [&hellip;]","protected":false},"author":4,"featured_media":0,"parent":256,"menu_order":1,"comment_status":"closed","ping_status":"closed","template":"","meta":{"footnotes":""},"class_list":["post-2986","page","type-page","status-publish","hentry"],"_links":{"self":[{"href":"https:\/\/ambpanama.esteri.it\/en\/wp-json\/wp\/v2\/pages\/2986","targetHints":{"allow":["GET"]}}],"collection":[{"href":"https:\/\/ambpanama.esteri.it\/en\/wp-json\/wp\/v2\/pages"}],"about":[{"href":"https:\/\/ambpanama.esteri.it\/en\/wp-json\/wp\/v2\/types\/page"}],"author":[{"embeddable":true,"href":"https:\/\/ambpanama.esteri.it\/en\/wp-json\/wp\/v2\/users\/4"}],"replies":[{"embeddable":true,"href":"https:\/\/ambpanama.esteri.it\/en\/wp-json\/wp\/v2\/comments?post=2986"}],"version-history":[{"count":1,"href":"https:\/\/ambpanama.esteri.it\/en\/wp-json\/wp\/v2\/pages\/2986\/revisions"}],"predecessor-version":[{"id":2987,"href":"https:\/\/ambpanama.esteri.it\/en\/wp-json\/wp\/v2\/pages\/2986\/revisions\/2987"}],"up":[{"embeddable":true,"href":"https:\/\/ambpanama.esteri.it\/en\/wp-json\/wp\/v2\/pages\/256"}],"wp:attachment":[{"href":"https:\/\/ambpanama.esteri.it\/en\/wp-json\/wp\/v2\/media?parent=2986"}],"curies":[{"name":"wp","href":"https:\/\/api.w.org\/{rel}","templated":true}]}}