{"id":1000,"date":"2023-11-01T15:28:36","date_gmt":"2023-11-01T20:28:36","guid":{"rendered":"https:\/\/ambpanama.esteri.it\/servizi-consolari-e-visti\/servizi-per-il-cittadino-italiano\/stato-civile\/registrare-un-divorzio\/"},"modified":"2024-12-10T13:55:17","modified_gmt":"2024-12-10T18:55:17","slug":"registrare-un-divorzio","status":"publish","type":"page","link":"https:\/\/ambpanama.esteri.it\/es\/servizi-consolari-e-visti\/servizi-per-il-cittadino-italiano\/stato-civile\/registrare-un-divorzio\/","title":{"rendered":"Registrar un divorcio"},"content":{"rendered":"<p style=\"text-align: justify;\">Las resoluciones de divorcio o actas notariales de divorcio ejecutadas en el extranjero NO son autom\u00e1ticamente v\u00e1lidas en Italia, deben ser transcritas a la Oficina del Estado Civil del Municipio donde est\u00e1 registrada la correspondiente acta de matrimonio. El interesado\/a debe ser residente en Panam\u00e1.<\/p>\n<p style=\"text-align: justify;\"><strong>D\u00d3NDE SOLICITAR EL SERVICIO<\/strong><\/p>\n<p style=\"text-align: justify; padding-left: 40px;\">a). present\u00e1ndose el ciudadano italiano interesado en la Embajada de Italia en Panam\u00e1, reservando una cita por\u00a0 \u00abServicios Consulares\u00bb a trav\u00e9s del portal <a href=\"https:\/\/prenotami.esteri.it\/\">Prenot@mi<\/a>;<br \/>\nb). dirigi\u00e9ndose directamente a su Ayuntamiento de inscripci\u00f3n A.I.R.E. (en este caso es necesario dirigirse a la Oficina del Estado Civil municipal).<\/p>\n<p style=\"text-align: justify;\">Para solicitar la transcripci\u00f3n del divorcio deber\u00e1n presentarse los siguientes documentos:<\/p>\n<ul style=\"text-align: justify;\">\n<li><a href=\"https:\/\/ambpanama.esteri.it\/wp-content\/uploads\/2024\/08\/DIVORZIO-MODULO.pdf\">Formulario<\/a> de transcipci\u00f3n de la sentencia de divorcio;<\/li>\n<li>Sentencia original del Tribunal competente, con apostilla de La Haya<\/li>\n<li>Traducci\u00f3n del acto en original debidamente acompa\u00f1ada de la apostille de la firma del traductor.\u00a0<strong>NOTA<\/strong>: no se aceptan traducciones con firma digital;<\/li>\n<li>En la sentencia (o en una declaraci\u00f3n adicional del Tribunal) deber\u00e1 especificarse que se trata de una sentencia con fuerza de cosa juzgada, con indicaci\u00f3n de la fecha en que la sentencia es firme. (se precisa que la sentencia de divorcio efectuada en territorio paname\u00f1o antes de ser legalizada al MIRE deber\u00e1 presentarse ante la secretar\u00eda general de la Corte Suprema de Justicia para la autorizaci\u00f3n a la solicitud de la Apostilla).<\/li>\n<li>En presencia de hijos menores, la sentencia deber\u00e1 especificar el r\u00e9gimen de custodia de los mismos.<\/li>\n<\/ul>\n<p style=\"text-align: justify;\">Todos los documentos deber\u00e1n ser presentados en original y fotocopias de los mismos (legibles).<\/p>\n<p id=\"tw-target-text\" class=\"tw-data-text tw-text-large tw-ta\" dir=\"ltr\" style=\"text-align: justify;\" data-placeholder=\"Traduzione\"><strong><span class=\"Y2IQFc\" lang=\"es\">La Embajada enviar\u00e1 un correo electr\u00f3nico al interesado sobre la efectiva transmisi\u00f3n de la solicitud a la Autoridad competente. Por lo tanto, no es necesario solicitar informaci\u00f3n sobre el estado del tr\u00e1mite, ya que es responsabilidad de otras Autoridades.<\/span><\/strong><\/p>\n<p class=\"tw-data-text tw-text-large tw-ta\" dir=\"ltr\" style=\"text-align: justify;\" data-placeholder=\"Traduzione\"><strong><span class=\"Y2IQFc\" lang=\"es\">Se recomienda proporcionar una direcci\u00f3n de correo electr\u00f3nico v\u00e1lida y comunicar cualquier actualizaci\u00f3n de la misma.<\/span><\/strong><\/p>\n","protected":false},"excerpt":{"rendered":"Las resoluciones de divorcio o actas notariales de divorcio ejecutadas en el extranjero NO son autom\u00e1ticamente v\u00e1lidas en Italia, deben ser transcritas a la Oficina del Estado Civil del Municipio donde est\u00e1 registrada la correspondiente acta de matrimonio. El interesado\/a debe ser residente en Panam\u00e1. D\u00d3NDE SOLICITAR EL SERVICIO a). present\u00e1ndose el ciudadano italiano interesado [&hellip;]","protected":false},"author":4,"featured_media":0,"parent":173,"menu_order":2,"comment_status":"closed","ping_status":"closed","template":"","meta":{"footnotes":""},"class_list":["post-1000","page","type-page","status-publish","hentry"],"_links":{"self":[{"href":"https:\/\/ambpanama.esteri.it\/es\/wp-json\/wp\/v2\/pages\/1000","targetHints":{"allow":["GET"]}}],"collection":[{"href":"https:\/\/ambpanama.esteri.it\/es\/wp-json\/wp\/v2\/pages"}],"about":[{"href":"https:\/\/ambpanama.esteri.it\/es\/wp-json\/wp\/v2\/types\/page"}],"author":[{"embeddable":true,"href":"https:\/\/ambpanama.esteri.it\/es\/wp-json\/wp\/v2\/users\/4"}],"replies":[{"embeddable":true,"href":"https:\/\/ambpanama.esteri.it\/es\/wp-json\/wp\/v2\/comments?post=1000"}],"version-history":[{"count":6,"href":"https:\/\/ambpanama.esteri.it\/es\/wp-json\/wp\/v2\/pages\/1000\/revisions"}],"predecessor-version":[{"id":7041,"href":"https:\/\/ambpanama.esteri.it\/es\/wp-json\/wp\/v2\/pages\/1000\/revisions\/7041"}],"up":[{"embeddable":true,"href":"https:\/\/ambpanama.esteri.it\/es\/wp-json\/wp\/v2\/pages\/173"}],"wp:attachment":[{"href":"https:\/\/ambpanama.esteri.it\/es\/wp-json\/wp\/v2\/media?parent=1000"}],"curies":[{"name":"wp","href":"https:\/\/api.w.org\/{rel}","templated":true}]}}