{"id":1007,"date":"2023-11-01T15:32:34","date_gmt":"2023-11-01T20:32:34","guid":{"rendered":"https:\/\/ambpanama.esteri.it\/servizi-consolari-e-visti\/servizi-per-il-cittadino-italiano\/stato-civile\/certificato-di-cittadinanza\/"},"modified":"2025-11-13T13:55:04","modified_gmt":"2025-11-13T18:55:04","slug":"certificato-di-cittadinanza","status":"publish","type":"page","link":"https:\/\/ambpanama.esteri.it\/es\/servizi-consolari-e-visti\/servizi-per-il-cittadino-italiano\/stato-civile\/certificato-di-cittadinanza\/","title":{"rendered":"Certificado di Ciudadania"},"content":{"rendered":"<p style=\"text-align: justify;\">Los ciudadanos italianos inscritos en AIRE en Panam\u00e1 pueden solicitar el Certificado de Ciudadan\u00eda. Present\u00e1ndose personalmente en la Embajada de Italia en Panam\u00e1, reservando una cita para \u00abServicios consulares\u00bb a trav\u00e9s del portal <a href=\"https:\/\/prenotami.esteri.it\/\">Prenota@mi<\/a>. y el d\u00eda de la cita deber\u00e1n presentar:<\/p>\n<p style=\"padding-left: 40px; text-align: justify;\">a). El <a href=\"https:\/\/ambpanama.esteri.it\/wp-content\/uploads\/2024\/08\/modulo_epr_richiesta_di_certificati.pdf\">Formulario<\/a> debidamente completado (se firmar\u00e1 ante un funcionario);<br \/>\nb). Copia del documento de reconocimiento italiano v\u00e1lido;<br \/>\nc). pago del art. <strong>4A<\/strong>.\u00a0<em>certificato di cittadinanza<\/em>, por el valor indicado en la\u00a0Tabla de <a href=\"https:\/\/ambpanama.esteri.it\/es\/servizi-consolari-e-visti\/servizi-per-il-cittadino-italiano\/diritti-consolari\/\">Derechos Consulares<\/a>\u00a0en efectivo a pagar el mismo d\u00eda de la cita en la ventanilla.<\/p>\n<p style=\"text-align: justify;\">Posteriormente, se efectuaron los controles necesarios, la Embajada emitir\u00e1 el certificado requerido que ser\u00e1 entregado directamente en el mostrador el mismo d\u00eda de la cita o en otras instancias el solicitante ser\u00e1 notificado para recogerlo en la Embajada en otro d\u00eda.<\/p>\n<p style=\"text-align: justify;\"><strong>Certificado de Inscripcion en la Oficina Consular<\/strong><\/p>\n<p style=\"text-align: justify;\">Los ciudadanos italianos, inscritos en el AIRE en Panam\u00e1, pueden solicitar en la Embajada de Italia en Panam\u00e1 NO el certificado de residencia sino el Certificado de inscripcion en esta oficina consular (solo\/familiar) solicitando cita para \u00abServicios Consulares\u00bb a trav\u00e9s de\u00a0<a href=\"https:\/\/prenotami.esteri.it\/\/\">https:\/\/prenotami.esteri.it\/\/<\/a>\u00a0\u00a0y el d\u00eda de la cita deber\u00e1n presentar:<\/p>\n<p style=\"text-align: justify; padding-left: 40px;\">a). El <a href=\"https:\/\/ambpanama.esteri.it\/wp-content\/uploads\/2024\/08\/modulo_epr_richiesta_di_certificati.pdf\">Formulario<\/a> debidamente completado (se firmar\u00e1 ante un funcionario);<br \/>\nb). Copia del documento de reconocimiento italiano v\u00e1lido;\u00a0 \u00a0 \u00a0 \u00a0 \u00a0 \u00a0 \u00a0 \u00a0 \u00a0 \u00a0 \u00a0 \u00a0 \u00a0 \u00a0 \u00a0 \u00a0 \u00a0 \u00a0 \u00a0 \u00a0 \u00a0 \u00a0 \u00a0 \u00a0 \u00a0 \u00a0 \u00a0 \u00a0 \u00a0 \u00a0 \u00a0 \u00a0 \u00a0 \u00a0 \u00a0 \u00a0 c). pago del art. <strong>68<\/strong>, por el valor indicado en la\u00a0Tabla de <a href=\"https:\/\/ambpanama.esteri.it\/es\/servizi-consolari-e-visti\/servizi-per-il-cittadino-italiano\/diritti-consolari\/\">Derechos Consulares<\/a>\u00a0en efectivo a pagar el mismo d\u00eda de la cita en la ventanilla.<\/p>\n<p style=\"text-align: justify;\">Posteriormente, se efectuaron los controles necesarios, la Embajada emitir\u00e1 el certificado requerido que ser\u00e1 entregado directamente en el mostrador el mismo d\u00eda de la cita o en otras instancias el solicitante ser\u00e1 notificado para recogerlo en la Embajada en otro d\u00eda.<\/p>\n","protected":false},"excerpt":{"rendered":"Los ciudadanos italianos inscritos en AIRE en Panam\u00e1 pueden solicitar el Certificado de Ciudadan\u00eda. Present\u00e1ndose personalmente en la Embajada de Italia en Panam\u00e1, reservando una cita para \u00abServicios consulares\u00bb a trav\u00e9s del portal Prenota@mi. y el d\u00eda de la cita deber\u00e1n presentar: a). El Formulario debidamente completado (se firmar\u00e1 ante un funcionario); b). Copia del [&hellip;]","protected":false},"author":4,"featured_media":0,"parent":173,"menu_order":4,"comment_status":"closed","ping_status":"closed","template":"","meta":{"footnotes":""},"class_list":["post-1007","page","type-page","status-publish","hentry"],"_links":{"self":[{"href":"https:\/\/ambpanama.esteri.it\/es\/wp-json\/wp\/v2\/pages\/1007","targetHints":{"allow":["GET"]}}],"collection":[{"href":"https:\/\/ambpanama.esteri.it\/es\/wp-json\/wp\/v2\/pages"}],"about":[{"href":"https:\/\/ambpanama.esteri.it\/es\/wp-json\/wp\/v2\/types\/page"}],"author":[{"embeddable":true,"href":"https:\/\/ambpanama.esteri.it\/es\/wp-json\/wp\/v2\/users\/4"}],"replies":[{"embeddable":true,"href":"https:\/\/ambpanama.esteri.it\/es\/wp-json\/wp\/v2\/comments?post=1007"}],"version-history":[{"count":6,"href":"https:\/\/ambpanama.esteri.it\/es\/wp-json\/wp\/v2\/pages\/1007\/revisions"}],"predecessor-version":[{"id":8266,"href":"https:\/\/ambpanama.esteri.it\/es\/wp-json\/wp\/v2\/pages\/1007\/revisions\/8266"}],"up":[{"embeddable":true,"href":"https:\/\/ambpanama.esteri.it\/es\/wp-json\/wp\/v2\/pages\/173"}],"wp:attachment":[{"href":"https:\/\/ambpanama.esteri.it\/es\/wp-json\/wp\/v2\/media?parent=1007"}],"curies":[{"name":"wp","href":"https:\/\/api.w.org\/{rel}","templated":true}]}}