{"id":1010,"date":"2023-11-01T15:34:04","date_gmt":"2023-11-01T20:34:04","guid":{"rendered":"https:\/\/ambpanama.esteri.it\/servizi-consolari-e-visti\/servizi-per-il-cittadino-italiano\/stato-civile\/certificato-di-cittadinanza-2\/"},"modified":"2024-12-10T14:01:45","modified_gmt":"2024-12-10T19:01:45","slug":"certificato-di-cittadinanza-2","status":"publish","type":"page","link":"https:\/\/ambpanama.esteri.it\/es\/servizi-consolari-e-visti\/servizi-per-il-cittadino-italiano\/stato-civile\/certificato-di-cittadinanza-2\/","title":{"rendered":"Certificado di solteria"},"content":{"rendered":"<p style=\"text-align: justify;\">Los ciudadanos italianos inscritos al <strong>AIRE<\/strong> en Panama, pueden solicitar en la Embajada de Italia en Panama el Certificado de Solter\u00eda, reservando una cita para \u00abServicios Consulares\u00bb a trav\u00e9s de\u00a0<a href=\"https:\/\/prenotami.esteri.it\/\">https:\/\/prenotami.esteri.it\/<\/a>\u00a0y el d\u00eda de la cita tendr\u00e1n que presentar:<\/p>\n<p style=\"text-align: justify; padding-left: 40px;\">a). El <a href=\"https:\/\/ambpanama.esteri.it\/wp-content\/uploads\/2024\/08\/modulo_epr_richiesta_di_certificati.pdf\">Formulario<\/a> debidamente diligenciado y firmado;<\/p>\n<p style=\"text-align: justify; padding-left: 40px;\">b). <a href=\"https:\/\/ambpanama.esteri.it\/wp-content\/uploads\/2023\/11\/dichiarazione_atto_notorieta.pdf\">Autodeclaraci\u00f3n<\/a>, diligenciada y firmada, en la que el solicitante declare su estado civil;<\/p>\n<p style=\"text-align: justify; padding-left: 40px;\">c). Copia del documento de identificaci\u00f3n italiano v\u00e1lido;<\/p>\n<p style=\"text-align: justify; padding-left: 40px;\">d). Pago en efectivo del art. 2B por el valor reportado en la Tabla de <a href=\"https:\/\/ambpanama.esteri.it\/es\/servizi-consolari-e-visti\/servizi-per-il-cittadino-italiano\/diritti-consolari\/\">tarifas consulares;<\/a><\/p>\n<p style=\"text-align: justify;\">Despu\u00e9s de que hayan sido efectuados los controles necesarios, la Embajada emitir\u00e1 el certificado solicitado y dar\u00e1 aviso al solicitante para que pueda retirarlo en la Embajada o en el Consulado Honorario indicado en el momento de la cita.<\/p>\n","protected":false},"excerpt":{"rendered":"Los ciudadanos italianos inscritos al AIRE en Panama, pueden solicitar en la Embajada de Italia en Panama el Certificado de Solter\u00eda, reservando una cita para \u00abServicios Consulares\u00bb a trav\u00e9s de\u00a0https:\/\/prenotami.esteri.it\/\u00a0y el d\u00eda de la cita tendr\u00e1n que presentar: a). El Formulario debidamente diligenciado y firmado; b). Autodeclaraci\u00f3n, diligenciada y firmada, en la que el solicitante [&hellip;]","protected":false},"author":4,"featured_media":0,"parent":173,"menu_order":5,"comment_status":"closed","ping_status":"closed","template":"","meta":{"footnotes":""},"class_list":["post-1010","page","type-page","status-publish","hentry"],"_links":{"self":[{"href":"https:\/\/ambpanama.esteri.it\/es\/wp-json\/wp\/v2\/pages\/1010","targetHints":{"allow":["GET"]}}],"collection":[{"href":"https:\/\/ambpanama.esteri.it\/es\/wp-json\/wp\/v2\/pages"}],"about":[{"href":"https:\/\/ambpanama.esteri.it\/es\/wp-json\/wp\/v2\/types\/page"}],"author":[{"embeddable":true,"href":"https:\/\/ambpanama.esteri.it\/es\/wp-json\/wp\/v2\/users\/4"}],"replies":[{"embeddable":true,"href":"https:\/\/ambpanama.esteri.it\/es\/wp-json\/wp\/v2\/comments?post=1010"}],"version-history":[{"count":6,"href":"https:\/\/ambpanama.esteri.it\/es\/wp-json\/wp\/v2\/pages\/1010\/revisions"}],"predecessor-version":[{"id":7064,"href":"https:\/\/ambpanama.esteri.it\/es\/wp-json\/wp\/v2\/pages\/1010\/revisions\/7064"}],"up":[{"embeddable":true,"href":"https:\/\/ambpanama.esteri.it\/es\/wp-json\/wp\/v2\/pages\/173"}],"wp:attachment":[{"href":"https:\/\/ambpanama.esteri.it\/es\/wp-json\/wp\/v2\/media?parent=1010"}],"curies":[{"name":"wp","href":"https:\/\/api.w.org\/{rel}","templated":true}]}}