{"id":1016,"date":"2023-11-01T15:50:11","date_gmt":"2023-11-01T20:50:11","guid":{"rendered":"https:\/\/ambpanama.esteri.it\/servizi-consolari-e-visti\/servizi-per-il-cittadino-italiano\/stato-civile\/modifica-del-nome-o-del-cognome\/"},"modified":"2024-09-18T13:54:25","modified_gmt":"2024-09-18T18:54:25","slug":"modifica-del-nome-o-del-cognome","status":"publish","type":"page","link":"https:\/\/ambpanama.esteri.it\/es\/servizi-consolari-e-visti\/servizi-per-il-cittadino-italiano\/stato-civile\/modifica-del-nome-o-del-cognome\/","title":{"rendered":"Cambio del nombre o apellido"},"content":{"rendered":"<p><strong>Cambio del nombre o apellido<\/strong><\/p>\n<p style=\"text-align: justify;\">Basado en los art\u00edculos 84 y siguientes del Decreto Presidencial 396 del 3.11.2000, para cambiar su nombre o apellido, la persona interesada debe enviar una solicitud motivada a la Prefectura del lugar de la \u00faltima residencia (o correspondiente al registro de la Municipalidad de AIRE). La solicitud puede ser enviada a la Prefectura directamente por la parte interesada o por medio de la Embajada, presentando personalmente con cita previa.<\/p>\n<p id=\"tw-target-text\" class=\"tw-data-text tw-text-large tw-ta\" dir=\"ltr\" style=\"text-align: justify;\" data-placeholder=\"Traduzione\"><span class=\"Y2IQFc\" lang=\"es\">Para obtener el reconocimiento en el sistema legal italiano de los cambios y modificaciones de nombre o apellido realizados en el Pa\u00eds de origen, es necesario enviar (directamente o a trav\u00e9s de la Embajada previa cita por servicios consulares a travez del sistema <a href=\"http:\/\/www.prenotami.esteri.it\">Prenot@mi<\/a>) al Prefecto competente en Italia, la Solicitud motivada de cambio o modificaci\u00f3n de su nombre o apellido:<\/span><\/p>\n<ul style=\"text-align: justify;\">\n<li><a href=\"https:\/\/ambpanama.esteri.it\/wp-content\/uploads\/2024\/03\/ist-nc-maggiore.pdf\">solicitud de cambio\/variaci\u00f3n de nombre o apellido para mayores de edad<\/a> ;<\/li>\n<li><a href=\"https:\/\/ambpanama.esteri.it\/wp-content\/uploads\/2024\/03\/ist-nc-minor.pdf\">solicitud de cambio\/variaci\u00f3n de nombre o apellido para menores de edad<\/a>.<\/li>\n<\/ul>\n<p style=\"text-align: justify;\">Anexar a la solicitud:<\/p>\n<div id=\"tw-target-text-container\" class=\"tw-ta-container F0azHf tw-nfl\" style=\"text-align: justify;\" tabindex=\"0\">\n<ul>\n<li id=\"tw-target-text\" class=\"tw-data-text tw-text-large tw-ta\" dir=\"ltr\" data-placeholder=\"Traduzione\"><span class=\"Y2IQFc\" lang=\"es\"><a href=\"https:\/\/ambpanama.esteri.it\/wp-content\/uploads\/2024\/03\/dichiarazione_sostitutiva_certificazione.pdf\">Autocertificaci\u00f3n<\/a> que confirma los datos personales, la ciudadan\u00eda italiana, la residencia y el estado familiar, la ausencia de cargos pendientes en Italia y el cumplimiento del procedimiento con respeto a las leyes locales;<\/span><\/li>\n<li class=\"tw-data-text tw-text-large tw-ta\" dir=\"ltr\" data-placeholder=\"Traduzione\"><span class=\"Y2IQFc\" lang=\"es\">declaraci\u00f3n de autorizaci\u00f3n (a firmar en la ventanilla) de los interesados \u200b\u200b(por ejemplo, padres, c\u00f3nyuge, hijos mayores de edad), acompa\u00f1ada por una fotocopia del documento de identidad;<\/span><\/li>\n<li class=\"tw-data-text tw-text-large tw-ta\" dir=\"ltr\" data-placeholder=\"Traduzione\"><span class=\"Y2IQFc\" lang=\"es\">copia del pasaporte o documento de identidad italiano v\u00e1lido;<\/span><\/li>\n<li class=\"tw-data-text tw-text-large tw-ta\" dir=\"ltr\" data-placeholder=\"Traduzione\"><span class=\"Y2IQFc\" lang=\"es\">documentaci\u00f3n original de cambio de nombre y\/o apellido realizado en Panama (o en el Pa\u00eds de nacimiento);<\/span><\/li>\n<li class=\"tw-data-text tw-text-large tw-ta\" dir=\"ltr\" data-placeholder=\"Traduzione\"><span class=\"Y2IQFc\" lang=\"es\">cualquier otra documentaci\u00f3n \u00fatil para sustentar los motivos de la solicitud.<\/span><\/li>\n<\/ul>\n<\/div>\n<div id=\"tw-target-rmn-container\" class=\"tw-target-rmn tw-ta-container F0azHf tw-nfl\">\n<div id=\"tw-target-text-container\" class=\"tw-ta-container F0azHf tw-nfl\" tabindex=\"0\">\n<p id=\"tw-target-text\" class=\"tw-data-text tw-text-large tw-ta\" dir=\"ltr\" style=\"text-align: justify;\" data-placeholder=\"Traduzione\"><span class=\"Y2IQFc\" lang=\"es\">El solicitante recibir\u00e1 por parte del Prefecto, a trav\u00e9s de la Embajada, el decreto que autorice la publicaci\u00f3n del cambio o modificaci\u00f3n de nombre o apellido. Si la solicitud ha sido remitida directamente por el interesado, la Embajada recibe copia de la misma por parte de la Prefectura.<\/span><\/p>\n<p class=\"tw-data-text tw-text-large tw-ta\" dir=\"ltr\" style=\"text-align: justify;\" data-placeholder=\"Traduzione\"><span class=\"Y2IQFc\" lang=\"es\">Posteriormente, la Embajada de Italia publica el decreto durante treinta d\u00edas en el Registro Consular para permitir cualquier objeci\u00f3n al mismo.<\/span><\/p>\n<p class=\"tw-data-text tw-text-large tw-ta\" dir=\"ltr\" style=\"text-align: justify;\" data-placeholder=\"Traduzione\"><span class=\"Y2IQFc\" lang=\"es\">Al final del periodo de publicaci\u00f3n, la Embajada de Italia, bajo petici\u00f3n del interesado, devuelve al Prefecto una copia del decreto antes mencionado con un informe que acredite la publicaci\u00f3n de los treinta d\u00edas.<\/span><\/p>\n<p class=\"tw-data-text tw-text-large tw-ta\" dir=\"ltr\" style=\"text-align: justify;\" data-placeholder=\"Traduzione\"><span class=\"Y2IQFc\" lang=\"es\">El interesado recibir\u00e1 entonces, nuevamente a trav\u00e9s de la Embajada, el decreto que autoriza al cambio o modificaci\u00f3n del nombre o apellido, que a su vez ser\u00e1 inscrito en el Registro Consular por treinta d\u00edas.<\/span><\/p>\n<p class=\"tw-data-text tw-text-large tw-ta\" dir=\"ltr\" style=\"text-align: justify;\" data-placeholder=\"Traduzione\"><span class=\"Y2IQFc\" lang=\"es\">Despu\u00e9s de este plazo, a petici\u00f3n del interesado, la Alcald\u00eda italiana, que por parte de la Embajada recibir\u00e1 el documento, proceder\u00e1 a la transcripci\u00f3n de la disposici\u00f3n en los registros civiles, notificandolo a la Embajada.<\/span><\/p>\n<\/div>\n<\/div>\n","protected":false},"excerpt":{"rendered":"Cambio del nombre o apellido Basado en los art\u00edculos 84 y siguientes del Decreto Presidencial 396 del 3.11.2000, para cambiar su nombre o apellido, la persona interesada debe enviar una solicitud motivada a la Prefectura del lugar de la \u00faltima residencia (o correspondiente al registro de la Municipalidad de AIRE). La solicitud puede ser enviada [&hellip;]","protected":false},"author":4,"featured_media":0,"parent":173,"menu_order":7,"comment_status":"closed","ping_status":"closed","template":"","meta":{"footnotes":""},"class_list":["post-1016","page","type-page","status-publish","hentry"],"_links":{"self":[{"href":"https:\/\/ambpanama.esteri.it\/es\/wp-json\/wp\/v2\/pages\/1016","targetHints":{"allow":["GET"]}}],"collection":[{"href":"https:\/\/ambpanama.esteri.it\/es\/wp-json\/wp\/v2\/pages"}],"about":[{"href":"https:\/\/ambpanama.esteri.it\/es\/wp-json\/wp\/v2\/types\/page"}],"author":[{"embeddable":true,"href":"https:\/\/ambpanama.esteri.it\/es\/wp-json\/wp\/v2\/users\/4"}],"replies":[{"embeddable":true,"href":"https:\/\/ambpanama.esteri.it\/es\/wp-json\/wp\/v2\/comments?post=1016"}],"version-history":[{"count":6,"href":"https:\/\/ambpanama.esteri.it\/es\/wp-json\/wp\/v2\/pages\/1016\/revisions"}],"predecessor-version":[{"id":6281,"href":"https:\/\/ambpanama.esteri.it\/es\/wp-json\/wp\/v2\/pages\/1016\/revisions\/6281"}],"up":[{"embeddable":true,"href":"https:\/\/ambpanama.esteri.it\/es\/wp-json\/wp\/v2\/pages\/173"}],"wp:attachment":[{"href":"https:\/\/ambpanama.esteri.it\/es\/wp-json\/wp\/v2\/media?parent=1016"}],"curies":[{"name":"wp","href":"https:\/\/api.w.org\/{rel}","templated":true}]}}