{"id":1021,"date":"2023-11-10T14:16:32","date_gmt":"2023-11-10T19:16:32","guid":{"rendered":"https:\/\/ambpanama.esteri.it\/servizi-consolari-e-visti\/servizi-per-il-cittadino-italiano\/stato-civile\/adozioni-nazionali-e-internazionali\/"},"modified":"2024-09-18T13:55:41","modified_gmt":"2024-09-18T18:55:41","slug":"adozioni-nazionali-e-internazionali","status":"publish","type":"page","link":"https:\/\/ambpanama.esteri.it\/es\/servizi-consolari-e-visti\/servizi-per-il-cittadino-italiano\/stato-civile\/adozioni-nazionali-e-internazionali\/","title":{"rendered":"Adopci\u00f3n Nacional e Internacional"},"content":{"rendered":"<p style=\"text-align: justify;\">En caso que un ciudadano italiano inscrito en el A.I.R.E. quiera solicitar a la Embajada la transcripci\u00f3n de la sentencia de adopci\u00f3n nacional o internacional de un menor de edad ante el Tribunal italiano de Menores competente, deber\u00e1 tomar una cita de \u00abServicios Consulares\u00bb en la plataforma\u00a0<a href=\"https:\/\/prenotami.esteri.it\/\">Prenot@m<\/a>i y enviar la siguiente documentaci\u00f3n:<\/p>\n<ol>\n<li style=\"text-align: justify;\"><a href=\"https:\/\/ambpanama.esteri.it\/wp-content\/uploads\/2023\/11\/istanza_trascrizione_sentenza_adozione_minore_ambpanama.pdf\">Modulo<\/a> de solicitud de transcripci\u00f3n de la sentencia de adopci\u00f3n;<\/li>\n<li style=\"text-align: justify;\"><a href=\"https:\/\/ambpanama.esteri.it\/wp-content\/uploads\/2024\/08\/NASCITA-MODULO.pdf\">Formulario<\/a> de solicitud de transcripci\u00f3n del acto de nacimiento<\/li>\n<li style=\"text-align: justify;\">Primer registro civil de nacimiento del menor (expedida al momento del nacimiento con los apellidos de los padres biol\u00f3gicos); apostillado, traducido con apostilla de la firma del traductor;<\/li>\n<li style=\"text-align: justify;\">Resoluci\u00f3n de adoptabilidad; apostillado, traducido con apostilla de la firma del traductor;<\/li>\n<li style=\"text-align: justify;\">Sentencia de adopci\u00f3n con declaraci\u00f3n de \u00absentencia con firmas\u00bb; apostillado, traducido con apostilla de la firma del traductor;<\/li>\n<li style=\"text-align: justify;\">Nuevo registro civil de nacimiento (expedida tras la adopci\u00f3n con los nuevos apellidos). apostillado, traducido con apostilla de la firma del traductor.<\/li>\n<\/ol>\n","protected":false},"excerpt":{"rendered":"En caso que un ciudadano italiano inscrito en el A.I.R.E. quiera solicitar a la Embajada la transcripci\u00f3n de la sentencia de adopci\u00f3n nacional o internacional de un menor de edad ante el Tribunal italiano de Menores competente, deber\u00e1 tomar una cita de \u00abServicios Consulares\u00bb en la plataforma\u00a0Prenot@mi y enviar la siguiente documentaci\u00f3n: Modulo de solicitud [&hellip;]","protected":false},"author":4,"featured_media":0,"parent":173,"menu_order":9,"comment_status":"closed","ping_status":"closed","template":"","meta":{"footnotes":""},"class_list":["post-1021","page","type-page","status-publish","hentry"],"_links":{"self":[{"href":"https:\/\/ambpanama.esteri.it\/es\/wp-json\/wp\/v2\/pages\/1021","targetHints":{"allow":["GET"]}}],"collection":[{"href":"https:\/\/ambpanama.esteri.it\/es\/wp-json\/wp\/v2\/pages"}],"about":[{"href":"https:\/\/ambpanama.esteri.it\/es\/wp-json\/wp\/v2\/types\/page"}],"author":[{"embeddable":true,"href":"https:\/\/ambpanama.esteri.it\/es\/wp-json\/wp\/v2\/users\/4"}],"replies":[{"embeddable":true,"href":"https:\/\/ambpanama.esteri.it\/es\/wp-json\/wp\/v2\/comments?post=1021"}],"version-history":[{"count":6,"href":"https:\/\/ambpanama.esteri.it\/es\/wp-json\/wp\/v2\/pages\/1021\/revisions"}],"predecessor-version":[{"id":6286,"href":"https:\/\/ambpanama.esteri.it\/es\/wp-json\/wp\/v2\/pages\/1021\/revisions\/6286"}],"up":[{"embeddable":true,"href":"https:\/\/ambpanama.esteri.it\/es\/wp-json\/wp\/v2\/pages\/173"}],"wp:attachment":[{"href":"https:\/\/ambpanama.esteri.it\/es\/wp-json\/wp\/v2\/media?parent=1021"}],"curies":[{"name":"wp","href":"https:\/\/api.w.org\/{rel}","templated":true}]}}