{"id":1067,"date":"2023-11-07T11:09:43","date_gmt":"2023-11-07T16:09:43","guid":{"rendered":"https:\/\/ambpanama.esteri.it\/servizi-consolari-e-visti\/servizi-per-il-cittadino-italiano\/servizi-notarili\/apostille\/"},"modified":"2024-09-19T09:56:35","modified_gmt":"2024-09-19T14:56:35","slug":"apostille","status":"publish","type":"page","link":"https:\/\/ambpanama.esteri.it\/es\/servizi-consolari-e-visti\/servizi-per-il-cittadino-italiano\/servizi-notarili\/apostille\/","title":{"rendered":"Apostille"},"content":{"rendered":"<p style=\"text-align: justify;\">En los pa\u00edses que, como Italia y Panam\u00e1, han firmado la Convenci\u00f3n de La Haya de 5 de octubre de 1961 sobre la abolici\u00f3n de la legalizaci\u00f3n de documentos p\u00fablicos extranjeros, la necesidad de legalizar los actos y documentos expedidos por autoridades extranjeras se sustituye por otra formalidad: la colocaci\u00f3n de la \u00abpostilla\u00bb (o apostilla).<\/p>\n<p style=\"text-align: justify;\">Por lo tanto, una persona de un pa\u00eds que se ha adherido a esta Convenci\u00f3n no necesita ir a la Representaci\u00f3n Consular y solicitar la legalizaci\u00f3n, pero puede dirigirse a la autoridad interna competente designada por cada Estado &#8211; y indicada para cada pa\u00eds en el acta de adhesi\u00f3n a la misma Convenci\u00f3n (normalmente se trata del Ministerio de Asuntos Exteriores) &#8211; para obtener la apostilla sobre el documento. Al final del proceso, el documento debe ser traducido por un traductor oficial y luego apostillada la firma del traductor, as\u00ed perfeccionado, el documento es reconocido en Italia.<\/p>\n<p style=\"text-align: justify;\">La lista de las autoridades competentes para la colocaci\u00f3n de la apostilla para cada uno de los Estados arriba indicados est\u00e1 disponible en el sitio de la Conferencia de La Haya de Derecho Internacional Privado: <a href=\"http:\/\/www.hcch.net\/\">http:\/\/www.hcch.net\/<\/a>.<\/p>\n<p style=\"text-align: justify;\"><strong>La Apostilla de La Haya la realiza el Estado emisor:<\/strong><\/p>\n<ul style=\"text-align: justify;\">\n<li>En Panam\u00e1, en el Ministerio de Asuntos Exteriores de la Rep\u00fablica de Panam\u00e1.<\/li>\n<li>En Italia: para los documentos notariales, judiciales y del estado civil, dirigirse a las Oficinas Judiciales en cuya jurisdicci\u00f3n se han formado los actos que deben legalizarse; para los dem\u00e1s actos administrativos (p. ej., la firma del alcalde) dirigirse al Prefecto territorialmente competente, excepto para el Valle de Aosta (Presidente de la Regi\u00f3n) y para las provincias de Trento y Bolzano (Comisario de Gobierno).<\/li>\n<\/ul>\n<p style=\"text-align: justify;\"><strong>No es necesario traducir la Apostilla adjunta a un documento para hacer valer en Italia.<\/strong><\/p>\n","protected":false},"excerpt":{"rendered":"En los pa\u00edses que, como Italia y Panam\u00e1, han firmado la Convenci\u00f3n de La Haya de 5 de octubre de 1961 sobre la abolici\u00f3n de la legalizaci\u00f3n de documentos p\u00fablicos extranjeros, la necesidad de legalizar los actos y documentos expedidos por autoridades extranjeras se sustituye por otra formalidad: la colocaci\u00f3n de la \u00abpostilla\u00bb (o apostilla). [&hellip;]","protected":false},"author":4,"featured_media":0,"parent":176,"menu_order":0,"comment_status":"closed","ping_status":"closed","template":"","meta":{"footnotes":""},"class_list":["post-1067","page","type-page","status-publish","hentry"],"_links":{"self":[{"href":"https:\/\/ambpanama.esteri.it\/es\/wp-json\/wp\/v2\/pages\/1067","targetHints":{"allow":["GET"]}}],"collection":[{"href":"https:\/\/ambpanama.esteri.it\/es\/wp-json\/wp\/v2\/pages"}],"about":[{"href":"https:\/\/ambpanama.esteri.it\/es\/wp-json\/wp\/v2\/types\/page"}],"author":[{"embeddable":true,"href":"https:\/\/ambpanama.esteri.it\/es\/wp-json\/wp\/v2\/users\/4"}],"replies":[{"embeddable":true,"href":"https:\/\/ambpanama.esteri.it\/es\/wp-json\/wp\/v2\/comments?post=1067"}],"version-history":[{"count":6,"href":"https:\/\/ambpanama.esteri.it\/es\/wp-json\/wp\/v2\/pages\/1067\/revisions"}],"predecessor-version":[{"id":6337,"href":"https:\/\/ambpanama.esteri.it\/es\/wp-json\/wp\/v2\/pages\/1067\/revisions\/6337"}],"up":[{"embeddable":true,"href":"https:\/\/ambpanama.esteri.it\/es\/wp-json\/wp\/v2\/pages\/176"}],"wp:attachment":[{"href":"https:\/\/ambpanama.esteri.it\/es\/wp-json\/wp\/v2\/media?parent=1067"}],"curies":[{"name":"wp","href":"https:\/\/api.w.org\/{rel}","templated":true}]}}