{"id":1070,"date":"2023-11-07T11:14:08","date_gmt":"2023-11-07T16:14:08","guid":{"rendered":"https:\/\/ambpanama.esteri.it\/servizi-consolari-e-visti\/servizi-per-il-cittadino-italiano\/servizi-notarili\/procure\/"},"modified":"2024-09-19T09:58:15","modified_gmt":"2024-09-19T14:58:15","slug":"procure","status":"publish","type":"page","link":"https:\/\/ambpanama.esteri.it\/es\/servizi-consolari-e-visti\/servizi-per-il-cittadino-italiano\/servizi-notarili\/procure\/","title":{"rendered":"Poderes generales y especiales"},"content":{"rendered":"<blockquote>\n<p style=\"text-align: justify;\"><em>Para obtener una <strong>CITA<\/strong> con el fin de suscribir un poder (Especial\/General\/Aut\u00e9ntica de firma notarial), se ruega escribir a la direcci\u00f3n de correo electr\u00f3nico <a href=\"mailto:consolare.panama@esteri.it\">consolare.panama@esteri.it<\/a>\u00a0 indicando como asunto \u00ab<strong>SOLICITUD DE PODER NOTARIAL<\/strong>\u00bb y adjuntando en formato Word copia de la misma. La solicitud recibir\u00e1 una respuesta oportuna con una cita.<\/em><\/p>\n<\/blockquote>\n<p style=\"text-align: justify;\"><strong>Los servicios notariales m\u00e1s frecuentes solicitados a una Oficina consular son:<\/strong><\/p>\n<p style=\"text-align: justify;\">1. Poderes<\/p>\n<p style=\"text-align: justify;\">2. Actividades de autenticaci\u00f3n<\/p>\n<p style=\"text-align: justify;\"><strong>Te sirve un Poder?<\/strong><\/p>\n<p style=\"text-align: justify;\">El poder es un acto mediante el cual el sujeto (representado) confiere a otro sujeto (representante) la autoridad de actuar a su nombre y cuenta en el cumplimiento de actividades jur\u00eddicas cuyos efectos recaer\u00e1n directamente sobre el representado.<\/p>\n<p style=\"text-align: justify;\"><strong><span style=\"text-decoration: underline;\">Los poderes se dividen en dos categorias:<\/span><\/strong><\/p>\n<ul style=\"text-align: justify;\">\n<li><strong>Poder general : <\/strong>Con este acto el interesado entrega al representante la gesti\u00f3n de todos sus asuntos, tanto presentes como futuros. El poder general es otorgado a tiempo indeterminado y es eficaz hasta que se revoca;<\/li>\n<li><strong>Poder especial :\u00a0<\/strong>Con este acto el interesado entrega al representante la gesti\u00f3n de una parte espec\u00edfica de sus asuntos. El poder especial deja de tener eficacia en el momento en el cual el encargo en especial para cual ha sido otorgado se concluye.<\/li>\n<\/ul>\n<p style=\"text-align: justify;\">El primer inciso del art. 28 de. D.lgs. n. 71\/2011 \u201cOrdenamiento y funciones de las oficinas consulares\u201d, entrado en vigencia el 28 de mayo de 2011, prescribe que las funciones consulares en materia notarial puedan ser ejercidas exclusivamente a favor de ciudadanos italianos y ya no de los no ciudadanos, como al contrario era previsto por la precedente normativa. En especial, en el caso en que los que dan el poder (general o especial) son ciudadanos extranjeros, el Jefe de la Oficina Consular no podr\u00e1 ejercer al respecto sus competencias notariales, por este motivo los ciudadanos extranjeros que necesitan hacer un poder deber\u00e1n dirigirse a una notar\u00eda y dicho poder deber\u00e1 ser hecho por un notario el cual deber\u00e1 ser apostillado y traducido, posteriormente la firma de la traducci\u00f3n del acto ser\u00e1 legalizada por la Oficina Consular.<\/p>\n<p style=\"text-align: justify;\"><strong>Datos y documentos necesario para conferir un poder<\/strong><\/p>\n<p style=\"text-align: justify;\">Los ciudadanos italianos que requieran firmar un poder (Especial \/ General) deben escribir a <a href=\"mailto:consolare.panama@esteri.it\">consolare.panama@esteri.it<\/a> , indicando en el asunto \u00ab<strong>SOLICITUD DE PODER ESPECIAL \/ GENERAL: NOMBRES Y APELLIDOS<\/strong>\u00bb y adjuntando:<\/p>\n<ul style=\"text-align: justify;\">\n<li>Borrador del poder en formato Word;<\/li>\n<li>Copia del pasaporte de la persona representada y del documento de identidad del representante;<\/li>\n<li>El interesado deber\u00e1 acudir a la Embajada el d\u00eda de la cita con pasaporte vigente;<\/li>\n<li>Pago en efectivo de la tarifa consular del poder especial corresponde al art. <strong>18<\/strong>\u00a0y para el poder general al art.\u00a0<strong>17<\/strong>. de la tabla de <a href=\"https:\/\/ambpanama.esteri.it\/es\/servizi-consolari-e-visti\/servizi-per-il-cittadino-italiano\/diritti-consolari\/\">Derechos consulares<\/a>.<\/li>\n<\/ul>\n<p style=\"text-align: justify;\">Los ciudadanos extranjeros deben firmar un \u00abP<strong>oder especial o general<\/strong>\u00bb ante una Notar\u00eda paname\u00f1a, y apostillarlo a trav\u00e9s del sitio web del Ministerio de Relaciones Exteriores\u00a0<a href=\"https:\/\/mire.gob.pa\/ministerio\/autenticaciones-y-legalizaciones\/\">https:\/\/mire.gob.pa\/ministerio\/autenticaciones-y-legalizaciones\/<\/a>\u00a0 y mandarlo a traducir con un traductor oficial (espa\u00f1ol \u2013 italiano) y solicitar la aspotilla de la traduccion.<\/p>\n","protected":false},"excerpt":{"rendered":"Para obtener una CITA con el fin de suscribir un poder (Especial\/General\/Aut\u00e9ntica de firma notarial), se ruega escribir a la direcci\u00f3n de correo electr\u00f3nico consolare.panama@esteri.it\u00a0 indicando como asunto \u00abSOLICITUD DE PODER NOTARIAL\u00bb y adjuntando en formato Word copia de la misma. La solicitud recibir\u00e1 una respuesta oportuna con una cita. Los servicios notariales m\u00e1s frecuentes [&hellip;]","protected":false},"author":4,"featured_media":0,"parent":176,"menu_order":1,"comment_status":"closed","ping_status":"closed","template":"","meta":{"footnotes":""},"class_list":["post-1070","page","type-page","status-publish","hentry"],"_links":{"self":[{"href":"https:\/\/ambpanama.esteri.it\/es\/wp-json\/wp\/v2\/pages\/1070","targetHints":{"allow":["GET"]}}],"collection":[{"href":"https:\/\/ambpanama.esteri.it\/es\/wp-json\/wp\/v2\/pages"}],"about":[{"href":"https:\/\/ambpanama.esteri.it\/es\/wp-json\/wp\/v2\/types\/page"}],"author":[{"embeddable":true,"href":"https:\/\/ambpanama.esteri.it\/es\/wp-json\/wp\/v2\/users\/4"}],"replies":[{"embeddable":true,"href":"https:\/\/ambpanama.esteri.it\/es\/wp-json\/wp\/v2\/comments?post=1070"}],"version-history":[{"count":6,"href":"https:\/\/ambpanama.esteri.it\/es\/wp-json\/wp\/v2\/pages\/1070\/revisions"}],"predecessor-version":[{"id":6338,"href":"https:\/\/ambpanama.esteri.it\/es\/wp-json\/wp\/v2\/pages\/1070\/revisions\/6338"}],"up":[{"embeddable":true,"href":"https:\/\/ambpanama.esteri.it\/es\/wp-json\/wp\/v2\/pages\/176"}],"wp:attachment":[{"href":"https:\/\/ambpanama.esteri.it\/es\/wp-json\/wp\/v2\/media?parent=1070"}],"curies":[{"name":"wp","href":"https:\/\/api.w.org\/{rel}","templated":true}]}}