{"id":1073,"date":"2023-11-02T10:51:02","date_gmt":"2023-11-02T15:51:02","guid":{"rendered":"https:\/\/ambpanama.esteri.it\/servizi-consolari-e-visti\/servizi-per-il-cittadino-italiano\/servizi-notarili\/autocertificazione\/"},"modified":"2024-09-19T09:58:52","modified_gmt":"2024-09-19T14:58:52","slug":"autocertificazione","status":"publish","type":"page","link":"https:\/\/ambpanama.esteri.it\/es\/servizi-consolari-e-visti\/servizi-per-il-cittadino-italiano\/servizi-notarili\/autocertificazione\/","title":{"rendered":"Autocertificaci\u00f3n"},"content":{"rendered":"<p style=\"text-align: justify;\">Es una declaraci\u00f3n que el interesado redacta y firma en su propio inter\u00e9s sobre el estado personal, hechos y cualidades y que utiliza en las relaciones con la Administraci\u00f3n P\u00fablica, y con los proveedores de servicios p\u00fablicos. En la relaci\u00f3n con una entidad privada, se deja la libertad de aceptar la autocertificaci\u00f3n.<\/p>\n<p style=\"text-align: justify;\">El\u00a0<strong>1 de enero de 2012<\/strong>\u00a0entraron en vigor las nuevas disposiciones en materia de certificados y declaraciones sustitutivas, de conformidad con el art. 15 de la ley del 12 de noviembre de 2011 n. 183. Por lo tanto, a partir de esa fecha los certificados s\u00f3lo ser\u00e1n v\u00e1lidos en las relaciones entre particulares, no pudiendo\u00a0<strong>las Administraciones P\u00fablicas solicitar ni aceptar los certificados, que deber\u00e1n ser sustituidos siempre por autocertificaciones.<\/strong><\/p>\n<p style=\"text-align: justify;\">Las reglas sobre la autocertificaci\u00f3n se aplican a los ciudadanos italianos y de la Uni\u00f3n Europea (UE), as\u00ed como a los ciudadanos no pertenecientes a la UE que residen legalmente en Italia, limitadas a datos verificables o certificables en Italia por organismos p\u00fablicos.<\/p>\n<p style=\"text-align: justify;\">Las declaraciones sustitutivas conforme a los art\u00edculos 46 y 47 del Decreto Presidencial No. 445\/2000 pueden firmarse en presencia del empleado asignado o pueden presentarse o enviarse ya firmados siempre que se adjunte una fotocopia autenticada de un documento de identidad del firmante. Si las administraciones tienen dudas sobre la veracidad de las autocertificaciones, est\u00e1n obligadas a realizar las comprobaciones necesarias.<\/p>\n<p style=\"text-align: justify;\">Si se encuentran declaraciones falsas, los documentos falsos y el uso de documentos falsos son sancionados por el c\u00f3digo penal y las leyes especiales sobre la materia (art. 76 Decreto Presidencial 445\/2000). El declarante tambi\u00e9n pierde los beneficios que hubiera podido obtener gracias a medidas basadas en declaraciones falsas. Haga clic aqu\u00ed para descargar el\u00a0formulario.<\/p>\n<p style=\"text-align: justify;\"><b>a) Declaraci\u00f3n que substituye una certificaci\u00f3n (art. 46 DPR 445\/2000)<\/b><\/p>\n<p style=\"text-align: justify;\">Mediante declaraci\u00f3n se podr\u00e1n acreditar los siguientes estados:<\/p>\n<ul style=\"text-align: justify;\">\n<li>Fecha y lugar de nacimiento;<\/li>\n<li>residencia;<\/li>\n<li>ciudadan\u00eda;<\/li>\n<li>disfrute de los derechos civiles y pol\u00edticos;<\/li>\n<li>soltero, casado, viudo;<\/li>\n<li>estado familiar;<\/li>\n<li>existencia en vida;<\/li>\n<li>nacimiento de un hijo, muerte de un c\u00f3nyuge, ascendiente o descendiente;<\/li>\n<li>inscripci\u00f3n en registros, en listas de las administraciones p\u00fablicas;<\/li>\n<li>pertenencia a \u00f3rdenes profesionales;<\/li>\n<li>calificaci\u00f3n educativa, ex\u00e1menes aprobados;<\/li>\n<li>t\u00edtulo profesional pose\u00eddo, t\u00edtulo de especializaci\u00f3n, habilitaci\u00f3n, formaci\u00f3n, actualizaci\u00f3n y cualificaci\u00f3n t\u00e9cnica;<\/li>\n<li>ingresos o situaci\u00f3n econ\u00f3mica tambi\u00e9n para el otorgamiento de beneficios de cualquier clase previstos por leyes especiales;<\/li>\n<li>cumplimiento de obligaciones espec\u00edficas de cotizaci\u00f3n con indicaci\u00f3n del monto pagado;<\/li>\n<li>posesi\u00f3n y n\u00famero del c\u00f3digo tributario (codice fiscale), n\u00famero de IVA y cualquier dato presente en el archivo del registro tributario;<\/li>\n<li>estado de desempleo;<\/li>\n<li>calidad del pensionado y categor\u00eda de la pensi\u00f3n;<\/li>\n<li>calidad del estudiante;<\/li>\n<li>calidad de representante legal de personas naturales o jur\u00eddicas, tutor, curador y similares;<\/li>\n<li>registro en asociaciones o formaciones sociales de cualquier tipo;<\/li>\n<li>todas las situaciones relativas al cumplimiento de las obligaciones militares, incluidas las certificadas en la hoja de servicio;<\/li>\n<li>no haber recibido condenas penales y no ser destinatario de medidas relativas a la aplicaci\u00f3n de medidas cautelares, decisiones civiles y medidas administrativas inscritas en el registro de antecedentes penales conforme a la legislaci\u00f3n vigente;<\/li>\n<li>que no tiene conocimiento de que est\u00e1 siendo objeto de un proceso penal;<\/li>\n<li>calidad de vida dependiente;<\/li>\n<li>todos los datos directamente conocidos por el interesado contenidos en la Registradur\u00eda;<\/li>\n<li>que no se encuentren en estado de liquidaci\u00f3n o quiebra y que no hayan presentado solicitud de concurso de acreedores.<\/li>\n<\/ul>\n<p style=\"text-align: justify;\">El ciudadano no debe pagar impuesto de \u00abbollo\u00bb cuando el uso de la escritura est\u00e9 exento, por ley, del mismo.<\/p>\n<p style=\"text-align: justify;\">Las solicitudes y declaraciones a presentar ante la Administraci\u00f3n P\u00fablica tambi\u00e9n pueden enviarse por fax y por v\u00eda electr\u00f3nica.<\/p>\n<p style=\"text-align: justify;\"><strong>b) Declaraci\u00f3n que substituye una declaraci\u00f3n extrajuicio (art. 47 DPR 445\/2000)<\/strong><\/p>\n<p style=\"text-align: justify;\">Los interesados \u200b\u200bpueden acudir a la declaraci\u00f3n que sustituye una declaraci\u00f3n extrajuicio para todos los estados, hechos y cualidades personales de que tengan conocimiento directo.<\/p>\n<p style=\"text-align: justify;\">Esta declaraci\u00f3n tambi\u00e9n podr\u00e1 referirse a circunstancias relativas a otras materias, de las que el declarante tenga conocimiento directo, as\u00ed como a la conformidad con el original de copias de escrituras o documentos conservados o expedidos por una administraci\u00f3n p\u00fablica, copias de publicaciones, copias de t\u00edtulos acad\u00e9micos o de servicio, o copias de documentos fiscales que deban ser conservados por particulares.<\/p>\n<p style=\"text-align: justify;\"><strong>En ning\u00fan caso se permite la posibilidad de utilizar la autocertificaci\u00f3n para los certificados:<\/strong><\/p>\n<ul>\n<li style=\"text-align: justify;\">m\u00e9dicos;<\/li>\n<li style=\"text-align: justify;\">sanitarios;<\/li>\n<li style=\"text-align: justify;\">veterinarios;<\/li>\n<li style=\"text-align: justify;\">de origen;<\/li>\n<li style=\"text-align: justify;\">de conformidad CE;<\/li>\n<li style=\"text-align: justify;\">marcas registradas o patentes.<\/li>\n<\/ul>\n","protected":false},"excerpt":{"rendered":"Es una declaraci\u00f3n que el interesado redacta y firma en su propio inter\u00e9s sobre el estado personal, hechos y cualidades y que utiliza en las relaciones con la Administraci\u00f3n P\u00fablica, y con los proveedores de servicios p\u00fablicos. En la relaci\u00f3n con una entidad privada, se deja la libertad de aceptar la autocertificaci\u00f3n. El\u00a01 de enero [&hellip;]","protected":false},"author":4,"featured_media":0,"parent":176,"menu_order":2,"comment_status":"closed","ping_status":"closed","template":"","meta":{"footnotes":""},"class_list":["post-1073","page","type-page","status-publish","hentry"],"_links":{"self":[{"href":"https:\/\/ambpanama.esteri.it\/es\/wp-json\/wp\/v2\/pages\/1073","targetHints":{"allow":["GET"]}}],"collection":[{"href":"https:\/\/ambpanama.esteri.it\/es\/wp-json\/wp\/v2\/pages"}],"about":[{"href":"https:\/\/ambpanama.esteri.it\/es\/wp-json\/wp\/v2\/types\/page"}],"author":[{"embeddable":true,"href":"https:\/\/ambpanama.esteri.it\/es\/wp-json\/wp\/v2\/users\/4"}],"replies":[{"embeddable":true,"href":"https:\/\/ambpanama.esteri.it\/es\/wp-json\/wp\/v2\/comments?post=1073"}],"version-history":[{"count":3,"href":"https:\/\/ambpanama.esteri.it\/es\/wp-json\/wp\/v2\/pages\/1073\/revisions"}],"predecessor-version":[{"id":6340,"href":"https:\/\/ambpanama.esteri.it\/es\/wp-json\/wp\/v2\/pages\/1073\/revisions\/6340"}],"up":[{"embeddable":true,"href":"https:\/\/ambpanama.esteri.it\/es\/wp-json\/wp\/v2\/pages\/176"}],"wp:attachment":[{"href":"https:\/\/ambpanama.esteri.it\/es\/wp-json\/wp\/v2\/media?parent=1073"}],"curies":[{"name":"wp","href":"https:\/\/api.w.org\/{rel}","templated":true}]}}