{"id":1079,"date":"2023-11-07T11:16:21","date_gmt":"2023-11-07T16:16:21","guid":{"rendered":"https:\/\/ambpanama.esteri.it\/servizi-consolari-e-visti\/servizi-per-il-cittadino-italiano\/servizi-notarili\/attivita-di-autenticazione\/"},"modified":"2024-09-19T09:59:19","modified_gmt":"2024-09-19T14:59:19","slug":"attivita-di-autenticazione","status":"publish","type":"page","link":"https:\/\/ambpanama.esteri.it\/es\/servizi-consolari-e-visti\/servizi-per-il-cittadino-italiano\/servizi-notarili\/attivita-di-autenticazione\/","title":{"rendered":"Actividad de autocertificacion"},"content":{"rendered":"<p>Se trata, en particular, de:<\/p>\n<ul>\n<li style=\"text-align: justify;\"><strong>Certificado de firma<\/strong>: El aut\u00e9ntico notario de firma (ex art. 1 Ley notarial) puede ser efectuado, seg\u00fan el art. 28 del D. Lgs. n. 71\/2011, solo en favor de ciudadanos italianos. El concepto general de suscripci\u00f3n autenticada est\u00e1 dado por el art. 2703, apartado 2, del C\u00f3digo Civil: \u00abla autenticaci\u00f3n consiste en la certificaci\u00f3n por parte del funcionario p\u00fablico de que la suscripci\u00f3n se ha colocado en su presencia. El funcionario p\u00fablico debe verificar previamente la identidad de la persona que suscribe\u00bb. De acuerdo con el art. 2702 c.c., el certificado de firma no confiere ning\u00fan car\u00e1cter de autenticidad a la sustancia del acto, sino que prueba, hasta la demanda de falsificaci\u00f3n, de su procedencia.<\/li>\n<\/ul>\n<p style=\"text-align: justify;\">Para proceder a la autenticaci\u00f3n de la firma, es necesario presentarse personalmente ante la Oficina Notarial, previa cita solicitada por correo electr\u00f3nico <a href=\"mailto:consolare.panama@esteri.it\">consolare.panama@esteri.it<\/a> indicando en el asunto \u00ab<strong>SOLICITUD DE AUTENTICACI\u00d3N DE FIRMA<\/strong>\u00bb con un documento de identificaci\u00f3n italiano y su propio c\u00f3digo fiscal; Coste de la autenticaci\u00f3n de firma: art. 26 de la tabla de <a href=\"https:\/\/ambpanama.esteri.it\/es\/servizi-consolari-e-visti\/servizi-per-il-cittadino-italiano\/diritti-consolari\/\">derechos consulares<\/a>.<\/p>\n<p style=\"text-align: justify;\"><strong>AUTENTICACI\u00d3N ADMINISTRATIVA DE FIRMA:<\/strong><\/p>\n<p style=\"text-align: justify;\">El D.P.R. 28 de diciembre de 2000, n. 445 dispone que, para los ciudadanos italianos o de la Uni\u00f3n Europea y los extranjeros que residen legalmente en Italia (art. 3), la suscripci\u00f3n de solicitudes o declaraciones que deban presentarse a la Administraci\u00f3n P\u00fablica o a los operadores de servicios p\u00fablicos ya no debe estar certificada, sino que es suficiente con adjuntar una copia de un documento de identidad v\u00e1lido del suscriptor. La aut\u00e9ntica sigue siendo necesaria, incluso para los mismos sujetos ex art. Por ejemplo, en el caso de una solicitud presentada a particulares o para la percepci\u00f3n de beneficios econ\u00f3micos por terceros (por ejemplo, en el caso de una delegaci\u00f3n para la retirada de pensiones, cambio de propiedad de veh\u00edculos, apertura de una cuenta bancaria, etc.). Para los extranjeros que no residen legalmente en Italia y no son ciudadanos de la Uni\u00f3n Europea, la aut\u00e9ntica administraci\u00f3n es siempre necesaria.<\/p>\n<p style=\"text-align: justify;\">Diferencias entre la autenticaci\u00f3n notarial y la autenticaci\u00f3n administrativa..<\/p>\n<ul style=\"text-align: justify;\">\n<li>La autenticaci\u00f3n administrativa se caracteriza por la pluralidad de sujetos legitimados para la autentificaci\u00f3n (indicados en el art. 21 D.P.R. 445\/2000: notario, canciller, secretario municipal, funcionario encargado de recibir la documentaci\u00f3n u otro funcionario encargado por el Alcalde)que constituye una excepci\u00f3n al principio general de la competencia notarial.<\/li>\n<li>La aut\u00e9ntica administraci\u00f3n se limita a documentar una situaci\u00f3n jur\u00eddica o f\u00e1ctica, sin constituirla o modificarla, a reproducir informaciones procedentes de otros actos ya documentados y no tiene un efecto jur\u00eddico distinto y aut\u00f3nomo.<\/li>\n<li>En el documento notarial, adem\u00e1s, el funcionario no se limita a certificar que la firma en el documento ha sido colocada en su presencia, sino que comprueba que el contenido del documento es conforme a la ley, al orden p\u00fablico y a las buenas costumbres.<\/li>\n<\/ul>\n<p style=\"text-align: justify;\"><strong>Certificado de fotograf\u00eda<\/strong>: Consiste en la certificaci\u00f3n de que una imagen fotogr\u00e1fica corresponde a la persona del interesado.<\/p>\n<p style=\"text-align: justify;\">El solicitante deber\u00e1 presentarse en la oficina consular previa cita solicitada en el siguiente correo <a href=\"mailto:consolare.panama@esteri.it\">consolare.panama@esteri.it<\/a> indicando en el asunto \u00ab<strong>SOLICITUD DE AUTENTICACI\u00d3N DE FOTOGRAF\u00cdA<\/strong>\u00bb &#8211; provisto de un documento de reconocimiento v\u00e1lido y del documento o fotograf\u00eda que deba autenticarse. La actividad de autenticaci\u00f3n est\u00e1 sujeta al pago de las tasas establecidas en la Tarifa Consular actualmente vigente.<\/p>\n<p style=\"text-align: justify;\"><strong>Coste<\/strong>: de la autenticaci\u00f3n de la fotograf\u00eda: art. 26 de la tabla de <a href=\"https:\/\/ambpanama.esteri.it\/es\/servizi-consolari-e-visti\/servizi-per-il-cittadino-italiano\/diritti-consolari\/\">derechos consulares<\/a>.<\/p>\n","protected":false},"excerpt":{"rendered":"Se trata, en particular, de: Certificado de firma: El aut\u00e9ntico notario de firma (ex art. 1 Ley notarial) puede ser efectuado, seg\u00fan el art. 28 del D. Lgs. n. 71\/2011, solo en favor de ciudadanos italianos. El concepto general de suscripci\u00f3n autenticada est\u00e1 dado por el art. 2703, apartado 2, del C\u00f3digo Civil: \u00abla autenticaci\u00f3n [&hellip;]","protected":false},"author":4,"featured_media":0,"parent":176,"menu_order":4,"comment_status":"closed","ping_status":"closed","template":"","meta":{"footnotes":""},"class_list":["post-1079","page","type-page","status-publish","hentry"],"_links":{"self":[{"href":"https:\/\/ambpanama.esteri.it\/es\/wp-json\/wp\/v2\/pages\/1079","targetHints":{"allow":["GET"]}}],"collection":[{"href":"https:\/\/ambpanama.esteri.it\/es\/wp-json\/wp\/v2\/pages"}],"about":[{"href":"https:\/\/ambpanama.esteri.it\/es\/wp-json\/wp\/v2\/types\/page"}],"author":[{"embeddable":true,"href":"https:\/\/ambpanama.esteri.it\/es\/wp-json\/wp\/v2\/users\/4"}],"replies":[{"embeddable":true,"href":"https:\/\/ambpanama.esteri.it\/es\/wp-json\/wp\/v2\/comments?post=1079"}],"version-history":[{"count":6,"href":"https:\/\/ambpanama.esteri.it\/es\/wp-json\/wp\/v2\/pages\/1079\/revisions"}],"predecessor-version":[{"id":6341,"href":"https:\/\/ambpanama.esteri.it\/es\/wp-json\/wp\/v2\/pages\/1079\/revisions\/6341"}],"up":[{"embeddable":true,"href":"https:\/\/ambpanama.esteri.it\/es\/wp-json\/wp\/v2\/pages\/176"}],"wp:attachment":[{"href":"https:\/\/ambpanama.esteri.it\/es\/wp-json\/wp\/v2\/media?parent=1079"}],"curies":[{"name":"wp","href":"https:\/\/api.w.org\/{rel}","templated":true}]}}