{"id":1084,"date":"2023-11-07T11:17:46","date_gmt":"2023-11-07T16:17:46","guid":{"rendered":"https:\/\/ambpanama.esteri.it\/servizi-consolari-e-visti\/servizi-per-il-cittadino-italiano\/servizi-notarili\/successioni\/"},"modified":"2024-09-19T09:59:38","modified_gmt":"2024-09-19T14:59:38","slug":"successioni","status":"publish","type":"page","link":"https:\/\/ambpanama.esteri.it\/es\/servizi-consolari-e-visti\/servizi-per-il-cittadino-italiano\/servizi-notarili\/successioni\/","title":{"rendered":"Sucesiones"},"content":{"rendered":"<p style=\"text-align: justify;\">Es tradicionalmente una funci\u00f3n consular la de proveer a la tutela de la herencia y, en general, de los intereses sucesores de personas de ciudadan\u00eda italiana fallecidas en el extranjero, o cuyo deceso (aunque no se trate de italianos) haya en alguna manera interesado a un ciudadano italiano. Las atribuciones consulares en materia de sucesiones derivan fundamentalmente del art. 46 del D.Lgs. 71\/2011 y conciernen sustancialmente:<\/p>\n<ul style=\"text-align: justify;\">\n<li>La informaci\u00f3n de la apertura de sucesiones;<\/li>\n<li>La transmisi\u00f3n a las competentes autoridades nacionales de las declaraciones de aceptaci\u00f3n o renuncia a la herencia;<\/li>\n<li>La predisposici\u00f3n de medidas de custodia de los bienes hereditarios (a solicitud de un tribunal italiano).<\/li>\n<\/ul>\n<p style=\"text-align: justify;\"><a href=\"https:\/\/www.esteri.it\/it\/servizi-consolari-e-visti\/italiani-all-estero\/successioni_0\/\">Haga clic aqu\u00ed para acceder a la secci\u00f3n espec\u00edfica de la p\u00e1gina web del Ministerio de Asuntos Exteriores.<\/a><\/p>\n","protected":false},"excerpt":{"rendered":"Es tradicionalmente una funci\u00f3n consular la de proveer a la tutela de la herencia y, en general, de los intereses sucesores de personas de ciudadan\u00eda italiana fallecidas en el extranjero, o cuyo deceso (aunque no se trate de italianos) haya en alguna manera interesado a un ciudadano italiano. Las atribuciones consulares en materia de sucesiones [&hellip;]","protected":false},"author":4,"featured_media":0,"parent":176,"menu_order":5,"comment_status":"closed","ping_status":"closed","template":"","meta":{"footnotes":""},"class_list":["post-1084","page","type-page","status-publish","hentry"],"_links":{"self":[{"href":"https:\/\/ambpanama.esteri.it\/es\/wp-json\/wp\/v2\/pages\/1084","targetHints":{"allow":["GET"]}}],"collection":[{"href":"https:\/\/ambpanama.esteri.it\/es\/wp-json\/wp\/v2\/pages"}],"about":[{"href":"https:\/\/ambpanama.esteri.it\/es\/wp-json\/wp\/v2\/types\/page"}],"author":[{"embeddable":true,"href":"https:\/\/ambpanama.esteri.it\/es\/wp-json\/wp\/v2\/users\/4"}],"replies":[{"embeddable":true,"href":"https:\/\/ambpanama.esteri.it\/es\/wp-json\/wp\/v2\/comments?post=1084"}],"version-history":[{"count":4,"href":"https:\/\/ambpanama.esteri.it\/es\/wp-json\/wp\/v2\/pages\/1084\/revisions"}],"predecessor-version":[{"id":6342,"href":"https:\/\/ambpanama.esteri.it\/es\/wp-json\/wp\/v2\/pages\/1084\/revisions\/6342"}],"up":[{"embeddable":true,"href":"https:\/\/ambpanama.esteri.it\/es\/wp-json\/wp\/v2\/pages\/176"}],"wp:attachment":[{"href":"https:\/\/ambpanama.esteri.it\/es\/wp-json\/wp\/v2\/media?parent=1084"}],"curies":[{"name":"wp","href":"https:\/\/api.w.org\/{rel}","templated":true}]}}