{"id":1120,"date":"2023-11-02T10:56:44","date_gmt":"2023-11-02T15:56:44","guid":{"rendered":"https:\/\/ambpanama.esteri.it\/servizi-consolari-e-visti\/servizi-per-il-cittadino-italiano\/traduzione-e-legalizzazione-dei-documenti\/autenticazione-di-copia-integrale-passaporto\/"},"modified":"2024-09-19T10:33:27","modified_gmt":"2024-09-19T15:33:27","slug":"autenticazione-di-copia-integrale-passaporto","status":"publish","type":"page","link":"https:\/\/ambpanama.esteri.it\/es\/servizi-consolari-e-visti\/servizi-per-il-cittadino-italiano\/traduzione-e-legalizzazione-dei-documenti\/autenticazione-di-copia-integrale-passaporto\/","title":{"rendered":"Autenticacion de copia integral de pasaporte"},"content":{"rendered":"<p style=\"text-align: justify;\">El procedimiento de autenticaci\u00f3n de una copia de un documento o de una parte del mismo, obtenido por cualquier m\u00e9todo que garantice la reproducci\u00f3n fiel y duradera del acto, est\u00e1 regulada en primer lugar por el\u00a0<strong>art. 18 del DPR n. 445 de 28<\/strong>\u00a0<strong>de diciembre de 2000<\/strong>\u00a0y consiste en la certificaci\u00f3n de conformidad con el original efectuada por el funcionario p\u00fablico autorizado.<\/p>\n<p style=\"text-align: justify;\">Los ciudadanos italianos pueden solicitar en la Embajada de Italia en Panam\u00e1 el servicio de \u00abCopia conforme al original de pasaporte italiano\u00bb, present\u00e1ndose personalmente previa cita online para \u00abServicios Consulares\u00bb a trav\u00e9s del sistema <a href=\"https:\/\/prenotami.esteri.it\/\">Prenot@mi<\/a>.<\/p>\n<p style=\"text-align: justify;\"><strong>El dia de la cita debe presentar:<\/strong><\/p>\n<p style=\"text-align: justify;\">1. Pasaporte italiano en curso de validez<\/p>\n<p style=\"text-align: justify;\">2. Copia simple de todo el pasaporte, seg\u00fan las modalidades <a href=\"https:\/\/ambpanama.esteri.it\/wp-content\/uploads\/2023\/11\/modelli_copia_integrale_pass_italiano.pdf\">aqu\u00ed<\/a>\u00a0presentes<\/p>\n<p style=\"text-align: justify;\">3. Pago del art.<strong>71<\/strong>\u00a0de la tabla de derechos consulares a pagar en efectivo el mismo dia de la cita en la ventanilla.<\/p>\n<p style=\"text-align: justify;\">Las tarifas y las modalidades de pago esta disponibles en:<\/p>\n<p style=\"text-align: justify;\">\n<p style=\"text-align: justify;\">La solicitud debe ser hecha solo y directamente por el ciudadano\u00a0<strong>ITALIANO<\/strong>, no se aceptan solicitudes hechas por terceros.<\/p>\n<p style=\"text-align: justify;\">La Embajada de Italia en Panam\u00e1\u00a0<strong>NO<\/strong>\u00a0autoriza en modo alguno a agencias e intermediarios para este servicio ni para otros servicios consulares.<\/p>\n<p style=\"text-align: justify;\"><strong>NOTA<\/strong>: Despu\u00e9s de realizar los controles necesarios, la Embajada emitir\u00e1 la conformidad del original del documento solicitado; y luego el ciudadano italiano ser\u00e1 notificado para recoger el documento en la Embajada de Italia otro d\u00eda.<\/p>\n","protected":false},"excerpt":{"rendered":"El procedimiento de autenticaci\u00f3n de una copia de un documento o de una parte del mismo, obtenido por cualquier m\u00e9todo que garantice la reproducci\u00f3n fiel y duradera del acto, est\u00e1 regulada en primer lugar por el\u00a0art. 18 del DPR n. 445 de 28\u00a0de diciembre de 2000\u00a0y consiste en la certificaci\u00f3n de conformidad con el original [&hellip;]","protected":false},"author":4,"featured_media":0,"parent":178,"menu_order":0,"comment_status":"closed","ping_status":"closed","template":"","meta":{"footnotes":""},"class_list":["post-1120","page","type-page","status-publish","hentry"],"_links":{"self":[{"href":"https:\/\/ambpanama.esteri.it\/es\/wp-json\/wp\/v2\/pages\/1120","targetHints":{"allow":["GET"]}}],"collection":[{"href":"https:\/\/ambpanama.esteri.it\/es\/wp-json\/wp\/v2\/pages"}],"about":[{"href":"https:\/\/ambpanama.esteri.it\/es\/wp-json\/wp\/v2\/types\/page"}],"author":[{"embeddable":true,"href":"https:\/\/ambpanama.esteri.it\/es\/wp-json\/wp\/v2\/users\/4"}],"replies":[{"embeddable":true,"href":"https:\/\/ambpanama.esteri.it\/es\/wp-json\/wp\/v2\/comments?post=1120"}],"version-history":[{"count":6,"href":"https:\/\/ambpanama.esteri.it\/es\/wp-json\/wp\/v2\/pages\/1120\/revisions"}],"predecessor-version":[{"id":6359,"href":"https:\/\/ambpanama.esteri.it\/es\/wp-json\/wp\/v2\/pages\/1120\/revisions\/6359"}],"up":[{"embeddable":true,"href":"https:\/\/ambpanama.esteri.it\/es\/wp-json\/wp\/v2\/pages\/178"}],"wp:attachment":[{"href":"https:\/\/ambpanama.esteri.it\/es\/wp-json\/wp\/v2\/media?parent=1120"}],"curies":[{"name":"wp","href":"https:\/\/api.w.org\/{rel}","templated":true}]}}