{"id":1199,"date":"2023-11-07T10:02:27","date_gmt":"2023-11-07T15:02:27","guid":{"rendered":"https:\/\/ambpanama.esteri.it\/chi-siamo\/la-sede\/sedi-accreditate\/"},"modified":"2024-11-25T13:56:28","modified_gmt":"2024-11-25T18:56:28","slug":"sedi-accreditate","status":"publish","type":"page","link":"https:\/\/ambpanama.esteri.it\/es\/chi-siamo\/la-sede\/sedi-accreditate\/","title":{"rendered":"Sedes acreditadas"},"content":{"rendered":"<p style=\"text-align: justify;\">Las competencias de la Embajada de Italia en Panam\u00e1 se extienden a los siguientes pa\u00edses de acreditaci\u00f3n secundaria:<\/p>\n<ul>\n<li><a href=\"https:\/\/ambpanama.esteri.it\/es\/chi-siamo\/la-sede\/sedi-accreditate\/antigua-e-barbuda\/\">Antigua y Barbuda<\/a> (saint John\u2019s)<\/li>\n<li><a href=\"https:\/\/ambpanama.esteri.it\/es\/chi-siamo\/la-sede\/sedi-accreditate\/barbados\/\">Barbados<\/a> (Bridgetown)<\/li>\n<li><a href=\"https:\/\/ambpanama.esteri.it\/es\/chi-siamo\/la-sede\/sedi-accreditate\/dominica\/\">Dominica<\/a> (Roseau)<\/li>\n<li><a href=\"https:\/\/ambpanama.esteri.it\/es\/chi-siamo\/la-sede\/sedi-accreditate\/grenada\/\">Granada <\/a>(Saint George\u2019s)<\/li>\n<li><a href=\"https:\/\/ambpanama.esteri.it\/es\/chi-siamo\/la-sede\/sedi-accreditate\/guyana\/\">Guayana Francesa<\/a> (Georgetown)<\/li>\n<li><a href=\"https:\/\/ambpanama.esteri.it\/es\/chi-siamo\/la-sede\/sedi-accreditate\/saint-kitss-e-nevis\/\">San Kitss y Nevis<\/a> (Basseterre)<\/li>\n<li><a href=\"https:\/\/ambpanama.esteri.it\/es\/chi-siamo\/la-sede\/sedi-accreditate\/saint-lucia\/\">Santa Lucia<\/a> (Castries)<\/li>\n<li><a href=\"https:\/\/ambpanama.esteri.it\/es\/chi-siamo\/la-sede\/sedi-accreditate\/saint-vincent-e-grenadine\/\">San Vicente y las Granadinas<\/a> (Castries)<\/li>\n<li><a href=\"https:\/\/ambpanama.esteri.it\/es\/chi-siamo\/la-sede\/sedi-accreditate\/trinidad-e-tobago\/\">Trinidad y Tobago<\/a> (Puerto de Espa\u00f1a)<\/li>\n<\/ul>\n<p style=\"text-align: justify;\">Visite las p\u00e1ginas respectivas para obtener m\u00e1s informaci\u00f3n sobre los pa\u00edses y para los contactos de los Consulados Honorarios en el lugar.<\/p>\n<p style=\"text-align: justify;\">Para aquellos que planean viajar a la regi\u00f3n del Caribe en los meses de junio a noviembre, se recomienda visitar la p\u00e1gina sobre la temporada de huracanes.<\/p>\n<p style=\"text-align: justify;\">Para obtener informaci\u00f3n actualizada sobre la emergencia de Covid-19, consulte el sitio <a href=\"https:\/\/www.viaggiaresicuri.it\/home\">Viaggiare sicuri<\/a> y sus p\u00e1ginas de pa\u00eds.<\/p>\n<blockquote><p><strong>NOTA<\/strong>: Se avisa a los ciudadanos italianos residentes en los<strong> pa\u00edses de acreditaci\u00f3n<\/strong> secundaria que deben viajar a Panam\u00e1 para acceder a los servicios consulares prestados por esta Embajada de Italia. De acuerdo con la legislaci\u00f3n local, para ingresar a Panam\u00e1 es necesario que el pasaporte extranjero tenga una validez m\u00ednima de <strong>tres meses adicionales a la duraci\u00f3n del viaje previsto.<\/strong><\/p><\/blockquote>\n<p><span style=\"text-decoration: underline;\"><strong>Sitios web<\/strong><\/span><\/p>\n<ul>\n<li><a href=\"http:\/\/www.acs-aec.org\/\">Asociasion de Estados del Caribe<\/a><\/li>\n<li><a href=\"https:\/\/caricom.org\/\">Comunidad Caribe\u00f1a<\/a><\/li>\n<\/ul>\n","protected":false},"excerpt":{"rendered":"Las competencias de la Embajada de Italia en Panam\u00e1 se extienden a los siguientes pa\u00edses de acreditaci\u00f3n secundaria: Antigua y Barbuda (saint John\u2019s) Barbados (Bridgetown) Dominica (Roseau) Granada (Saint George\u2019s) Guayana Francesa (Georgetown) San Kitss y Nevis (Basseterre) Santa Lucia (Castries) San Vicente y las Granadinas (Castries) Trinidad y Tobago (Puerto de Espa\u00f1a) Visite las [&hellip;]","protected":false},"author":4,"featured_media":0,"parent":164,"menu_order":1,"comment_status":"closed","ping_status":"closed","template":"","meta":{"footnotes":""},"class_list":["post-1199","page","type-page","status-publish","hentry"],"_links":{"self":[{"href":"https:\/\/ambpanama.esteri.it\/es\/wp-json\/wp\/v2\/pages\/1199","targetHints":{"allow":["GET"]}}],"collection":[{"href":"https:\/\/ambpanama.esteri.it\/es\/wp-json\/wp\/v2\/pages"}],"about":[{"href":"https:\/\/ambpanama.esteri.it\/es\/wp-json\/wp\/v2\/types\/page"}],"author":[{"embeddable":true,"href":"https:\/\/ambpanama.esteri.it\/es\/wp-json\/wp\/v2\/users\/4"}],"replies":[{"embeddable":true,"href":"https:\/\/ambpanama.esteri.it\/es\/wp-json\/wp\/v2\/comments?post=1199"}],"version-history":[{"count":6,"href":"https:\/\/ambpanama.esteri.it\/es\/wp-json\/wp\/v2\/pages\/1199\/revisions"}],"predecessor-version":[{"id":6823,"href":"https:\/\/ambpanama.esteri.it\/es\/wp-json\/wp\/v2\/pages\/1199\/revisions\/6823"}],"up":[{"embeddable":true,"href":"https:\/\/ambpanama.esteri.it\/es\/wp-json\/wp\/v2\/pages\/164"}],"wp:attachment":[{"href":"https:\/\/ambpanama.esteri.it\/es\/wp-json\/wp\/v2\/media?parent=1199"}],"curies":[{"name":"wp","href":"https:\/\/api.w.org\/{rel}","templated":true}]}}