{"id":1205,"date":"2023-11-15T10:14:37","date_gmt":"2023-11-15T15:14:37","guid":{"rendered":"https:\/\/ambpanama.esteri.it\/chi-siamo\/lambasciatore\/messaggio\/"},"modified":"2025-11-14T08:22:13","modified_gmt":"2025-11-14T13:22:13","slug":"messaggio","status":"publish","type":"page","link":"https:\/\/ambpanama.esteri.it\/es\/chi-siamo\/lambasciatore\/messaggio\/","title":{"rendered":"Mensaje"},"content":{"rendered":"<p style=\"text-align: justify;\">Inicio mi mandato como Embajadora de Italia ante la Rep\u00fablica de Panam\u00e1 con un profundo sentido de responsabilidad y entusiasmo. Panam\u00e1 e Italia comparten los valores fundamentales de la democracia y la vocaci\u00f3n estrat\u00e9gica de ser un cruce de conexiones e intercambios entre pueblos. Con el \u201cequipo Italia\u201d en Panam\u00e1, estamos ansiosos por construir nuevas oportunidades de crecimiento e intercambio.<\/p>\n","protected":false},"excerpt":{"rendered":"Inicio mi mandato como Embajadora de Italia ante la Rep\u00fablica de Panam\u00e1 con un profundo sentido de responsabilidad y entusiasmo. Panam\u00e1 e Italia comparten los valores fundamentales de la democracia y la vocaci\u00f3n estrat\u00e9gica de ser un cruce de conexiones e intercambios entre pueblos. Con el \u201cequipo Italia\u201d en Panam\u00e1, estamos ansiosos por construir nuevas [&hellip;]","protected":false},"author":4,"featured_media":0,"parent":163,"menu_order":0,"comment_status":"closed","ping_status":"closed","template":"","meta":{"footnotes":""},"class_list":["post-1205","page","type-page","status-publish","hentry"],"_links":{"self":[{"href":"https:\/\/ambpanama.esteri.it\/es\/wp-json\/wp\/v2\/pages\/1205","targetHints":{"allow":["GET"]}}],"collection":[{"href":"https:\/\/ambpanama.esteri.it\/es\/wp-json\/wp\/v2\/pages"}],"about":[{"href":"https:\/\/ambpanama.esteri.it\/es\/wp-json\/wp\/v2\/types\/page"}],"author":[{"embeddable":true,"href":"https:\/\/ambpanama.esteri.it\/es\/wp-json\/wp\/v2\/users\/4"}],"replies":[{"embeddable":true,"href":"https:\/\/ambpanama.esteri.it\/es\/wp-json\/wp\/v2\/comments?post=1205"}],"version-history":[{"count":6,"href":"https:\/\/ambpanama.esteri.it\/es\/wp-json\/wp\/v2\/pages\/1205\/revisions"}],"predecessor-version":[{"id":8302,"href":"https:\/\/ambpanama.esteri.it\/es\/wp-json\/wp\/v2\/pages\/1205\/revisions\/8302"}],"up":[{"embeddable":true,"href":"https:\/\/ambpanama.esteri.it\/es\/wp-json\/wp\/v2\/pages\/163"}],"wp:attachment":[{"href":"https:\/\/ambpanama.esteri.it\/es\/wp-json\/wp\/v2\/media?parent=1205"}],"curies":[{"name":"wp","href":"https:\/\/api.w.org\/{rel}","templated":true}]}}