{"id":1231,"date":"2023-11-09T10:00:39","date_gmt":"2023-11-09T15:00:39","guid":{"rendered":"https:\/\/ambpanama.esteri.it\/italia-e-panama\/diplomazia-economica\/storia\/"},"modified":"2024-09-18T11:32:32","modified_gmt":"2024-09-18T16:32:32","slug":"storia","status":"publish","type":"page","link":"https:\/\/ambpanama.esteri.it\/es\/italia-e-panama\/diplomazia-economica\/storia\/","title":{"rendered":"Historia"},"content":{"rendered":"<p style=\"text-align: justify;\">Al amanecer del 3 de agosto de 1492, gracias al apoyo de la Corona de Espa\u00f1a, el genov\u00e9s Crist\u00f3bal Col\u00f3n inici\u00f3 el viaje por mar que llev\u00f3 al descubrimiento de un nuevo continente y cambi\u00f3 el curso de la historia mundial. Fue en 1502, durante su \u00faltimo y cuarto viaje, que Col\u00f3n recorri\u00f3 las costas de Am\u00e9rica Central, lleg\u00f3 a Honduras y, seg\u00fan algunos historiadores, lleg\u00f3 al Istmo de Panam\u00e1. Desde entonces, el paso por el Istmo ha caracterizado la historia de Panam\u00e1.<\/p>\n<p style=\"text-align: justify;\">A su llegada al istmo de Panam\u00e1, los espa\u00f1oles encontraron un territorio bastante poblado por grupos indio-americanos. Entre ellos, la poblaci\u00f3n Kuna que durante el siglo XVII luch\u00f3 contra la expansi\u00f3n colonial espa\u00f1ola pero que finalmente fue diezmada.<\/p>\n<p style=\"text-align: justify;\">Fue el gobernador Pedrarias D\u00e1vila quien dispuso la creaci\u00f3n de una ciudad (la futura Panam\u00e1) a orillas del nuevo mar como base para ulteriores descubrimientos. Panam\u00e1 fue fundada en 1519.<\/p>\n<p style=\"text-align: justify;\">Tras un tratado entre Espa\u00f1a e Inglaterra, los piratas ingleses fueron finalmente declarados ilegales. El pirata Morgan comenz\u00f3 a planear el asalto de la ciudad costera m\u00e1s codiciada: Panam\u00e1. Despu\u00e9s de un viaje de nueve d\u00edas, al amanecer del 18 de enero de 1671, Morgan y sus hombres entraron en la capital atacando, inesperadamente, desde tierra firme. A pesar de la inferioridad num\u00e9rica los piratas vencieron. A la victoria sigui\u00f3 un mes de saqueos y torturas contra la poblaci\u00f3n local.<\/p>\n<p style=\"text-align: justify;\">La ciudad de Panam\u00e1, poco despu\u00e9s del saqueo, fue trasladada a una zona considerada m\u00e1s segura (hoy Casco Viejo) y protegida por una alta muralla.<\/p>\n<p style=\"text-align: justify;\">En 1821, Panam\u00e1 declar\u00f3 su independencia de Espa\u00f1a y se convirti\u00f3 en una provincia de Gran Colombia. Durante la d\u00e9cada de 1840 hubo reivindicaciones independentistas que pronto fueron sofocadas por Colombia. A nivel comercial se comenz\u00f3 a utilizar el Cabo de Hornos y Panam\u00e1 sufri\u00f3 una grave crisis econ\u00f3mica que dur\u00f3 hasta 1855, a\u00f1o en que se inaugur\u00f3 la l\u00ednea ferroviaria que cruza el Istmo desde el Pac\u00edfico hasta el Atl\u00e1ntico. En 1863, la nueva Constituci\u00f3n colombiana reconoc\u00eda a cada provincia la independencia, pero en 1866 Colombia retom\u00f3 el control sobre Panam\u00e1.<\/p>\n<p style=\"text-align: justify;\">Aprovechando la vacilaci\u00f3n norteamericana, los franceses iniciaron una serie de negociaciones con el gobierno colombiano y, gracias al \u00e9xito que hab\u00edan obtenido con el Canal de Suez, llegaron r\u00e1pidamente a un acuerdo para la construcci\u00f3n de un canal interoce\u00e1nico. La concesi\u00f3n dur\u00f3 cien a\u00f1os y confi\u00f3 a los franceses tanto la construcci\u00f3n del canal como su administraci\u00f3n. En 1875 naci\u00f3 la Compa\u00f1\u00eda Universal del Canal Interoce\u00e1nico, presidida por el ingeniero Ferdinand de Lasseps, el mismo que hab\u00eda realizado el proyecto del Canal de Suez. Pero las dificultades econ\u00f3micas y log\u00edsticas eran enormes y los costes muy elevados: se hicieron inversiones colosales de m\u00e1s de cuatro millones de d\u00f3lares de la \u00e9poca. El primer gran obst\u00e1culo fue la monta\u00f1a (hoy corte Gaillard). Lesseps, convencido de que el Corte Gaillard era el mayor obst\u00e1culo, contact\u00f3 a Ing. Eiffel cambi\u00f3 el dise\u00f1o de las esclusas, pero ya era demasiado tarde. Numerosas p\u00e9rdidas humanas debidas a enfermedades tropicales y a la falta de condiciones higi\u00e9nicas, el calor h\u00famedo opresivo y la mala gesti\u00f3n de los fondos de la Compa\u00f1\u00eda, llevaron al estancamiento de los trabajos. Nueve a\u00f1os despu\u00e9s del inicio de las obras, despu\u00e9s de haber excavado 54.635.329 metros c\u00fabicos de tierra y con 22.000 muertos, los franceses abandonaron Panam\u00e1.<\/p>\n<p style=\"text-align: justify;\">El fracaso del proyecto franc\u00e9s y de la compa\u00f1\u00eda del ingeniero Ferdinand de Lasseps, caus\u00f3 una grave crisis en Panam\u00e1. A la grave crisis econ\u00f3mica se a\u00f1adi\u00f3, en 1899, el estallido de la Guerra de los Mil D\u00edas. Los brazos \u00fatiles para el trabajo fueron reclutados por ambos ej\u00e9rcitos y todo el territorio se convirti\u00f3 en un gran campo de batalla con cosechas destruidas y la mayor\u00eda de los alimentos destinados a las tropas.<\/p>\n<p style=\"text-align: justify;\">Los Estados Unidos decidieron reanudar la construcci\u00f3n del Canal y firmaron, en 1903, el acuerdo Herr\u00e1n-Hay con Colombia, del que Panam\u00e1 todav\u00eda formaba parte. Sin embargo, Colombia pronto cambi\u00f3 de opini\u00f3n y esto despert\u00f3 no solo la ira de los estadounidenses sino tambi\u00e9n de los paname\u00f1os que se sintieron excluidos de cualquier negociaci\u00f3n que les afectara. Todas estas ansiedades de rebeli\u00f3n en Panam\u00e1 llevaron, el 3 de noviembre de 1903, a la proclamaci\u00f3n de la independencia. En 1904 se promulg\u00f3 la primera Constituci\u00f3n. En 1904, los estadounidenses reanudaron las obras para la construcci\u00f3n del Canal que fue inaugurado oficialmente en agosto de 1914. La prioridad al comienzo de las obras fue hacer de Panam\u00e1 un lugar saludable. Un obst\u00e1culo que parec\u00eda insuperable fue la excavaci\u00f3n del corte Culebra, donde los estadounidenses excavaron 80.278.327.5 metros c\u00fabicos de tierra que fueron transportados con los vagones del ferrocarril franc\u00e9s y luego utilizados en la construcci\u00f3n de los diques.<\/p>\n<p style=\"text-align: justify;\">Cuando en 1912 Belisario Porras se convirti\u00f3 en Presidente de la Rep\u00fablica, adopt\u00f3 una pol\u00edtica de modernizaci\u00f3n que dej\u00f3 en herencia a los Presidentes sucesivos un pa\u00eds fuertemente endeudado. En 1931, un grupo nacionalista, dirigido por Arnulfo Arias, lleg\u00f3 al poder y en 1932 fue elegido Harmodio Arias que procedi\u00f3 a un dr\u00e1stico recorte de gastos (con la llamada ley de hierro). De las elecciones de 1936 surgi\u00f3 Arosemena pero en un clima de levantamientos y tensiones generalizadas. Por eso las elecciones de 1940, a\u00f1o en que se cre\u00f3 la Guardia C\u00edvica Nacional, vieron de hecho la presencia de un solo candidato: Arnulfo Arias.<\/p>\n<p style=\"text-align: justify;\">Desde finales de la d\u00e9cada de 1950, las relaciones entre Panam\u00e1 y Estados Unidos se hicieron cada vez m\u00e1s tensas y, finalmente, en 1964, las relaciones diplom\u00e1ticas se interrumpieron por un corto tiempo.<\/p>\n<p style=\"text-align: justify;\">En las elecciones de mayo de 1968 triunf\u00f3 Arnulfo Arias, pero en octubre del mismo a\u00f1o un golpe militar dirigido por el general Omar Torrijos le impidi\u00f3 gobernar. El gobierno prometi\u00f3 celebrar elecciones democr\u00e1ticas, pero mientras tanto suspendi\u00f3 los derechos civiles. En octubre de 1972, el General recibi\u00f3 plenos poderes por seis a\u00f1os. Torrijos se mantuvo en el poder hasta julio de 1981, cuando muri\u00f3 en un supuesto accidente a\u00e9reo.<\/p>\n<p style=\"text-align: justify;\">En conjunto, la d\u00e9cada de 1980 se caracteriz\u00f3 por la recesi\u00f3n econ\u00f3mica y un grave endeudamiento p\u00fablico. A finales del a\u00f1o 1983, el General Noriega propuso y obtuvo la adopci\u00f3n de una ley seg\u00fan la cual los poderes del estado se colocaban al servicio de los militares. A principios de 1987, Noriega se encontr\u00f3 en el centro de un grave esc\u00e1ndalo internacional: fue acusado p\u00fablicamente de estar involucrado con el cartel colombiano de la droga y de tr\u00e1fico clandestino de armas.<\/p>\n<p style=\"text-align: justify;\">En marzo de 1988, Estados Unidos impuso a Panam\u00e1 una serie de sanciones y alent\u00f3 un golpe de estado interno. En las elecciones de 1989 gan\u00f3 un candidato de la oposici\u00f3n, pero Noriega declar\u00f3 nulas las elecciones y el r\u00e9gimen se volvi\u00f3 a\u00fan m\u00e1s represivo. Los Estados Unidos respondieron con la operaci\u00f3n llamada justa causa, que llev\u00f3 a la invasi\u00f3n de Panam\u00e1 el 20 de diciembre de 1989. El 3 de enero de 1990, el general Noriega se entreg\u00f3 a las autoridades estadounidenses, fue trasladado a Miami, donde fue condenado a una pena, que actualmente cumple, de 40 a\u00f1os de prisi\u00f3n, que luego se redujo a 30.<\/p>\n<p style=\"text-align: justify;\">Despu\u00e9s del par\u00e9ntesis del r\u00e9gimen del general Noriega, Panam\u00e1 consolid\u00f3 sus instituciones democr\u00e1ticas. Las elecciones presidenciales celebradas desde entonces (la \u00faltima en 2019) han sido completamente regulares, pac\u00edficas y con alternancia de coaliciones pol\u00edticas en el Gobierno del pa\u00eds.<\/p>\n<p style=\"text-align: justify;\">En 1989, fue elegido Guillermo Endara, seguido por Ernesto P\u00e9rez Balladares (1994-1999). Mireya Moscoso, viuda de Arnulfo Arias, fue la primera mujer en la historia del pa\u00eds en ocupar este alto cargo. Posteriormente, fueron Martin Torrijos (2004-2009), Ricardo Martinelli (2009-2014), Juan Carlos Varela (2014-2019), Laurentino Cortizo (2019-2024) y Jos\u00e9 Ra\u00fal Mulino (presidente actual desde el 1 de julio 2024).<\/p>\n","protected":false},"excerpt":{"rendered":"Al amanecer del 3 de agosto de 1492, gracias al apoyo de la Corona de Espa\u00f1a, el genov\u00e9s Crist\u00f3bal Col\u00f3n inici\u00f3 el viaje por mar que llev\u00f3 al descubrimiento de un nuevo continente y cambi\u00f3 el curso de la historia mundial. Fue en 1502, durante su \u00faltimo y cuarto viaje, que Col\u00f3n recorri\u00f3 las costas [&hellip;]","protected":false},"author":4,"featured_media":0,"parent":153,"menu_order":2,"comment_status":"closed","ping_status":"closed","template":"","meta":{"footnotes":""},"class_list":["post-1231","page","type-page","status-publish","hentry"],"_links":{"self":[{"href":"https:\/\/ambpanama.esteri.it\/es\/wp-json\/wp\/v2\/pages\/1231","targetHints":{"allow":["GET"]}}],"collection":[{"href":"https:\/\/ambpanama.esteri.it\/es\/wp-json\/wp\/v2\/pages"}],"about":[{"href":"https:\/\/ambpanama.esteri.it\/es\/wp-json\/wp\/v2\/types\/page"}],"author":[{"embeddable":true,"href":"https:\/\/ambpanama.esteri.it\/es\/wp-json\/wp\/v2\/users\/4"}],"replies":[{"embeddable":true,"href":"https:\/\/ambpanama.esteri.it\/es\/wp-json\/wp\/v2\/comments?post=1231"}],"version-history":[{"count":5,"href":"https:\/\/ambpanama.esteri.it\/es\/wp-json\/wp\/v2\/pages\/1231\/revisions"}],"predecessor-version":[{"id":6219,"href":"https:\/\/ambpanama.esteri.it\/es\/wp-json\/wp\/v2\/pages\/1231\/revisions\/6219"}],"up":[{"embeddable":true,"href":"https:\/\/ambpanama.esteri.it\/es\/wp-json\/wp\/v2\/pages\/153"}],"wp:attachment":[{"href":"https:\/\/ambpanama.esteri.it\/es\/wp-json\/wp\/v2\/media?parent=1231"}],"curies":[{"name":"wp","href":"https:\/\/api.w.org\/{rel}","templated":true}]}}