{"id":1234,"date":"2023-11-09T10:01:26","date_gmt":"2023-11-09T15:01:26","guid":{"rendered":"https:\/\/ambpanama.esteri.it\/italia-e-panama\/diplomazia-economica\/incontri\/"},"modified":"2024-09-18T11:32:51","modified_gmt":"2024-09-18T16:32:51","slug":"incontri","status":"publish","type":"page","link":"https:\/\/ambpanama.esteri.it\/es\/italia-e-panama\/diplomazia-economica\/incontri\/","title":{"rendered":"Encuentros"},"content":{"rendered":"<p style=\"text-align: justify;\">El encuentro m\u00e1s reciente entre las autoridades italianas y paname\u00f1as se ha producido con la visita del subsecretario de Estado a los Asuntos Exteriores y a la Cooperaci\u00f3n Internacional, Giorgio Silli en la toma de posesi\u00f3n del presidente electo Jos\u00e9 Ra\u00fal Mulino el pasado 1 de julio de 2024 y en el marco de la XI Conferencia Italia-Am\u00e9rica Latina y Caribe en octubre de 2023, En Roma, con la participaci\u00f3n del Viceministro de Relaciones Exteriores de Panam\u00e1, Yill Otero.<\/p>\n","protected":false},"excerpt":{"rendered":"El encuentro m\u00e1s reciente entre las autoridades italianas y paname\u00f1as se ha producido con la visita del subsecretario de Estado a los Asuntos Exteriores y a la Cooperaci\u00f3n Internacional, Giorgio Silli en la toma de posesi\u00f3n del presidente electo Jos\u00e9 Ra\u00fal Mulino el pasado 1 de julio de 2024 y en el marco de la [&hellip;]","protected":false},"author":4,"featured_media":0,"parent":153,"menu_order":3,"comment_status":"closed","ping_status":"closed","template":"","meta":{"footnotes":""},"class_list":["post-1234","page","type-page","status-publish","hentry"],"_links":{"self":[{"href":"https:\/\/ambpanama.esteri.it\/es\/wp-json\/wp\/v2\/pages\/1234","targetHints":{"allow":["GET"]}}],"collection":[{"href":"https:\/\/ambpanama.esteri.it\/es\/wp-json\/wp\/v2\/pages"}],"about":[{"href":"https:\/\/ambpanama.esteri.it\/es\/wp-json\/wp\/v2\/types\/page"}],"author":[{"embeddable":true,"href":"https:\/\/ambpanama.esteri.it\/es\/wp-json\/wp\/v2\/users\/4"}],"replies":[{"embeddable":true,"href":"https:\/\/ambpanama.esteri.it\/es\/wp-json\/wp\/v2\/comments?post=1234"}],"version-history":[{"count":6,"href":"https:\/\/ambpanama.esteri.it\/es\/wp-json\/wp\/v2\/pages\/1234\/revisions"}],"predecessor-version":[{"id":6222,"href":"https:\/\/ambpanama.esteri.it\/es\/wp-json\/wp\/v2\/pages\/1234\/revisions\/6222"}],"up":[{"embeddable":true,"href":"https:\/\/ambpanama.esteri.it\/es\/wp-json\/wp\/v2\/pages\/153"}],"wp:attachment":[{"href":"https:\/\/ambpanama.esteri.it\/es\/wp-json\/wp\/v2\/media?parent=1234"}],"curies":[{"name":"wp","href":"https:\/\/api.w.org\/{rel}","templated":true}]}}