{"id":1239,"date":"2023-11-09T10:02:08","date_gmt":"2023-11-09T15:02:08","guid":{"rendered":"https:\/\/ambpanama.esteri.it\/italia-e-panama\/diplomazia-economica\/accordi\/"},"modified":"2024-09-18T11:33:13","modified_gmt":"2024-09-18T16:33:13","slug":"accordi","status":"publish","type":"page","link":"https:\/\/ambpanama.esteri.it\/es\/italia-e-panama\/diplomazia-economica\/accordi\/","title":{"rendered":"Acuerdos"},"content":{"rendered":"<p style=\"text-align: justify;\">Son diferentes los acuerdos entre Italia y Panam\u00e1, a partir del Tratado de Amistad, Comercio y Navegaci\u00f3n, firmado en 1965 y a trav\u00e9s del cual se reconocen a los respectivos ciudadanos derechos rec\u00edprocos, incluida la posibilidad de circular libremente por el territorio del otro Estado.<\/p>\n<p style=\"text-align: justify;\"><strong>Entre los principales acuerdos cabe mencionar:<\/strong><\/p>\n<p style=\"text-align: justify;\"><strong>Acuerdo de cooperaci\u00f3n cultural y cient\u00edfica<\/strong>, firmado en Roma el 02.05.2007 y ratificado por ambos pa\u00edses.<\/p>\n<p style=\"text-align: justify;\"><strong>Acuerdo contra la doble imposici\u00f3n<\/strong>, firmado en Roma y Panam\u00e1 el 30.12.2010, ratificado por Panam\u00e1 el 10.5.2011. Por parte italiana, el 28 de septiembre de 2016, la Comisi\u00f3n de Asuntos Exteriores del Senado aprob\u00f3 la segunda lectura de la medida de ratificaci\u00f3n.<\/p>\n<p style=\"text-align: justify;\"><strong>Acuerdo de asistencia judicial en materia penal<\/strong>, firmado el 25.11.2013, el 15.3.2016 la Comisi\u00f3n de Asuntos Exteriores de la C\u00e1mara concluy\u00f3 el proceso parlamentario de ratificaci\u00f3n.<\/p>\n<p style=\"text-align: justify;\"><strong>Acuerdo en materia de extradici\u00f3n<\/strong>, firmado el 25.11.2013, el 15.3.2016 la Comisi\u00f3n de Asuntos Exteriores de la C\u00e1mara concluy\u00f3 el proceso parlamentario de ratificaci\u00f3n.<\/p>\n","protected":false},"excerpt":{"rendered":"Son diferentes los acuerdos entre Italia y Panam\u00e1, a partir del Tratado de Amistad, Comercio y Navegaci\u00f3n, firmado en 1965 y a trav\u00e9s del cual se reconocen a los respectivos ciudadanos derechos rec\u00edprocos, incluida la posibilidad de circular libremente por el territorio del otro Estado. Entre los principales acuerdos cabe mencionar: Acuerdo de cooperaci\u00f3n cultural [&hellip;]","protected":false},"author":4,"featured_media":0,"parent":153,"menu_order":4,"comment_status":"closed","ping_status":"closed","template":"","meta":{"footnotes":""},"class_list":["post-1239","page","type-page","status-publish","hentry"],"_links":{"self":[{"href":"https:\/\/ambpanama.esteri.it\/es\/wp-json\/wp\/v2\/pages\/1239","targetHints":{"allow":["GET"]}}],"collection":[{"href":"https:\/\/ambpanama.esteri.it\/es\/wp-json\/wp\/v2\/pages"}],"about":[{"href":"https:\/\/ambpanama.esteri.it\/es\/wp-json\/wp\/v2\/types\/page"}],"author":[{"embeddable":true,"href":"https:\/\/ambpanama.esteri.it\/es\/wp-json\/wp\/v2\/users\/4"}],"replies":[{"embeddable":true,"href":"https:\/\/ambpanama.esteri.it\/es\/wp-json\/wp\/v2\/comments?post=1239"}],"version-history":[{"count":3,"href":"https:\/\/ambpanama.esteri.it\/es\/wp-json\/wp\/v2\/pages\/1239\/revisions"}],"predecessor-version":[{"id":6223,"href":"https:\/\/ambpanama.esteri.it\/es\/wp-json\/wp\/v2\/pages\/1239\/revisions\/6223"}],"up":[{"embeddable":true,"href":"https:\/\/ambpanama.esteri.it\/es\/wp-json\/wp\/v2\/pages\/153"}],"wp:attachment":[{"href":"https:\/\/ambpanama.esteri.it\/es\/wp-json\/wp\/v2\/media?parent=1239"}],"curies":[{"name":"wp","href":"https:\/\/api.w.org\/{rel}","templated":true}]}}