{"id":1244,"date":"2023-11-09T10:06:14","date_gmt":"2023-11-09T15:06:14","guid":{"rendered":"https:\/\/ambpanama.esteri.it\/italia-e-panama\/diplomazia-economica\/scheda-del-paese\/"},"modified":"2024-08-05T11:55:02","modified_gmt":"2024-08-05T16:55:02","slug":"scheda-del-paese","status":"publish","type":"page","link":"https:\/\/ambpanama.esteri.it\/es\/italia-e-panama\/diplomazia-economica\/scheda-del-paese\/","title":{"rendered":"Ficha del Pais"},"content":{"rendered":"<p>Superficie: 75,517 km2<br \/>\nPoblaci\u00f3n: 4.5 millones (est. 2024)<br \/>\nPIB: 79.6 mil millones de d\u00f3lares (a precios corrientes 2024)<br \/>\nTasa de crecimiento del PIB: +3,20% (previsi\u00f3n 2024)<br \/>\nPIB per c\u00e1pita: US$ 19.810 (a precios corrientes 2024)<br \/>\nTasa de inflaci\u00f3n: 1.7% (actualizado a 2024)<br \/>\nTasa de desempleo: 6.8% (actualizado a 2024)<br \/>\nExportaci\u00f3n: US$ 1.9 mil millones (actualizado a 2024)<br \/>\nImportaciones: US$ 14.2 mil millones (actualizado a 2024)<\/p>\n","protected":false},"excerpt":{"rendered":"Superficie: 75,517 km2 Poblaci\u00f3n: 4.5 millones (est. 2024) PIB: 79.6 mil millones de d\u00f3lares (a precios corrientes 2024) Tasa de crecimiento del PIB: +3,20% (previsi\u00f3n 2024) PIB per c\u00e1pita: US$ 19.810 (a precios corrientes 2024) Tasa de inflaci\u00f3n: 1.7% (actualizado a 2024) Tasa de desempleo: 6.8% (actualizado a 2024) Exportaci\u00f3n: US$ 1.9 mil millones (actualizado [&hellip;]","protected":false},"author":4,"featured_media":0,"parent":153,"menu_order":5,"comment_status":"closed","ping_status":"closed","template":"","meta":{"footnotes":""},"class_list":["post-1244","page","type-page","status-publish","hentry"],"_links":{"self":[{"href":"https:\/\/ambpanama.esteri.it\/es\/wp-json\/wp\/v2\/pages\/1244","targetHints":{"allow":["GET"]}}],"collection":[{"href":"https:\/\/ambpanama.esteri.it\/es\/wp-json\/wp\/v2\/pages"}],"about":[{"href":"https:\/\/ambpanama.esteri.it\/es\/wp-json\/wp\/v2\/types\/page"}],"author":[{"embeddable":true,"href":"https:\/\/ambpanama.esteri.it\/es\/wp-json\/wp\/v2\/users\/4"}],"replies":[{"embeddable":true,"href":"https:\/\/ambpanama.esteri.it\/es\/wp-json\/wp\/v2\/comments?post=1244"}],"version-history":[{"count":5,"href":"https:\/\/ambpanama.esteri.it\/es\/wp-json\/wp\/v2\/pages\/1244\/revisions"}],"predecessor-version":[{"id":4703,"href":"https:\/\/ambpanama.esteri.it\/es\/wp-json\/wp\/v2\/pages\/1244\/revisions\/4703"}],"up":[{"embeddable":true,"href":"https:\/\/ambpanama.esteri.it\/es\/wp-json\/wp\/v2\/pages\/153"}],"wp:attachment":[{"href":"https:\/\/ambpanama.esteri.it\/es\/wp-json\/wp\/v2\/media?parent=1244"}],"curies":[{"name":"wp","href":"https:\/\/api.w.org\/{rel}","templated":true}]}}