{"id":1250,"date":"2023-11-09T10:07:55","date_gmt":"2023-11-09T15:07:55","guid":{"rendered":"https:\/\/ambpanama.esteri.it\/italia-e-panama\/diplomazia-economica\/scheda-del-paese\/turismo\/"},"modified":"2024-08-05T10:27:13","modified_gmt":"2024-08-05T15:27:13","slug":"turismo","status":"publish","type":"page","link":"https:\/\/ambpanama.esteri.it\/es\/italia-e-panama\/diplomazia-economica\/scheda-del-paese\/turismo\/","title":{"rendered":"Turismo"},"content":{"rendered":"<p><strong>Panam\u00e1<\/strong> es un estado de Am\u00e9rica Central, caracterizado por una particular forma de \u00abS\u00bb horizontal, ba\u00f1ada por dos amplias vertientes marinas, una en el Oc\u00e9ano Pac\u00edfico y la otra en el mar Caribe. Entre una y otra vertiente se interponen cadenas monta\u00f1osas que alcanzan altas cumbres en la \u00abCordillera Central\u00bb situada al oeste, en las fronteras con Costa Rica y en la llamada \u00abSerran\u00eda del Dari\u00e9n\u00bb en el otro lado, en la frontera con Colombia.<\/p>\n<p>La frontera entre Am\u00e9rica del Norte, que incluye la zona com\u00fanmente conocida como Centroam\u00e9rica, y Am\u00e9rica del Sur, se coloca generalmente a lo largo del istmo de Panam\u00e1. Esta circunstancia hace de Panam\u00e1 un pa\u00eds transcontinental, puesto que se encuentra a caballo entre dos continentes, y un puente natural que lleva desde Am\u00e9rica del Norte hacia la Am\u00e9rica del Sur.<\/p>\n<p>Rodeado por el mar, iluminado por el sol tropical y la rica biodiversidad, Panam\u00e1 (que en lengua ind\u00edgena significa abundancia de peces) es una de las atracciones tur\u00edsticas con mayor potencial de crecimiento del mundo. El Foro Econ\u00f3mico Mundial en 2021 (edici\u00f3n m\u00e1s reciente) coloca a Panam\u00e1 en el puesto 60 entre los 140 destinos tur\u00edsticos m\u00e1s competitivos del mundo. La industria de viajes y turismo representa el 5,8% del PIB.<\/p>\n<p>Llamado \u00ab<strong>Hub de las Am\u00e9ricas<\/strong>\u00ab, el aeropuerto internacional de Tocumen ofrece la mejor conexi\u00f3n en Am\u00e9rica Latina, siendo el m\u00e1s conectado en la regi\u00f3n, con el mayor n\u00famero de vuelos internacionales directos (m\u00e1s de 132.000 al a\u00f1o).<\/p>\n<p><strong>La ATP- Autoridad de Turismo de Panam\u00e1<\/strong>, es el organismo gubernamental que asegura la promoci\u00f3n mundial de Panam\u00e1 <a href=\"https:\/\/www.atp.gob.pa\/\"><span style=\"font-size: 13.5pt; font-family: 'Geneva',sans-serif;\">https:\/\/www.atp.gob.pa<\/span><\/a><\/p>\n<p>La construcci\u00f3n del Canal de Panam\u00e1 ha permitido el encuentro entre las aguas de los dos oc\u00e9anos y es por eso que se habla de Panam\u00e1 como el pa\u00eds donde los oc\u00e9anos se besan.<\/p>\n<p>Pero Panam\u00e1 no es solo el Canal, sino que es un territorio lleno de sorpresas y con una incre\u00edble variedad de fauna y flora. La naturaleza es uno de los mayores atractivos del pa\u00eds: son famosos el parque internacional La Amistad, el parque nacional del Dari\u00e9n, la isla de Coiba\u00a0(declarada Patrimonio de la Humanidad por la UNESCO en 2005) y muchas m\u00e1s desde sus preciosas playas. En la zona de la selva m\u00e1s densa viven los pumas y los jaguares, y en el pa\u00eds hay m\u00e1s de 10.000 especies de plantas diferentes. El archipi\u00e9lago de San Blas es uno de los para\u00edsos tropicales m\u00e1s v\u00edrgenes del mundo, mientras que el archipi\u00e9lago de Bocas del Toro atrae a turistas y surfistas por su exuberante naturaleza.<\/p>\n<p><strong>Provincia de Panam\u00e1 y Panam\u00e1 Oeste<\/strong><\/p>\n<p>Ciudad de Panam\u00e1 (en espa\u00f1ol Ciudad de Panam\u00e1, en ingl\u00e9s Panama city) es la capital de la provincia hom\u00f3nima. Bordeada por el Canal de Panam\u00e1, una de las obras de ingenier\u00eda m\u00e1s importantes jam\u00e1s realizadas que atrae cada a\u00f1o a cerca de un mill\u00f3n de visitantes, En la capital cosmopolita y din\u00e1mica se funden modernidad y colonizaci\u00f3n, creando un ambiente vibrante. El barrio colonial del Casco Antiguo, con sus edificios hist\u00f3ricos y locales con terrazas de impresionantes vistas, atrae a turistas d\u00eda y noche, mientras que una oferta gastron\u00f3mica internacional satisface a los amantes de la buena comida.<\/p>\n<p>El Golfo de Panam\u00e1 se puede dividir en tres \u00e1reas principales: la zona Noroeste que incluye las islas de Taboga, Taboguilla y Urab\u00e1; el \u00e1rea central formada por el mayor n\u00famero de islas incluyendo Contadora; el \u00e1rea sur que incluye las tres islas mayores: Isla del Rey, Isla San Jos\u00e9, Isla Pedro Gonzal\u00e9s.<\/p>\n<p>La isla de Taboga se encuentra a unos 12 km de la capital en el Pac\u00edfico. En el recorrido en barco se puede ver la entrada del Canal, el Puente de las Am\u00e9ricas y la Cazada de Amador. Por la falta de coches, las calles estrechas, la iglesia colonial de 1550 y las muchas flores que adornan las casas, se llama isla de las flores.<\/p>\n<p>El archipi\u00e9lago de Las Perlas comprende unos doscientos islotes con playas blancas, arenas finas y fondos de coral. La isla m\u00e1s grande del archipi\u00e9lago es Isla del Rey, una reserva marina rica en camarones que se exportan a todo el mundo. A pesar de ser una isla peque\u00f1a, desde el punto de vista tur\u00edstico, Contadora es la m\u00e1s importante del archipi\u00e9lago. La isla es de apenas un kil\u00f3metro cuadrado y se puede recorrer a pie.<\/p>\n<p><strong>Hoteles en Bocas del Toro<\/strong><\/p>\n<p>El archipi\u00e9lago de Bocas del Toro, que incluye la laguna de Chriqu\u00ed y la bah\u00eda de Almirante, fue descubierto por Col\u00f3n en 1502. La provincia de Bocas del Toro, creada por el gobierno paname\u00f1o en el momento de la separaci\u00f3n de Colombia (22 de abril 1904), que comprende un archipi\u00e9lago de nueve islas a las que se unen unos doscientos islotes y se caracteriza por la extensi\u00f3n de su costa, Rica en arrecifes de coral y manglares, y por la riqueza de los bosques y la selva. En los a\u00f1os veinte, Bocas del Toro era una ciudad cosmopolita de aproximadamente 22 mil habitantes que se comunicaban entre s\u00ed principalmente en ingl\u00e9s. Solo con la llegada de la Rep\u00fablica, a principios del siglo XX, el espa\u00f1ol se convirti\u00f3 en lengua oficial. La actividad bananera dio una gran prosperidad a la zona pero en los a\u00f1os treinta un hongo destruy\u00f3 las plantaciones y llev\u00f3 al declive econ\u00f3mico de la zona. Sin embargo, en las \u00faltimas d\u00e9cadas, el archipi\u00e9lago se ha convertido en un importante destino tur\u00edstico que atrae a j\u00f3venes y amantes del surf de todo el continente americano, En las islas de Col\u00f3n y Bastimentos se han creado numerosos hoteles y ecoresort para unas vacaciones de mar y buceo.<\/p>\n<p><strong>Provincia de Chiriqu\u00ed<\/strong><\/p>\n<p>La provincia de Chiriqu\u00ed es considerada la Suiza paname\u00f1a por sus valles floridos, los chalets y el frescor de su clima, Los indios la llaman el Valle de la Luna por sus contrastes paisaj\u00edsticos: altas monta\u00f1as, tierras f\u00e9rtiles y playas oce\u00e1nicas. Esta variedad paisaj\u00edstica ha permitido el desarrollo de varias actividades productivas: desde la cr\u00eda de caballos hasta las plantaciones de caf\u00e9 y pl\u00e1tano, Desde invernaderos de flores cultivadas hasta naranjales. El principal destino tur\u00edstico es la peque\u00f1a ciudad de Boquete, desde donde se pueden visitar las plantaciones de caf\u00e9 y los caminos naturales que conducen a la cima del volc\u00e1n Bar\u00fa.<\/p>\n<p><strong>Comarca Kuna Yala<\/strong><\/p>\n<p>La comarca de Kuna Yala es un territorio aut\u00f3nomo que se encuentra en el noreste del pa\u00eds y comprende adem\u00e1s del archipi\u00e9lago de San Blas tambi\u00e9n una estrecha franja de costa caribe\u00f1a de unos 350 km. Este territorio est\u00e1 habitado por unos 50.000 indios Kuna, Muchos de ellos viven tambi\u00e9n en la provincia de Dari\u00e9n.<\/p>\n<p>Kuna Yala, la m\u00e1s grande de las comarcas habitadas por los Kuna, fue declarada reserva ind\u00edgena y protegida en 1957. Los Kuna tienen hoy gran autonom\u00eda, son propietarios de sus islas y no pagan impuestos al gobierno. Siempre han utilizado su propio idioma, que hasta el siglo pasado era solo oral y que todav\u00eda hoy encuentra resistencia a ser utilizado por escrito. La estructura social y familiar es matriarcal, los bienes se transmiten de madre a hija y el hombre debe trabajar para garantizar el bienestar de la familia. Ellos creen en la Gran Madre y en los ocho niveles espirituales que se encuentran en todo lo que existe, por eso tienen un gran respeto por el medio ambiente y rechazan cualquier intrusi\u00f3n en su civilizaci\u00f3n.<\/p>\n<p>El archipi\u00e9lago de San Blas, compuesto por m\u00e1s de 360 islas y atolones, es un para\u00edso tropical de arena blanca y mar cristalino. Es visitado por numerosos turistas tanto en alojamientos gestionados por los Kuna, como con cruceros y ch\u00e1rter en veleros y catamaranes.<\/p>\n<p><strong>Provincia de Col\u00f3n<\/strong><\/p>\n<p>La provincia de Col\u00f3n (llamada as\u00ed en honor al explorador italiano) es la segunda m\u00e1s importante del pa\u00eds.\u00a0 El territorio en la parte interior es llano y esta conformaci\u00f3n ha sido determinante para la construcci\u00f3n del Canal interoce\u00e1nico. La capital del mismo nombre, Col\u00f3n, es una importante ciudad portuaria sede de la ZLC (Zona Libre Col\u00f3n). En el plano portuario, Col\u00f3n es considerada la ciudad m\u00e1s importante del Caribe, por su ubicaci\u00f3n en la entrada atl\u00e1ntica del Canal y por su zona libre, La segunda en importancia solo en Hong Kong. La ciudad fue fundada en 1852 por los estadounidenses.<\/p>\n<p>En la costa todav\u00eda hay restos de espl\u00e9ndidas fortificaciones coloniales de la \u00e9poca espa\u00f1ola, incluyendo Portobelo y el Fuerte de San Lorenzo, numerosas islas v\u00edrgenes y playas tropicales, y es muy difundida y caracter\u00edstica la cultura Congo, que distingue a la poblaci\u00f3n de origen afrocaribe\u00f1o, declarada patrimonio inmaterial de la UNESCO en 2018.<\/p>\n<p><strong>Los Santos y provincias centrales<\/strong><\/p>\n<p>La Provincia de Los Santos, creada en 1850, forma parte de la pen\u00ednsula de Azuero y con Herrera, Cocl\u00e9 y Veraguas forman las llamadas provincias centrales del pa\u00eds. En el interior, el territorio es bastante monta\u00f1oso, mientras que la costa se caracteriza por playas solitarias diseminadas a lo largo de toda la costa, tambi\u00e9n destino de surfistas. Son las provincias m\u00e1s tradicionales de Panam\u00e1, donde se celebran las fiestas de carnaval y las polleras (los trajes t\u00edpicos de las mujeres paname\u00f1as).<\/p>\n<p>La Reserva Natural de la Isla Iguana, a 7 km de la costa, se encuentra en la provincia de Los Santos, en el distrito de Pedasi, y all\u00ed se puede admirar el arrecife m\u00e1s grande y mejor conservado de Panam\u00e1. Con casi 16 hect\u00e1reas, el arrecife incluye 11 especies de corales que, seg\u00fan los estudiosos, se remontan a cinco mil a\u00f1os, y cientos de peces. En la zona costera se encuentran varias especies de manglares, mientras que el interior est\u00e1 boscoso. En 1980 la isla fue declarada Refugio de Vida Silvestre y como tal protegida.<\/p>\n<p><strong>Provincia del Darien<\/strong><\/p>\n<p>La provincia de Dari\u00e9n es la m\u00e1s salvaje e impenetrable de todo el istmo paname\u00f1o. Esta vasta provincia, creada en 1922, comprende alrededor del 22% de todo el territorio nacional. Los casi 17.000 km cuadrados, escasamente habitados, est\u00e1n cubiertos en gran parte por la selva y son surcados por amplios r\u00edos que pueden alcanzar los 18 km de ancho. Gran parte de la selva ha sido declarada \u00e1rea protegida por la UNESCO y otras organizaciones internacionales, y de hecho gran parte de la provincia es parte del Parque Nacional del Dari\u00e9n.<\/p>\n<p>La selva es una barrera natural que impide cualquier conexi\u00f3n directa con la vecina Colombia y es, tambi\u00e9n por esta raz\u00f3n, una zona particularmente peligrosa, Donde no se recomienda aventurarse sin todas las precauciones adecuadas. Sin embargo, hay algunos eco-resorts exclusivos en la selva y varias agencias de turismo ofrecen tours y rutas por la naturaleza.<\/p>\n","protected":false},"excerpt":{"rendered":"Panam\u00e1 es un estado de Am\u00e9rica Central, caracterizado por una particular forma de \u00abS\u00bb horizontal, ba\u00f1ada por dos amplias vertientes marinas, una en el Oc\u00e9ano Pac\u00edfico y la otra en el mar Caribe. Entre una y otra vertiente se interponen cadenas monta\u00f1osas que alcanzan altas cumbres en la \u00abCordillera Central\u00bb situada al oeste, en las [&hellip;]","protected":false},"author":4,"featured_media":0,"parent":1244,"menu_order":0,"comment_status":"closed","ping_status":"closed","template":"","meta":{"footnotes":""},"class_list":["post-1250","page","type-page","status-publish","hentry"],"_links":{"self":[{"href":"https:\/\/ambpanama.esteri.it\/es\/wp-json\/wp\/v2\/pages\/1250","targetHints":{"allow":["GET"]}}],"collection":[{"href":"https:\/\/ambpanama.esteri.it\/es\/wp-json\/wp\/v2\/pages"}],"about":[{"href":"https:\/\/ambpanama.esteri.it\/es\/wp-json\/wp\/v2\/types\/page"}],"author":[{"embeddable":true,"href":"https:\/\/ambpanama.esteri.it\/es\/wp-json\/wp\/v2\/users\/4"}],"replies":[{"embeddable":true,"href":"https:\/\/ambpanama.esteri.it\/es\/wp-json\/wp\/v2\/comments?post=1250"}],"version-history":[{"count":3,"href":"https:\/\/ambpanama.esteri.it\/es\/wp-json\/wp\/v2\/pages\/1250\/revisions"}],"predecessor-version":[{"id":4671,"href":"https:\/\/ambpanama.esteri.it\/es\/wp-json\/wp\/v2\/pages\/1250\/revisions\/4671"}],"up":[{"embeddable":true,"href":"https:\/\/ambpanama.esteri.it\/es\/wp-json\/wp\/v2\/pages\/1244"}],"wp:attachment":[{"href":"https:\/\/ambpanama.esteri.it\/es\/wp-json\/wp\/v2\/media?parent=1250"}],"curies":[{"name":"wp","href":"https:\/\/api.w.org\/{rel}","templated":true}]}}