{"id":1292,"date":"2023-11-09T10:24:01","date_gmt":"2023-11-09T15:24:01","guid":{"rendered":"https:\/\/ambpanama.esteri.it\/italia-e-panama\/diplomazia-culturale\/visitare-panama\/"},"modified":"2024-09-18T11:36:51","modified_gmt":"2024-09-18T16:36:51","slug":"visitare-panama","status":"publish","type":"page","link":"https:\/\/ambpanama.esteri.it\/es\/italia-e-panama\/diplomazia-culturale\/visitare-panama\/","title":{"rendered":"Visitar Panama"},"content":{"rendered":"<p style=\"text-align: justify;\"><strong>Informaci\u00f3n \u00fatil para aquellos que planean quedarse en Panam\u00e1<\/strong><\/p>\n<p style=\"text-align: justify;\">Se invita a aquellos que deseen viajar a Panam\u00e1 a visitar el sitio <a href=\"http:\/\/www.viaggiaresicuri.it\/country\/PAN\">Viajes Seguros<\/a> para profundizar en las condiciones de salud, seguridad y movilidad en el pa\u00eds.<\/p>\n<p style=\"text-align: justify;\">Se invita a los ciudadanos italianos que est\u00e1n planeando un viaje de negocios o turismo a Panam\u00e1 a se\u00f1alar su presencia en el pa\u00eds en el sitio web <a href=\"https:\/\/www.dovesiamonelmondo.it\/home.html?1\">D\u00f3nde estamos en el mundo<\/a><\/p>\n<p style=\"text-align: justify;\">Para obtener informaci\u00f3n general y profundizar en la oferta tur\u00edstica de Panam\u00e1, visite la p\u00e1gina dedicada en nuestro sitio.<\/p>\n<p style=\"text-align: justify;\"><strong>NB. A la luz de la emergencia de Covid-19, tenga en cuenta que la informaci\u00f3n a continuaci\u00f3n no tiene en cuenta las medidas de emergencia introducidas por el gobierno local y relacionadas con las entradas al pa\u00eds, las condiciones de salud y seguridad. Para obtener m\u00e1s informaci\u00f3n al respecto, consulte los enlaces en la p\u00e1gina de inicio y el sitio Viajes Seguros.<\/strong><\/p>\n<p style=\"text-align: justify;\"><strong>ENTRADA EN EL PA\u00cdS<\/strong><\/p>\n<p style=\"text-align: justify;\">Pasaporte: No se requiere visa para Panam\u00e1 si la estancia es para fines tur\u00edsticos y hasta 90 d\u00edas. Es necesario presentar el suyo, con validez residual de al menos tres meses (90 d\u00edas) a partir de la llegada al pa\u00eds. La entrada al pa\u00eds est\u00e1 permitida previa presentaci\u00f3n del billete de vuelta o de otro documento de viaje que certifique la salida del pa\u00eds tambi\u00e9n hacia un lugar distinto del de procedencia. Se puede solicitar la demostraci\u00f3n de medios de subsistencia de no menos de 500 d\u00f3lares estadounidenses.\u00a0 Para los eventuales cambios relativos a la validez residual solicitud del pasaporte se aconseja informarse previamente en la Embajada o el Consulado del pa\u00eds presente en Italia o en el propio Agente de viaje<\/p>\n<p style=\"text-align: justify;\"><strong>FORMALIDADES MONETARIAS Y ADUANERAS<\/strong><\/p>\n<p style=\"text-align: justify;\">La moneda de curso legal en Panam\u00e1 es el d\u00f3lar estadounidense. Existe oficialmente una moneda nacional, denominada \u00abbalboa\u00bb, con valor siempre igual al d\u00f3lar estadounidense, pero que se emite solo en monedas de 5, 10, 25 y 50 c\u00e9ntimos y 1 balboa (las monedas, excepto la de 50 c\u00e9ntimos y 1 balboa, son id\u00e9nticas por forma, peso y color a las americanas). A su llegada al pa\u00eds, debe declarar a la aduana la posesi\u00f3n de moneda por sumas superiores a 10.000 d\u00f3lares.<br \/>\nLos bancos casi nunca disponen de servicios de cambio de divisas; en la actualidad, el cambio entre el euro y el d\u00f3lar solo lo realizan algunos bancos (BNP, HSBC) con sede solo en la capital.<br \/>\nPor lo tanto, se recomienda viajar con d\u00f3lares estadounidenses en billetes de no m\u00e1s de 50 d\u00f3lares, ya que se aceptan con menos dificultad. Por lo general, se puede retirar efectivo de los cajeros autom\u00e1ticos locales en las principales ciudades con tarjetas de cr\u00e9dito italianas. Al salir del pa\u00eds, se aplica una tasa de embarque de 20 d\u00f3lares por persona, que normalmente se incluye en el precio del billete.<\/p>\n<p style=\"text-align: justify;\"><strong>ZONA HORARIA<\/strong><\/p>\n<p style=\"text-align: justify;\">&#8211; 6 horas con respecto a Italia; &#8211; 7 horas cuando en Italia est\u00e1 vigente el horario de verano.<\/p>\n<p style=\"text-align: justify;\"><strong>SITUACI\u00d3N CLIM\u00c1TICA<\/strong><\/p>\n<p style=\"text-align: justify;\">El clima es tropical, muy c\u00e1lido y h\u00famedo. La temperatura durante todo el a\u00f1o es de alrededor de 30 grados, de d\u00eda y de noche. Hay dos estaciones: una lluviosa y muy h\u00fameda de finales de abril a finales de diciembre, con lluvias m\u00e1s fuertes en los meses de octubre y noviembre, y una seca, con menos humedad, de enero a finales de marzo. La costa atl\u00e1ntica es mucho m\u00e1s lluviosa que la costa pac\u00edfica durante todo el a\u00f1o.<\/p>\n<p style=\"text-align: justify;\"><strong>CONEXIONES CON ITALIA<\/strong><\/p>\n<p style=\"text-align: justify;\">Alrededor de 15 horas de viaje, con al menos un cambio de avi\u00f3n, no existen vuelos directos desde Italia. V\u00eda Europa, se puede llegar a Panam\u00e1 volando con Iberia (con escala en Madrid), Air France (con escala en Par\u00eds), KLM (con escala en Amsterdam), Lufthansa (con escala en Frankfurt) y, desde junio de 2019, Air Europa (con escala en Madrid). Al volar a Miami se pueden tomar vuelos a Europa de varias compa\u00f1\u00edas, entre ellas Alitalia, que tiene vuelos directos diarios a Mil\u00e1n y Roma. Existen otras soluciones de vuelo con escala en los Estados Unidos (para las cuales se requiere ESTA).<\/p>\n<p style=\"text-align: justify;\"><strong>SITUACI\u00d3N SANITARIA<\/strong><\/p>\n<p style=\"text-align: justify;\">La atenci\u00f3n m\u00e9dica es generalmente buena en las instalaciones privadas en la ciudad de Panam\u00e1, donde hay algunos hospitales y cl\u00ednicas de nivel similar al europeo. En la provincia los servicios m\u00e9dicos son a veces limitados. La disponibilidad de medicamentos es buena y no presenta problemas. El agua del grifo es potable en Panam\u00e1 y en los principales centros urbanos. No se requieren precauciones especiales en relaci\u00f3n con los alimentos: en los supermercados est\u00e1n disponibles casi todos los productos normales, incluidos los italianos m\u00e1s populares (pasta, aceite de oliva, etc.). En los restaurantes de la capital el nivel higi\u00e9nico es bueno; se aconseja evitar los quioscos a lo largo de las calles, dadas sus precarias condiciones higi\u00e9nicas.<br \/>\nLa malaria y el dengue, ambos transmitidos por mosquitos, est\u00e1n presentes, pero los casos est\u00e1n limitados y circunscritos a zonas alejadas de la capital y de las rutas tur\u00edsticas normales. No se recomiendan tratamientos preventivos, aparte del uso de repelentes de mosquitos, especialmente en las horas de la puesta del sol fuera de los centros urbanos y en zonas pantanosas.<\/p>\n<p style=\"text-align: justify;\"><strong>SITUACI\u00d3N DE SEGURIDAD<\/strong><\/p>\n<p style=\"text-align: justify;\">En general, Panam\u00e1 no presenta situaciones de riesgo particulares. Se puede viajar al territorio nacional sin precauciones especiales. Sin embargo, es prudente evitar ir a las siguientes zonas: la parte oriental de la provincia del Dari\u00e9n, sobre todo la zona fronteriza con Colombia;en la capital los barrios de Curund\u00fa, Chorrillo y San Miguelito;el barrio de Playita en Col\u00f3n, y en general las periferias de las ciudades m\u00e1s grandes. En las ciudades, salvo lo dicho anteriormente, la situaci\u00f3n de seguridad es normalmente comparable a la de las ciudades italianas y europeas de las mismas dimensiones. Por consiguiente, son aconsejables las medidas normales de prudencia aplicables a todos los grandes centros urbanos. Para m\u00e1s informaci\u00f3n, visite el sitio web <a href=\"https:\/\/www.viaggiaresicuri.it\/country\/PAN\">Viajes Seguros<\/a>.<\/p>\n<p style=\"text-align: justify;\"><strong>PERMISO DE CONDUCCI\u00d3N<\/strong><\/p>\n<p style=\"text-align: justify;\">Para los turistas que permanecen en el pa\u00eds por no m\u00e1s de 90 d\u00edas es suficiente el permiso de conducir italiano. Para obtener un permiso de conducci\u00f3n paname\u00f1o, el ciudadano italiano deber\u00e1 presentar:<\/p>\n<p style=\"text-align: justify;\">1) Pasaporte<\/p>\n<p style=\"text-align: justify;\">2) Permiso de residencia<\/p>\n<p style=\"text-align: justify;\">3) Examen de la glucosa<\/p>\n<p style=\"text-align: justify;\">4) Permiso de conducci\u00f3n original y certificado de validez del permiso expedido en Italia por la Motorizaci\u00f3n Civil, debidamente apostillado (exclusivamente en Italia) y traducido al espa\u00f1ol.<\/p>\n<p style=\"text-align: justify;\"><strong>CORRIENTE EL\u00c9CTRICA<\/strong><\/p>\n<p style=\"text-align: justify;\">120V 60 HZ. Los enchufes son id\u00e9nticos a los U.S.A<\/p>\n<p style=\"text-align: justify;\">GASOLINA (precio orientativo por litro)<\/p>\n<p style=\"text-align: justify;\">Sin plomo &#8230;. $ 1,10<br \/>\nGasolina &#8230;&#8230;&#8230;. $ 1,00<br \/>\nLos precios, actualizados en mayo de 2022, est\u00e1n sujetos a fluctuaciones.<\/p>\n","protected":false},"excerpt":{"rendered":"Informaci\u00f3n \u00fatil para aquellos que planean quedarse en Panam\u00e1 Se invita a aquellos que deseen viajar a Panam\u00e1 a visitar el sitio Viajes Seguros para profundizar en las condiciones de salud, seguridad y movilidad en el pa\u00eds. Se invita a los ciudadanos italianos que est\u00e1n planeando un viaje de negocios o turismo a Panam\u00e1 a [&hellip;]","protected":false},"author":4,"featured_media":0,"parent":156,"menu_order":4,"comment_status":"closed","ping_status":"closed","template":"","meta":{"footnotes":""},"class_list":["post-1292","page","type-page","status-publish","hentry"],"_links":{"self":[{"href":"https:\/\/ambpanama.esteri.it\/es\/wp-json\/wp\/v2\/pages\/1292","targetHints":{"allow":["GET"]}}],"collection":[{"href":"https:\/\/ambpanama.esteri.it\/es\/wp-json\/wp\/v2\/pages"}],"about":[{"href":"https:\/\/ambpanama.esteri.it\/es\/wp-json\/wp\/v2\/types\/page"}],"author":[{"embeddable":true,"href":"https:\/\/ambpanama.esteri.it\/es\/wp-json\/wp\/v2\/users\/4"}],"replies":[{"embeddable":true,"href":"https:\/\/ambpanama.esteri.it\/es\/wp-json\/wp\/v2\/comments?post=1292"}],"version-history":[{"count":6,"href":"https:\/\/ambpanama.esteri.it\/es\/wp-json\/wp\/v2\/pages\/1292\/revisions"}],"predecessor-version":[{"id":6239,"href":"https:\/\/ambpanama.esteri.it\/es\/wp-json\/wp\/v2\/pages\/1292\/revisions\/6239"}],"up":[{"embeddable":true,"href":"https:\/\/ambpanama.esteri.it\/es\/wp-json\/wp\/v2\/pages\/156"}],"wp:attachment":[{"href":"https:\/\/ambpanama.esteri.it\/es\/wp-json\/wp\/v2\/media?parent=1292"}],"curies":[{"name":"wp","href":"https:\/\/api.w.org\/{rel}","templated":true}]}}