{"id":1311,"date":"2023-11-07T11:30:15","date_gmt":"2023-11-07T16:30:15","guid":{"rendered":"https:\/\/ambpanama.esteri.it\/italia-e-panama\/diplomazia-culturale\/studiare-in-italia\/universita\/"},"modified":"2024-09-18T11:34:49","modified_gmt":"2024-09-18T16:34:49","slug":"universita","status":"publish","type":"page","link":"https:\/\/ambpanama.esteri.it\/es\/italia-e-panama\/diplomazia-culturale\/studiare-in-italia\/universita\/","title":{"rendered":"Universidades italianas"},"content":{"rendered":"<p style=\"font-weight: 400; text-align: justify;\">Informaciones sobre las <a href=\"https:\/\/www.miur.gov.it\/\">universidades<\/a>\u00a0italianas.<\/p>\n<p style=\"font-weight: 400; text-align: justify;\">Lista de las <a href=\"https:\/\/cercauniversita.cineca.it\/index.php?module=strutture&amp;page=StructureSearchParams&amp;advanced_serch=1\">Universidades italianas<\/a>\u00a0y de las Academias, Conservatorios e Institutos de alta formacion artistica y musicale (<a href=\"http:\/\/www.miur.it\/0004Alta_F\/0027Istitu\/index_cf4.htm\">AFAM<\/a>).<\/p>\n<p style=\"text-align: justify;\"><strong>\u00bfC\u00d3MO FUNCIONA EL SISTEMA DE FORMACI\u00d3N SUPERIOR ITALIANO?<\/strong><\/p>\n<p style=\"text-align: justify;\">En el marco del Proceso de Bolonia, Italia ha introducido el nuevo sistema de ordenaci\u00f3n: la educaci\u00f3n superior en Italia consiste ahora en un t\u00edtulo de tres a\u00f1os, que puede ser seguido por un t\u00edtulo de maestr\u00eda de dos a\u00f1os (anteriormente llamado t\u00edtulo de maestr\u00eda).<\/p>\n<p style=\"font-weight: 400; text-align: justify;\">El Proceso ha establecido una serie de est\u00e1ndares para la excelencia en la educaci\u00f3n superior que se concretizan en <a href=\"https:\/\/www.study.eu\/article\/the-european-higher-education-area-ehea\">Spazio Europeo dell&#8217;Istruzione Superiore (EHEA)<\/a>. Hay un sistema de cr\u00e9ditos para cuantificar la cantidad de trabajo necesario para aprobar cada curso (por ejemplo, 25 horas de trabajo = un cr\u00e9dito), as\u00ed como la posibilidad de cambiar de curso o continuar sus estudios en el extranjero despu\u00e9s de tres a\u00f1os. Se han mantenido algunos t\u00edtulos de ciclo \u00fanico: los estudiantes que deseen estudiar derecho deben tomar el M\u00e1ster en Ciclo \u00danico de cinco a\u00f1os, mientras que los estudiantes de medicina deben tomar un t\u00edtulo de seis a\u00f1os.<\/p>\n<p style=\"text-align: justify;\"><strong>Primer Ciclo<\/strong><\/p>\n<p style=\"text-align: justify;\"><strong>Licenciatura<\/strong><\/p>\n<p style=\"text-align: justify;\">Tiene como objetivo garantizar al estudiante un dominio adecuado de los m\u00e9todos y contenidos cient\u00edficos generales. Los programas de Grado tienen una duraci\u00f3n de 3 a\u00f1os, equivalente a 180 ECTS (Cr\u00e9ditos Formativos Universitarios). Se accede con diploma de escuela secundaria superior u otro t\u00edtulo de estudios obtenido en el extranjero y reconocido como elegible.<\/p>\n<p style=\"text-align: justify;\">La Licenciatura corresponde a la Licenciatura en Ciencias del sistema universitario europeo definido en Bolonia en 1998.<\/p>\n<p style=\"text-align: justify;\"><strong>Segundo ciclo<\/strong><\/p>\n<p style=\"text-align: justify;\"><strong>Licenciado en Ciencias por Maestr\u00eda<\/strong><\/p>\n<p style=\"text-align: justify;\">Tiene como objetivo proporcionar al estudiante una formaci\u00f3n de nivel avanzado para el ejercicio de actividades de alta calificaci\u00f3n en \u00e1reas espec\u00edficas. Los cursos tienen una duraci\u00f3n de 2 a\u00f1os igual a 120 ECTS. Se accede a ellos con el t\u00edtulo u otro t\u00edtulo obtenido en el extranjero reconocido como apto.<\/p>\n<p style=\"text-align: justify;\">En algunos lugares y para algunas disciplinas (Medicina, Farmac\u00e9utica) hay cursos de Grado Magistral a los que se accede directamente con el diploma de escuela secundaria superior u otro t\u00edtulo equivalente en el extranjero, que se dividen en un solo ciclo de 5 o 6 a\u00f1os, un total de 300 o 360 UFC.<\/p>\n<p style=\"text-align: justify;\">El M\u00e1ster es el M\u00e1ster en Ciencias del Sistema Universitario Europeo definido en Bolonia en 1998.<\/p>\n<p style=\"text-align: justify;\">En algunos lugares tambi\u00e9n se ofrece un nivel de especializaci\u00f3n de la Licenciatura para aumentar la formaci\u00f3n profesional: el Master universitario de 1\u00b0 nivel. Este t\u00edtulo no forma parte del sistema universitario europeo definido en Bolonia en 1998.<\/p>\n<p style=\"text-align: justify;\"><strong>Tercer ciclo<\/strong><\/p>\n<p style=\"text-align: justify;\"><strong>Doctorado<\/strong><\/p>\n<p style=\"text-align: justify;\">Tiene como objetivo proporcionar las habilidades necesarias para ejercer actividades de investigaci\u00f3n altamente calificadas. El curso tiene una duraci\u00f3n de 3 a\u00f1os. Para acceder es necesario estar en posesi\u00f3n del Diploma de Grado Especializado\/Magistral italiano o extranjero. Est\u00e1n previstos ex\u00e1menes de admisi\u00f3n.<\/p>\n<p style=\"text-align: justify;\"><strong>Curso de Diploma de Posgrado<\/strong><\/p>\n<p style=\"text-align: justify;\">Su objetivo es proporcionar conocimientos y habilidades para las funciones requeridas en el ejercicio de actividades profesionales particulares. Permite obtener la habilitaci\u00f3n para el ejercicio de estas profesiones y est\u00e1 destinado a la formaci\u00f3n de especialistas en determinados sectores profesionales. La duraci\u00f3n de un curso de especializaci\u00f3n es de al menos 2 a\u00f1os.<\/p>\n<p style=\"text-align: justify;\"><strong>M\u00e1ster de Nivel II<\/strong><\/p>\n<p style=\"text-align: justify;\">El M\u00e1ster de segundo nivel es un curso de perfeccionamiento de la formaci\u00f3n universitaria al que se accede al t\u00e9rmino del segundo ciclo universitario. Prev\u00e9 la adquisici\u00f3n de al menos 60 UFC.<\/p>\n<p style=\"text-align: justify;\"><strong>Informativa General<\/strong><\/p>\n<p style=\"text-align: justify;\">No es sorprendente que muchos estudiantes internacionales decidan continuar sus estudios acad\u00e9micos en Italia. Con sus 91 universidades en 170 ciudades, cada estudiante puede elegir la instituci\u00f3n, los cursos y la sede m\u00e1s cercana para continuar su formaci\u00f3n.<\/p>\n<p style=\"text-align: justify;\">Adem\u00e1s de las universidades, la mayor\u00eda de las cuales son financiadas p\u00fablicamente (esto significa que en muchos casos no es necesario tener una beca para asistir a una universidad italiana), en nuestro pa\u00eds hay un gran n\u00famero de centros especializados post-Licenciados, polit\u00e9cnicos, conservatorios musicales y academias de alta formaci\u00f3n art\u00edstica, que forman parte del sistema de educaci\u00f3n superior, as\u00ed como universidades privadas entre las mejores de Europa.<\/p>\n<p style=\"font-weight: 400; text-align: justify;\">Inscripciones de estudiantes extranjeros: los estudiantes extranjeros interesados en realizar estudios en las Universidades Italianas encuentran noticias \u00fatiles sobre las plazas reservadas para ellos en una secci\u00f3n espec\u00edfica del sitio <a href=\"https:\/\/www.studiare-in-italia.it\/studentistranieri\/\"><b><strong>MIUR<\/strong><\/b><\/a>.<\/p>\n<p style=\"text-align: justify;\"><strong>\u00bfCU\u00c1LES Y CU\u00c1NTAS SON LAS UNIVERSIDADES EN ITALIA?<\/strong><\/p>\n<p style=\"text-align: justify;\">Un total de 40 universidades italianas figuran en el QS World University Rankings\u00ae 2021, de las cuales 11 se encuentran en el top 500 mundial. Los top 5 son:<\/p>\n<ul style=\"text-align: justify;\">\n<li>Universidad Polit\u00e9cnica de Mil\u00e1n<\/li>\n<li>Alma Mater Studiorum<\/li>\n<li>Universidad de Bolonia<\/li>\n<li>Sapienza Universidad de Roma<\/li>\n<li>Universidad de Padua, Italia<\/li>\n<li>Universidad Estatal de Buenos Aires<\/li>\n<\/ul>\n<p style=\"text-align: justify;\">Italia tambi\u00e9n es el hogar de algunas de las mejores escuelas de negocios de Europa, incluida la prestigiosa SDA Bocconi de Mil\u00e1n, la capital financiera del pa\u00eds. Sus programas de MBA a menudo encabezan las listas mundiales y europeas, y muchos l\u00edderes de negocios se encuentran entre sus ex alumnos.<\/p>\n<p style=\"text-align: justify;\">Estas y muchas otras universidades en Italia est\u00e1n intensificando sus esfuerzos para acelerar su internacionalizaci\u00f3n y ofrecer programas de grado espec\u00edficos para estudiantes internacionales. Actualmente hay m\u00e1s de 500 programas de estudio en ingl\u00e9s disponibles en el pa\u00eds. Y cada a\u00f1o, hay m\u00e1s y m\u00e1s opciones para estudiar en Italia en ingl\u00e9s.<\/p>\n<p style=\"text-align: justify;\"><strong>ENLACES \u00daTILES<\/strong><\/p>\n<p style=\"text-align: justify;\">Cursos universitarios en ingl\u00e9s en universidades italianas<\/p>\n<p style=\"text-align: justify;\">Los estudiantes extranjeros que deseen realizar parte de su itinerario de estudios universitarios en Italia pueden encontrar en el sitio Universitaly la lista de los cursos ofrecidos en ingl\u00e9s por las diferentes universidades italianas: <a href=\"http:\/\/www.universitaly.it\/index.php\/public\/cercacorsiInglese\">http:\/\/www.universitaly.it\/index.php\/public\/cercacorsiInglese<\/a><\/p>\n<p style=\"font-weight: 400; text-align: justify;\">Adem\u00e1s, para facilitar la consulta de los cursos ofrecidos en lengua inglesa, a continuaci\u00f3n se incluye una lista de enlaces que discriminan los cursos por categor\u00eda, \u00e1rea tem\u00e1tica, universidades y nivel:<\/p>\n<ul style=\"font-weight: 400; text-align: justify;\">\n<li>Cursos de M\u00e1ster Universitario por \u00e1rea disciplinaria <a href=\"https:\/\/www2.crui.it\/crui\/corsi_lingua_inglese_rilevazione2019\/Master_by_field_of_study_2019_2020.pdf\">https:\/\/www2.crui.it\/crui\/corsi_lingua_inglese_rilevazione2019\/Master_by_field_of_study_2019_2020.pdf<\/a><\/li>\n<li>Cursos de M\u00e1ster Universitario para Universidades de iniciaci\u00f3n <a href=\"https:\/\/www2.crui.it\/crui\/corsi_lingua_inglese_rilevazione2019\/Master_by_univ_2019_2020_rev2.pdf\">https:\/\/www2.crui.it\/crui\/corsi_lingua_inglese_rilevazione2019\/Master_by_univ_2019_2020_rev2.pdf<\/a><\/li>\n<li>Cursos de Doctorado por \u00e1rea disciplinar <a href=\"https:\/\/www2.crui.it\/crui\/corsi_lingua_inglese_rilevazione2019\/PhD_by_field_of_study_2019_2020.pdf\">https:\/\/www2.crui.it\/crui\/corsi_lingua_inglese_rilevazione2019\/PhD_by_field_of_study_2019_2020.pdf<\/a><\/li>\n<li>Corsi di Dottorato di Ricerca per universit\u00e0 di afferenz <a href=\"https:\/\/www2.crui.it\/crui\/corsi_lingua_inglese_rilevazione2019\/PhD_by_univ_2019_2020.pdf\">https:\/\/www2.crui.it\/crui\/corsi_lingua_inglese_rilevazione2019\/PhD_by_univ_2019_2020.pdf<\/a>\u00a0}<\/li>\n<li>Winter\/Summer School por \u00e1rea disciplinaria <a href=\"https:\/\/www2.crui.it\/crui\/corsi_lingua_inglese_rilevazione2019\/Winter_Summer_school_by_field_of_study_2019_2020.pdf\">https:\/\/www2.crui.it\/crui\/corsi_lingua_inglese_rilevazione2019\/Winter_Summer_school_by_field_of_study_2019_2020.pdf<\/a><\/li>\n<li>Winter\/Summer School para universidades de acogida <a href=\"https:\/\/www2.crui.it\/crui\/corsi_lingua_inglese_rilevazione2019\/Winter_Summer_school_by_university_2019_2020.pdf\">https:\/\/www2.crui.it\/crui\/corsi_lingua_inglese_rilevazione2019\/Winter_Summer_school_by_university_2019_2020.pdf<\/a><\/li>\n<\/ul>\n<p style=\"font-weight: 400; text-align: justify;\"><strong>Las listas completas de las universidades se pueden consultar a trav\u00e9s de:<\/strong><\/p>\n<ul style=\"font-weight: 400; text-align: justify;\">\n<li>El motor de b\u00fasqueda del MIUR<\/li>\n<li><a href=\"https:\/\/www.universitaly.it\/index.php\/\">Universitaly<\/a> (la Universidad Italiana a un solo click)<\/li>\n<li><a href=\"https:\/\/www.universitaly.it\/index.php\/university\/universitaitalia\">Gli Atenei, uno per uno<\/a><\/li>\n<li><a href=\"http:\/\/www.afam.miur.it\/argomenti\/istituzioni.aspx\">Istituzioni AFAM<\/a> (Formacion artistica y musicale)<\/li>\n<li>El especiale motor de b\u00fasqueda <b><strong><a href=\"http:\/\/www.cineca.it\/\">CINECA<\/a><\/strong><\/b>.<\/li>\n<\/ul>\n<p style=\"font-weight: 400; text-align: justify;\">Los estudiantes extranjeros interesados en realizar estudios en las Universidades Italianas tambi\u00e9n encuentran noticias \u00fatiles sobre las plazas reservadas para ellos en el <a href=\"https:\/\/www.studiare-in-italia.it\/studentistranieri\/\">sito del MIUR<\/a> la p\u00e1gina relativa a la oferta de formaci\u00f3n y a las normas de acceso de los estudiantes extranjeros, o en el sitio Universitaly, que siempre est\u00e1 a cargo del MIUR.<\/p>\n<p style=\"font-weight: 400; text-align: justify;\">Tambi\u00e9n hay una p\u00e1gina dedicada a las universidades en el sitio de la <a href=\"https:\/\/www.crui.it\/index.php\/atenei-e-rettori-crui\">CRUI &#8211; Conferenza dei Rettori delle Universit\u00e0 Italiane.<\/a><\/p>\n<p style=\"font-weight: 400; text-align: justify;\">Para la regi\u00f3n de Am\u00e9rica Latina existe un <a href=\"http:\/\/www.recolatin.eu\/\">centro de validaci\u00f3n y reconocimiento<\/a>. El proyecto RecoLATIN tiene como objetivo promover y aumentar la calidad de la movilidad vertical y horizontal dentro de los sistemas de educaci\u00f3n superior latinoamericanos y europeos, aumentando el reconocimiento de las cualificaciones dentro de la regi\u00f3n latinoamericana y europea.<\/p>\n<p style=\"text-align: justify;\">Se recuerda que la informaci\u00f3n sobre las ofertas a favor de estudiantes extranjeros e italianos residentes en el extranjero (IRE) se puede encontrar en las secciones \u00abBecas\u00bb y \u00abIILA &#8211; Becas para ciudadanos latinoamericanos\u00bb de este sitio.\u00a0 Por \u00faltimo, puede ser \u00fatil consultar la <a href=\"https:\/\/www.censis.it\/formazione\/la-classifica-censis-delle-universit%C3%A0-italiane-edizione-20202021-0\">Classifica Censis delle Universit\u00e0 italiane<\/a>.<\/p>\n<p style=\"text-align: justify;\"><strong>Matriculaci\u00f3n de estudiantes extranjeros:<\/strong><\/p>\n<p style=\"text-align: justify;\">Para aquellos estudiantes que deseen tener la certeza de poder comenzar sus estudios en una de las universidades italianas existen<br \/>\nInstituciones como \u00abFoundation course\u00bb, un puente necesario para insertar provechosamente a los estudiantes internacionales en el sistema universitario italiano. Creado en convenci\u00f3n con varias instituciones italianas de Alta Formaci\u00f3n, este curso preparatorio tiene todas las caracter\u00edsticas de flexibilidad operativa (en l\u00ednea y\/o en presencia), duraci\u00f3n y tutor\u00eda personalizada para ser verdaderamente eficaz, como se explica en el PDF de presentaci\u00f3n (en espa\u00f1ol).<\/p>\n<p style=\"text-align: justify;\">Las residencias universitarias de la CCU constituyen soluciones notablemente competitivas en t\u00e9rminos de relaci\u00f3n calidad\/precio y est\u00e1n ubicadas en 14 ciudades italianas.<\/p>\n<p style=\"font-weight: 400; text-align: justify;\">En el \u00e1mbito de la CCU se puede se\u00f1alar la excelencia de los colegios de la Fundaci\u00f3n RUI (<a href=\"http:\/\/www.fondazionerui.it\/\">www.fondazionerui.it<\/a>) y Camplus(<a href=\"http:\/\/www.camplus.it\/\">www.camplus.it<\/a>).<\/p>\n<p style=\"text-align: justify;\">Eduitalia es una asociaci\u00f3n de 111 escuelas\/academias\/universidades p\u00fablicas y privadas que ofrece informaci\u00f3n sobre las opciones de estudio para per\u00edodos de corta o larga duraci\u00f3n a estudiantes extranjeros de cualquier edad que quieran estudiar en Italia.<\/p>\n<p style=\"text-align: justify;\"><strong>Internacionalizaci\u00f3n de las universidades<\/strong><\/p>\n<ul style=\"font-weight: 400;\">\n<li style=\"text-align: justify;\"><a href=\"https:\/\/www.crui.it\/home-ri.html\">CRUI (Conferenza dei Rettori delle Universit\u00e0 Italiane)<\/a><\/li>\n<li style=\"text-align: justify;\"><a href=\"http:\/\/www.universitaly.it\/index.php\/imat_home\">Examen IMAT (International Medical Admissions Test)IMAT (International Medical Admissions Test)<\/a><\/li>\n<\/ul>\n","protected":false},"excerpt":{"rendered":"Informaciones sobre las universidades\u00a0italianas. Lista de las Universidades italianas\u00a0y de las Academias, Conservatorios e Institutos de alta formacion artistica y musicale (AFAM). \u00bfC\u00d3MO FUNCIONA EL SISTEMA DE FORMACI\u00d3N SUPERIOR ITALIANO? En el marco del Proceso de Bolonia, Italia ha introducido el nuevo sistema de ordenaci\u00f3n: la educaci\u00f3n superior en Italia consiste ahora en un t\u00edtulo [&hellip;]","protected":false},"author":4,"featured_media":0,"parent":158,"menu_order":1,"comment_status":"closed","ping_status":"closed","template":"","meta":{"footnotes":""},"class_list":["post-1311","page","type-page","status-publish","hentry"],"_links":{"self":[{"href":"https:\/\/ambpanama.esteri.it\/es\/wp-json\/wp\/v2\/pages\/1311","targetHints":{"allow":["GET"]}}],"collection":[{"href":"https:\/\/ambpanama.esteri.it\/es\/wp-json\/wp\/v2\/pages"}],"about":[{"href":"https:\/\/ambpanama.esteri.it\/es\/wp-json\/wp\/v2\/types\/page"}],"author":[{"embeddable":true,"href":"https:\/\/ambpanama.esteri.it\/es\/wp-json\/wp\/v2\/users\/4"}],"replies":[{"embeddable":true,"href":"https:\/\/ambpanama.esteri.it\/es\/wp-json\/wp\/v2\/comments?post=1311"}],"version-history":[{"count":6,"href":"https:\/\/ambpanama.esteri.it\/es\/wp-json\/wp\/v2\/pages\/1311\/revisions"}],"predecessor-version":[{"id":6228,"href":"https:\/\/ambpanama.esteri.it\/es\/wp-json\/wp\/v2\/pages\/1311\/revisions\/6228"}],"up":[{"embeddable":true,"href":"https:\/\/ambpanama.esteri.it\/es\/wp-json\/wp\/v2\/pages\/158"}],"wp:attachment":[{"href":"https:\/\/ambpanama.esteri.it\/es\/wp-json\/wp\/v2\/media?parent=1311"}],"curies":[{"name":"wp","href":"https:\/\/api.w.org\/{rel}","templated":true}]}}