{"id":1317,"date":"2023-11-07T12:15:56","date_gmt":"2023-11-07T17:15:56","guid":{"rendered":"https:\/\/ambpanama.esteri.it\/italia-e-panama\/diplomazia-culturale\/studiare-in-italia\/borse-di-studio\/"},"modified":"2024-09-18T11:35:29","modified_gmt":"2024-09-18T16:35:29","slug":"borse-di-studio","status":"publish","type":"page","link":"https:\/\/ambpanama.esteri.it\/es\/italia-e-panama\/diplomazia-culturale\/studiare-in-italia\/borse-di-studio\/","title":{"rendered":"Becas"},"content":{"rendered":"<p style=\"text-align: justify;\">El Ministerio de Asuntos Exteriores y Cooperaci\u00f3n Internacional (MAECI) ofrece cada a\u00f1o becas a estudiantes extranjeros e italianos residentes en el extranjero (IRE), con el objetivo de favorecer la cooperaci\u00f3n en el \u00e1mbito cultural, cient\u00edfico y tecnol\u00f3gico, la proyecci\u00f3n del sistema econ\u00f3mico de Italia en el mundo y la difusi\u00f3n del conocimiento de la lengua y cultura italiana (ref. Ley 288\/55 y sucesivas modificaciones e integraciones).<\/p>\n<p style=\"text-align: justify;\">Las becas se ofrecen para llevar a cabo programas de estudio, formaci\u00f3n y\/o investigaci\u00f3n en instituciones italianas estatales o legalmente reconocidas.<\/p>\n<p style=\"text-align: justify;\">La lista de ofertas de formaci\u00f3n puede consultarse en la siguiente p\u00e1gina:<\/p>\n<p style=\"text-align: justify;\"><a href=\"https:\/\/studyinitaly.esteri.it\/\">https:\/\/studyinitaly.esteri.it<\/a><\/p>\n<p style=\"text-align: justify;\">\n<p style=\"text-align: justify;\"><strong>Tipos de cursos para los que pueden presentarse solicitudes<\/strong><\/p>\n<ul style=\"text-align: justify;\">\n<li>Cursos de M\u00e1ster Universitario;<\/li>\n<li>Cursos de alta formaci\u00f3n profesional, art\u00edstica y musical (AFAM);<\/li>\n<li>Doctorados de investigaci\u00f3n<\/li>\n<li>Proyectos de Estudio de Co-protecci\u00f3n;<\/li>\n<\/ul>\n<p style=\"text-align: justify;\">Las solicitudes en l\u00ednea deben enviarse a trav\u00e9s del Portal <a href=\"https:\/\/studyinitaly.esteri.it\/\">Study in Italy<\/a><\/p>\n<p style=\"text-align: justify;\">Las candidaturas deben ser enviadas exclusivamente por v\u00eda telem\u00e1tica, accediendo al portal, previa inscripci\u00f3n a trav\u00e9s de nombre de usuario y contrase\u00f1a. Se recomienda leer atentamente los anuncios correspondientes.<\/p>\n<p style=\"text-align: justify;\">Se puede encontrar m\u00e1s informaci\u00f3n en el sitio web del Ministerio de Asuntos Exteriores y de la Cooperaci\u00f3n Internacional en siguiente enlace: <a href=\"http:\/\/www.esteri.it\/mae\/it\/ministero\/servizi\/stranieri\/opportunita\/borsestudio_stranieri.html\">http:\/\/www.esteri.it\/mae\/it\/ministero\/servizi\/stranieri\/opportunita\/borsestudio_stranieri.html<\/a><\/p>\n<p style=\"text-align: justify;\">Para obtener una lista no exhaustiva de las becas y oportunidades ofrecidas por cada universidad italiana, puede consultar el siguiente enlace: <a href=\"https:\/\/www.esteri.it\/mae\/it\/servizi\/stranieri\/opportunita\/borse-di-studio-offerte-dalle-universita.html\">https:\/\/www.esteri.it\/mae\/it\/servizi\/stranieri\/opportunita\/borse-di-studio-offerte-dalle-universita.html<\/a><\/p>\n","protected":false},"excerpt":{"rendered":"El Ministerio de Asuntos Exteriores y Cooperaci\u00f3n Internacional (MAECI) ofrece cada a\u00f1o becas a estudiantes extranjeros e italianos residentes en el extranjero (IRE), con el objetivo de favorecer la cooperaci\u00f3n en el \u00e1mbito cultural, cient\u00edfico y tecnol\u00f3gico, la proyecci\u00f3n del sistema econ\u00f3mico de Italia en el mundo y la difusi\u00f3n del conocimiento de la lengua [&hellip;]","protected":false},"author":4,"featured_media":0,"parent":158,"menu_order":3,"comment_status":"closed","ping_status":"closed","template":"","meta":{"footnotes":""},"class_list":["post-1317","page","type-page","status-publish","hentry"],"_links":{"self":[{"href":"https:\/\/ambpanama.esteri.it\/es\/wp-json\/wp\/v2\/pages\/1317","targetHints":{"allow":["GET"]}}],"collection":[{"href":"https:\/\/ambpanama.esteri.it\/es\/wp-json\/wp\/v2\/pages"}],"about":[{"href":"https:\/\/ambpanama.esteri.it\/es\/wp-json\/wp\/v2\/types\/page"}],"author":[{"embeddable":true,"href":"https:\/\/ambpanama.esteri.it\/es\/wp-json\/wp\/v2\/users\/4"}],"replies":[{"embeddable":true,"href":"https:\/\/ambpanama.esteri.it\/es\/wp-json\/wp\/v2\/comments?post=1317"}],"version-history":[{"count":4,"href":"https:\/\/ambpanama.esteri.it\/es\/wp-json\/wp\/v2\/pages\/1317\/revisions"}],"predecessor-version":[{"id":6233,"href":"https:\/\/ambpanama.esteri.it\/es\/wp-json\/wp\/v2\/pages\/1317\/revisions\/6233"}],"up":[{"embeddable":true,"href":"https:\/\/ambpanama.esteri.it\/es\/wp-json\/wp\/v2\/pages\/158"}],"wp:attachment":[{"href":"https:\/\/ambpanama.esteri.it\/es\/wp-json\/wp\/v2\/media?parent=1317"}],"curies":[{"name":"wp","href":"https:\/\/api.w.org\/{rel}","templated":true}]}}