{"id":1385,"date":"2023-11-07T12:09:04","date_gmt":"2023-11-07T17:09:04","guid":{"rendered":"https:\/\/ambpanama.esteri.it\/servizi-consolari-e-visti\/servizi-per-il-cittadino-italiano\/avvocati\/"},"modified":"2025-06-16T15:44:43","modified_gmt":"2025-06-16T20:44:43","slug":"avvocati","status":"publish","type":"page","link":"https:\/\/ambpanama.esteri.it\/es\/servizi-consolari-e-visti\/servizi-per-il-cittadino-italiano\/avvocati\/","title":{"rendered":"Abogados"},"content":{"rendered":"<ul>\n<li><strong>PUBLICACI\u00d3N DE LA LISTA DE ABOGADOS CONOCIDOS POR LA EMBAJADA<\/strong><\/li>\n<\/ul>\n<p style=\"text-align: justify;\">Puede consultar en el siguiente enlace una <a href=\"https:\/\/ambpanama.esteri.it\/wp-content\/uploads\/2025\/06\/elenco_avvocati_agg_2025.pdf\">lista<\/a>\u00a0de abogados conocidos por esta Embajada.<\/p>\n<p style=\"text-align: justify;\">La presente lista no es exhaustiva y la Embajada no se responsabiliza de la labor de los profesionales publicados ni de las tarifas aplicadas por ellos.<\/p>\n<p style=\"text-align: justify;\">Para ser incluidos en la lista, los interesados titulares de despachos de abogados deber\u00e1n enviar una solicitud a la Secretar\u00eda Consular de esta Embajada (\u00a0<a href=\"mailto:consolare.panama@esteri.it\">consolare.panama@esteri.it<\/a>\u00a0), indicando los siguientes datos:<\/p>\n<ul style=\"text-align: justify;\">\n<li>Nombre del bufete de abogados<\/li>\n<li>Nombre del propietario y\/u otra persona de contacto<\/li>\n<li>Direcci\u00f3n, tel\u00e9fono, fax, correo electr\u00f3nico y sitio web.<\/li>\n<\/ul>\n<p style=\"text-align: justify;\">Los requisitos para ser incluidos son los siguientes:<\/p>\n<ol>\n<li style=\"text-align: justify;\">Autorizaci\u00f3n escrita a la Embajada para la publicaci\u00f3n de sus datos personales;<\/li>\n<li style=\"text-align: justify;\">Confirmaci\u00f3n escrita de datos como: NOMBRE, APELLIDOS, TEL\u00c9FONO DE CONTACTO, CORREO ELECTR\u00d3NICO, CORREO ELECTRONICO CERTIFICADO, DIRECCION DEL BUFETE DE ABOGADOS;<\/li>\n<li style=\"text-align: justify;\">Documento de identidad v\u00e1lido de cada uno de los miembros del bufete;<\/li>\n<li style=\"text-align: justify;\">Hoja de vida de los profesionales;<\/li>\n<li style=\"text-align: justify;\">Documentaci\u00f3n relacionada con la autorizaci\u00f3n legal para el ejercicio de la profesi\u00f3n;<\/li>\n<li style=\"text-align: justify;\">Documentaci\u00f3n que acredite el registro profesional;<\/li>\n<li style=\"text-align: justify;\">Conocimientos de Derecho italiano y especialidades afines, por citar algunas: Derecho penal, derecho civil, derecho mercantil, derecho de familia, inmigraci\u00f3n, etc.;<\/li>\n<li style=\"text-align: justify;\">Conocimiento de italiano, espa\u00f1ol y cualquier otro idioma oficial;<\/li>\n<li style=\"text-align: justify;\">Declaraci\u00f3n de no tener antecedentes penales o procesos penales en curso;<\/li>\n<li style=\"text-align: justify;\">Evidencia de cualquier relaci\u00f3n de asociaci\u00f3n o colaboraci\u00f3n con despachos de abogados italianos.<\/li>\n<\/ol>\n","protected":false},"excerpt":{"rendered":"PUBLICACI\u00d3N DE LA LISTA DE ABOGADOS CONOCIDOS POR LA EMBAJADA Puede consultar en el siguiente enlace una lista\u00a0de abogados conocidos por esta Embajada. La presente lista no es exhaustiva y la Embajada no se responsabiliza de la labor de los profesionales publicados ni de las tarifas aplicadas por ellos. Para ser incluidos en la lista, [&hellip;]","protected":false},"author":4,"featured_media":0,"parent":170,"menu_order":15,"comment_status":"closed","ping_status":"closed","template":"","meta":{"footnotes":""},"class_list":["post-1385","page","type-page","status-publish","hentry"],"_links":{"self":[{"href":"https:\/\/ambpanama.esteri.it\/es\/wp-json\/wp\/v2\/pages\/1385","targetHints":{"allow":["GET"]}}],"collection":[{"href":"https:\/\/ambpanama.esteri.it\/es\/wp-json\/wp\/v2\/pages"}],"about":[{"href":"https:\/\/ambpanama.esteri.it\/es\/wp-json\/wp\/v2\/types\/page"}],"author":[{"embeddable":true,"href":"https:\/\/ambpanama.esteri.it\/es\/wp-json\/wp\/v2\/users\/4"}],"replies":[{"embeddable":true,"href":"https:\/\/ambpanama.esteri.it\/es\/wp-json\/wp\/v2\/comments?post=1385"}],"version-history":[{"count":6,"href":"https:\/\/ambpanama.esteri.it\/es\/wp-json\/wp\/v2\/pages\/1385\/revisions"}],"predecessor-version":[{"id":7894,"href":"https:\/\/ambpanama.esteri.it\/es\/wp-json\/wp\/v2\/pages\/1385\/revisions\/7894"}],"up":[{"embeddable":true,"href":"https:\/\/ambpanama.esteri.it\/es\/wp-json\/wp\/v2\/pages\/170"}],"wp:attachment":[{"href":"https:\/\/ambpanama.esteri.it\/es\/wp-json\/wp\/v2\/media?parent=1385"}],"curies":[{"name":"wp","href":"https:\/\/api.w.org\/{rel}","templated":true}]}}