{"id":1398,"date":"2023-11-16T10:23:02","date_gmt":"2023-11-16T15:23:02","guid":{"rendered":"https:\/\/ambpanama.esteri.it\/italia-e-panama\/diplomazia-culturale\/studiare-in-italia\/borse-di-studio\/iila-borse-di-studio-per-cittadini-latinoamericani\/"},"modified":"2024-09-18T11:35:48","modified_gmt":"2024-09-18T16:35:48","slug":"iila-borse-di-studio-per-cittadini-latinoamericani","status":"publish","type":"page","link":"https:\/\/ambpanama.esteri.it\/es\/italia-e-panama\/diplomazia-culturale\/studiare-in-italia\/borse-di-studio\/iila-borse-di-studio-per-cittadini-latinoamericani\/","title":{"rendered":"IILA &#8211; Becas para ciudadanos latinoamericanos"},"content":{"rendered":"<p style=\"text-align: justify;\">La Organizaci\u00f3n Internacional Italo-Latinoamericana (IILA) publica cada a\u00f1o convocatorias para becas de postgrado destinadas a ciudadanos latinoamericanos, para la realizaci\u00f3n de pr\u00e1cticas de investigaci\u00f3n y\/o especializaci\u00f3n.<\/p>\n<p style=\"text-align: justify;\">Las becas son financiadas por la Direcci\u00f3n General de Cooperaci\u00f3n al Desarrollo del Ministerio de Asuntos Exteriores de Italia y se refieren a los sectores de la agroalimentaci\u00f3n y de las tecnolog\u00edas alimentarias; de la sostenibilidad ambiental y de las energ\u00edas renovables; ciencias de la vida y biotecnolog\u00eda; conservaci\u00f3n, protecci\u00f3n y restauraci\u00f3n del patrimonio cultural; ciencias de la tierra y utilizaci\u00f3n de las tecnolog\u00edas espaciales para la observaci\u00f3n de la tierra; sectores tradicionalmente prioritarios para la Cooperaci\u00f3n Italiana y los pa\u00edses miembros del IILA.<\/p>\n<p style=\"text-align: justify;\">El IILA asignar\u00e1 a los ciudadanos que sean seleccionados en funci\u00f3n de sus t\u00edtulos y m\u00e9ritos: a) una beca de \u20ac 1.200,00\/mes (1.200 euros al mes) para la duraci\u00f3n del per\u00edodo de pr\u00e1cticas (por un m\u00ednimo de 3 meses y hasta un m\u00e1ximo de 6 meses); b) un seguro contra<br \/>\naccidentes, enfermedad y responsabilidad civil. Los gastos de viaje de ida y vuelta desde el pa\u00eds de origen a Italia, correr\u00e1n totalmente a cargo del becario o de la Entidad de pertenencia del candidato.<\/p>\n<p style=\"text-align: justify;\">Los requisitos y el enlace con el formulario a rellenar se pueden encontrar en el sitio web del IILA <a href=\"https:\/\/iila.org\/it\/opportunita\/borse-di-studio\/\">https:\/\/iila.org\/it\/opportunita\/borse-di-studio<\/a><\/p>\n","protected":false},"excerpt":{"rendered":"La Organizaci\u00f3n Internacional Italo-Latinoamericana (IILA) publica cada a\u00f1o convocatorias para becas de postgrado destinadas a ciudadanos latinoamericanos, para la realizaci\u00f3n de pr\u00e1cticas de investigaci\u00f3n y\/o especializaci\u00f3n. Las becas son financiadas por la Direcci\u00f3n General de Cooperaci\u00f3n al Desarrollo del Ministerio de Asuntos Exteriores de Italia y se refieren a los sectores de la agroalimentaci\u00f3n y [&hellip;]","protected":false},"author":4,"featured_media":0,"parent":1317,"menu_order":0,"comment_status":"closed","ping_status":"closed","template":"","meta":{"footnotes":""},"class_list":["post-1398","page","type-page","status-publish","hentry"],"_links":{"self":[{"href":"https:\/\/ambpanama.esteri.it\/es\/wp-json\/wp\/v2\/pages\/1398","targetHints":{"allow":["GET"]}}],"collection":[{"href":"https:\/\/ambpanama.esteri.it\/es\/wp-json\/wp\/v2\/pages"}],"about":[{"href":"https:\/\/ambpanama.esteri.it\/es\/wp-json\/wp\/v2\/types\/page"}],"author":[{"embeddable":true,"href":"https:\/\/ambpanama.esteri.it\/es\/wp-json\/wp\/v2\/users\/4"}],"replies":[{"embeddable":true,"href":"https:\/\/ambpanama.esteri.it\/es\/wp-json\/wp\/v2\/comments?post=1398"}],"version-history":[{"count":3,"href":"https:\/\/ambpanama.esteri.it\/es\/wp-json\/wp\/v2\/pages\/1398\/revisions"}],"predecessor-version":[{"id":6234,"href":"https:\/\/ambpanama.esteri.it\/es\/wp-json\/wp\/v2\/pages\/1398\/revisions\/6234"}],"up":[{"embeddable":true,"href":"https:\/\/ambpanama.esteri.it\/es\/wp-json\/wp\/v2\/pages\/1317"}],"wp:attachment":[{"href":"https:\/\/ambpanama.esteri.it\/es\/wp-json\/wp\/v2\/media?parent=1398"}],"curies":[{"name":"wp","href":"https:\/\/api.w.org\/{rel}","templated":true}]}}