{"id":145,"date":"2023-04-11T17:07:36","date_gmt":"2023-04-11T22:07:36","guid":{"rendered":"https:\/\/ambpanama.esteri.it\/chi-siamo\/"},"modified":"2025-11-14T08:33:04","modified_gmt":"2025-11-14T13:33:04","slug":"chi-siamo","status":"publish","type":"page","link":"https:\/\/ambpanama.esteri.it\/es\/chi-siamo\/","title":{"rendered":"Quienes somos"},"content":{"rendered":"<p style=\"text-align: justify;\">La Jefe de Misi\u00f3n es la Embajadora <strong>Giuditta Giorgio<\/strong><\/p>\n<p style=\"text-align: justify;\">La Embajadora de Italia en Panam\u00e1 es ademas acreditada, con credenciales de Embajadora, en: Basseterre (St. Kitts and Nevis), Port au Prince (Haiti), Saint John&#8217;s (Antigua e Barbuda), Bridgetown (Barbados), Roseau (Dominica), St. George (Grenada), Georgetown (Guyana), Castries (Saint Lucia), Kingston (Saint Vincent e Grenadine) y Port of Spain (Trinidad e Tobago).<\/p>\n<p style=\"text-align: justify;\">Las funciones de la Embajada de Italia en Panam\u00e1 son, entre otras:<\/p>\n<ul style=\"text-align: justify;\">\n<li>representar a Italia en la Rep\u00fablica de Panam\u00e1 y en los dem\u00e1s Estados de acreditaci\u00f3n secundaria;<\/li>\n<li>cuidar los intereses de Italia y de sus ciudadanos, dentro de los l\u00edmites permitidos por el derecho internacional;<\/li>\n<li>negociar, cuando sea necesario, con los gobiernos del Estado anfitri\u00f3n y de los Estados de acreditaci\u00f3n;<\/li>\n<li>informarse de las condiciones y de la evoluci\u00f3n de los acontecimientos en los Estados de competencia e informar al Estado italiano;<\/li>\n<li>Promover relaciones amistosas y desarrollar las relaciones econ\u00f3micas, culturales y cient\u00edficas entre Italia y la Rep\u00fablica de Panam\u00e1, as\u00ed como con Antigua y Barbuda, Barbados, Dominica, Granada, Guyana, San Crist\u00f3bal y Nieves, Santa Luc\u00eda, San Vicente y las Granadinas y Trinidad y Tobago.<\/li>\n<\/ul>\n<p style=\"text-align: justify;\">A trav\u00e9s de su Cancilleria Consular, la Embajada de Italia en Panama brinda servicios consulares a los ciudadanos italianos y extranjeros que residen en el territorio de su circuscripci\u00f3n consular, que actualmente cuenta tambi\u00e9n Antigua e Barbuda, Barbados, Dominica, Grenada, Guyana, St.Kitts e Nevis,\u00a0 Saint Lucia, Saint Vincent e Grenadine y Trinidad and Tobago.<\/p>\n<p style=\"text-align: justify;\">Para los ciudadanos italianos residentes en los pa\u00edses de acreditaci\u00f3n secundaria y para informaci\u00f3n relativa a estos pa\u00edses, consultar la p\u00e1gina <a href=\"https:\/\/ambpanama.esteri.it\/es\/chi-siamo\/la-sede\/sedi-accreditate\/\">Sedes Acreditadas<\/a><\/p>\n","protected":false},"excerpt":{"rendered":"La Jefe de Misi\u00f3n es la Embajadora Giuditta Giorgio La Embajadora de Italia en Panam\u00e1 es ademas acreditada, con credenciales de Embajadora, en: Basseterre (St. Kitts and Nevis), Port au Prince (Haiti), Saint John&#8217;s (Antigua e Barbuda), Bridgetown (Barbados), Roseau (Dominica), St. George (Grenada), Georgetown (Guyana), Castries (Saint Lucia), Kingston (Saint Vincent e Grenadine) y [&hellip;]","protected":false},"author":1,"featured_media":0,"parent":0,"menu_order":2,"comment_status":"closed","ping_status":"closed","template":"","meta":{"footnotes":""},"class_list":["post-145","page","type-page","status-publish","hentry"],"_links":{"self":[{"href":"https:\/\/ambpanama.esteri.it\/es\/wp-json\/wp\/v2\/pages\/145","targetHints":{"allow":["GET"]}}],"collection":[{"href":"https:\/\/ambpanama.esteri.it\/es\/wp-json\/wp\/v2\/pages"}],"about":[{"href":"https:\/\/ambpanama.esteri.it\/es\/wp-json\/wp\/v2\/types\/page"}],"author":[{"embeddable":true,"href":"https:\/\/ambpanama.esteri.it\/es\/wp-json\/wp\/v2\/users\/1"}],"replies":[{"embeddable":true,"href":"https:\/\/ambpanama.esteri.it\/es\/wp-json\/wp\/v2\/comments?post=145"}],"version-history":[{"count":5,"href":"https:\/\/ambpanama.esteri.it\/es\/wp-json\/wp\/v2\/pages\/145\/revisions"}],"predecessor-version":[{"id":8308,"href":"https:\/\/ambpanama.esteri.it\/es\/wp-json\/wp\/v2\/pages\/145\/revisions\/8308"}],"wp:attachment":[{"href":"https:\/\/ambpanama.esteri.it\/es\/wp-json\/wp\/v2\/media?parent=145"}],"curies":[{"name":"wp","href":"https:\/\/api.w.org\/{rel}","templated":true}]}}