{"id":1451,"date":"2023-11-16T13:12:58","date_gmt":"2023-11-16T18:12:58","guid":{"rendered":"https:\/\/ambpanama.esteri.it\/servizi-consolari-e-visti\/servizi-per-il-cittadino-italiano\/modulistica\/"},"modified":"2026-03-03T14:34:40","modified_gmt":"2026-03-03T19:34:40","slug":"modulistica","status":"publish","type":"page","link":"https:\/\/ambpanama.esteri.it\/es\/servizi-consolari-e-visti\/servizi-per-il-cittadino-italiano\/modulistica\/","title":{"rendered":"Modulistica"},"content":{"rendered":"<p style=\"font-weight: 400;\">Los modeos abajos elencados son utilizados en caso de auto certificacion. Si son enviados por correo es necesario que sean acompa\u00f1ados por fotocopia de un documento de identificacion v\u00e1lido.<\/p>\n<p style=\"font-weight: 400;\"><strong>Formularios de solicitud de visado\u00a0<\/strong><\/p>\n<p style=\"font-weight: 400;\"><span style=\"text-decoration: underline;\">Formulario de solicitud de visado Schengen en lengua:<\/span><\/p>\n<ul>\n<li style=\"font-weight: 400;\"><a href=\"https:\/\/ambpanama.esteri.it\/wp-content\/uploads\/2024\/06\/VISTO-SCHENGEN-ESP.pdf\">Espa\u00f1ola<\/a><\/li>\n<li style=\"font-weight: 400;\"><a href=\"https:\/\/ambpanama.esteri.it\/wp-content\/uploads\/2024\/06\/VISTO-SCHENGEN-ITA.pdf\">Italiana<\/a><\/li>\n<li style=\"font-weight: 400;\"><a href=\"https:\/\/ambpanama.esteri.it\/wp-content\/uploads\/2024\/06\/VISTO-SCHENGEN-ENG.pdf\">Ingles<\/a><\/li>\n<\/ul>\n<p style=\"font-weight: 400;\"><span style=\"text-decoration: underline;\">Formulario de solicitud de visado nacional en\u00a0 lengua:<\/span><\/p>\n<ul>\n<li style=\"font-weight: 400;\"><a href=\"https:\/\/ambpanama.esteri.it\/wp-content\/uploads\/2023\/11\/formulario_visto_nazionale_-spagnolo.pdf\">Espa\u00f1ola<\/a><\/li>\n<li style=\"font-weight: 400;\"><a href=\"https:\/\/ambpanama.esteri.it\/wp-content\/uploads\/2023\/11\/formulario_visto_nazionale_-italiano.pdf\">Italiana<\/a><\/li>\n<li style=\"font-weight: 400;\"><a href=\"https:\/\/ambpanama.esteri.it\/wp-content\/uploads\/2023\/11\/formulario_visto_nazionale_inglese.pdf\">Inglesa<\/a><\/li>\n<li style=\"font-weight: 400;\"><a href=\"https:\/\/ambpanama.esteri.it\/wp-content\/uploads\/2023\/11\/lettera_d_invito_per_turismo.pdf\">Carta de invitaci\u00f3n para visa de turismo<\/a><\/li>\n<li style=\"font-weight: 400;\"><a href=\"https:\/\/ambpanama.esteri.it\/wp-content\/uploads\/2023\/11\/lettera_d_invito_per_studio.pdf\">Carta de invitaci\u00f3n para visa de estudio<\/a><\/li>\n<li style=\"font-weight: 400;\"><a href=\"https:\/\/ambpanama.esteri.it\/wp-content\/uploads\/2023\/11\/lettera_di_invito_per_affari.pdf\">Carta de invitaci\u00f3n para visa de negocios<\/a><\/li>\n<\/ul>\n<p><b><strong>Formularios de solicitud de nacionalidad italiana<\/strong><\/b><\/p>\n<ul>\n<li><a href=\"https:\/\/ambpanama.esteri.it\/wp-content\/uploads\/2023\/11\/modulo_riconoscimento_cittadinanza.pdf\">Formulario para solicitar la ciudadan\u00eda italiana<\/a><\/li>\n<li><a href=\"https:\/\/ambpanama.esteri.it\/wp-content\/uploads\/2024\/12\/Albero-genealogico.pdf\">Modulo \u00e1rbol genealogico.<\/a><\/li>\n<\/ul>\n<p style=\"font-weight: 400;\"><strong>Formulario para los servicios de pasaportes<\/strong><\/p>\n<ul>\n<li><a href=\"https:\/\/ambpanama.esteri.it\/wp-content\/uploads\/2025\/06\/assenso_si_italiano.pdf\">Acta de consentimiento para menor por parte de padres UE<\/a><\/li>\n<li style=\"font-weight: 400;\"><a href=\"https:\/\/ambpanama.esteri.it\/wp-content\/uploads\/2025\/06\/assenso_non_italiano.pdf\">Acta consentimiento para menor por parte de padres no UE<\/a><\/li>\n<li><a href=\"https:\/\/ambpanama.esteri.it\/wp-content\/uploads\/2025\/06\/dichiarazione_assenza_ostative_passaporto-2.pdf\">Delaracion sostitutiva de certificaci\u00f3n<\/a><\/li>\n<\/ul>\n<p><strong>Formulario de solicitud de documento provisional de viaje ETD<\/strong><\/p>\n<ul>\n<li><a href=\"https:\/\/ambpanama.esteri.it\/wp-content\/uploads\/2024\/06\/Richiesta-ETD-maggiorenni.pdf\">Formulario de solicitud para ciudadanos mayores de edad<\/a><\/li>\n<li><a href=\"https:\/\/ambpanama.esteri.it\/wp-content\/uploads\/2024\/06\/Richiesta-ETD-minorenni.pdf\">Formulario de solicitud para ciudadanos menores de edad\u00a0<\/a><\/li>\n<\/ul>\n<p style=\"font-weight: 400;\"><strong>Formulario para el Estado Civil<\/strong><\/p>\n<ul>\n<li style=\"font-weight: 400;\"><a href=\"https:\/\/ambpanama.esteri.it\/wp-content\/uploads\/2025\/04\/nascita.pdf\">Formulario de transcripci\u00f3n del acta de nacimiento<\/a><\/li>\n<li style=\"font-weight: 400;\"><a href=\"https:\/\/ambpanama.esteri.it\/wp-content\/uploads\/2025\/03\/matrimonio.pdf\">Formulario de transcripci\u00f3n del acta de matrimonio<\/a><\/li>\n<li style=\"font-weight: 400;\"><a href=\"https:\/\/ambpanama.esteri.it\/wp-content\/uploads\/2024\/08\/DIVORZIO-MODULO.pdf\">Formulario de transcripci\u00f3n de la sentencia de divorcio<\/a><\/li>\n<li style=\"font-weight: 400;\"><a href=\"https:\/\/ambpanama.esteri.it\/wp-content\/uploads\/2024\/08\/MORTE-MODULO.pdf\">Formulario de transcripci\u00f3n del certificado de defunci\u00f3n<\/a><\/li>\n<li style=\"font-weight: 400;\"><a href=\"https:\/\/ambpanama.esteri.it\/wp-content\/uploads\/2023\/11\/iscrizione_aire-1.pdf\">Formulario de inscripci\u00f3n a la A.I.R.E.<\/a><\/li>\n<li style=\"font-weight: 400;\"><a href=\"https:\/\/ambpanama.esteri.it\/wp-content\/uploads\/2023\/11\/aggiornamento_aire.pdf\">Declaraci\u00f3n de cambio de direcci\u00f3n \/ actualizaci\u00f3n \/ repatriaci\u00f3n<\/a><\/li>\n<li style=\"font-weight: 400;\"><a href=\"https:\/\/ambpanama.esteri.it\/wp-content\/uploads\/2024\/08\/DELEGA-NOTARILE.pdf\">Formulario de poder notarial<\/a><\/li>\n<\/ul>\n<p><b><strong>M\u00f3dulos varios<\/strong><\/b><\/p>\n<ul>\n<li style=\"font-weight: 400;\"><a href=\"https:\/\/ambpanama.esteri.it\/wp-content\/uploads\/2023\/11\/fac-simile_autodichiarazione.pdf\">FAC-SIMILAR de Autodeclaraci\u00f3n<\/a><\/li>\n<li style=\"font-weight: 400;\"><a href=\"https:\/\/ambpanama.esteri.it\/wp-content\/uploads\/2023\/11\/dichiarazione_atto_notorieta.pdf\">Formulario de autodeclaraci\u00f3n<\/a><\/li>\n<li style=\"font-weight: 400;\"><a href=\"https:\/\/ambpanama.esteri.it\/wp-content\/uploads\/2024\/08\/modulo_epr_richiesta_di_certificati.pdf\">Formulario de solicitud de certificados<\/a><\/li>\n<li style=\"font-weight: 400;\"><a href=\"https:\/\/ambpanama.esteri.it\/wp-content\/uploads\/2023\/11\/codice_fiscale.pdf\">Solicitud de atribuci\u00f3n del n\u00famero de identificaci\u00f3n fiscal<\/a><\/li>\n<li style=\"font-weight: 400;\"><a href=\"https:\/\/ambpanama.esteri.it\/wp-content\/uploads\/2023\/11\/rinnovo_patente.pdf\">Solicitud de renovaci\u00f3n del permiso de conducci\u00f3n<\/a><\/li>\n<li style=\"font-weight: 400;\"><a href=\"https:\/\/ambpanama.esteri.it\/wp-content\/uploads\/2023\/11\/certificato_medico_patente.pdf\">Certificado m\u00e9dico para la validaci\u00f3n del permiso de conducci\u00f3n<\/a><\/li>\n<li style=\"font-weight: 400;\"><a href=\"https:\/\/ambpanama.esteri.it\/wp-content\/uploads\/2024\/08\/iscrizione_aire_minori_spa.pdf\">Normativa para inscripci\u00f3n\/variaci\u00f3n A.I.R.E. para menores no residentes con ambos padres<\/a><\/li>\n<li><a href=\"https:\/\/ambpanama.esteri.it\/wp-content\/uploads\/2025\/06\/autodichirazione-invariabilita-anagrafica.pdf\">Auto-declaraci\u00f3n invariabilidad datos personales<\/a><\/li>\n<li><a href=\"https:\/\/ambpanama.esteri.it\/wp-content\/uploads\/2026\/03\/modulo_dichiarazione_di_valore_PTY.pdf\">Modulo para Declaraci\u00f3n de valor<\/a><\/li>\n<\/ul>\n<p style=\"font-weight: 400;\"><b><strong>Informaciones fiscales<\/strong><\/b><\/p>\n<p style=\"font-weight: 400;\">Para contactar un Municipio Italiano quiclar en el siguiente link:<\/p>\n<p><a href=\"http:\/\/www.comuni.it\/\"><b><strong>Los Municipios Italianos<\/strong><\/b>\u00a0<\/a><\/p>\n","protected":false},"excerpt":{"rendered":"Los modeos abajos elencados son utilizados en caso de auto certificacion. Si son enviados por correo es necesario que sean acompa\u00f1ados por fotocopia de un documento de identificacion v\u00e1lido. Formularios de solicitud de visado\u00a0 Formulario de solicitud de visado Schengen en lengua: Espa\u00f1ola Italiana Ingles Formulario de solicitud de visado nacional en\u00a0 lengua: Espa\u00f1ola Italiana [&hellip;]","protected":false},"author":4,"featured_media":0,"parent":170,"menu_order":22,"comment_status":"closed","ping_status":"closed","template":"","meta":{"footnotes":""},"class_list":["post-1451","page","type-page","status-publish","hentry"],"_links":{"self":[{"href":"https:\/\/ambpanama.esteri.it\/es\/wp-json\/wp\/v2\/pages\/1451","targetHints":{"allow":["GET"]}}],"collection":[{"href":"https:\/\/ambpanama.esteri.it\/es\/wp-json\/wp\/v2\/pages"}],"about":[{"href":"https:\/\/ambpanama.esteri.it\/es\/wp-json\/wp\/v2\/types\/page"}],"author":[{"embeddable":true,"href":"https:\/\/ambpanama.esteri.it\/es\/wp-json\/wp\/v2\/users\/4"}],"replies":[{"embeddable":true,"href":"https:\/\/ambpanama.esteri.it\/es\/wp-json\/wp\/v2\/comments?post=1451"}],"version-history":[{"count":7,"href":"https:\/\/ambpanama.esteri.it\/es\/wp-json\/wp\/v2\/pages\/1451\/revisions"}],"predecessor-version":[{"id":9203,"href":"https:\/\/ambpanama.esteri.it\/es\/wp-json\/wp\/v2\/pages\/1451\/revisions\/9203"}],"up":[{"embeddable":true,"href":"https:\/\/ambpanama.esteri.it\/es\/wp-json\/wp\/v2\/pages\/170"}],"wp:attachment":[{"href":"https:\/\/ambpanama.esteri.it\/es\/wp-json\/wp\/v2\/media?parent=1451"}],"curies":[{"name":"wp","href":"https:\/\/api.w.org\/{rel}","templated":true}]}}