{"id":148,"date":"2023-09-25T15:18:30","date_gmt":"2023-09-25T20:18:30","guid":{"rendered":"https:\/\/ambpanama.esteri.it\/chi-siamo\/contatti\/"},"modified":"2026-01-05T11:57:04","modified_gmt":"2026-01-05T16:57:04","slug":"contatti","status":"publish","type":"page","link":"https:\/\/ambpanama.esteri.it\/es\/chi-siamo\/contatti\/","title":{"rendered":"Contactos"},"content":{"rendered":"<p style=\"text-align: center;\"><strong>Embajada de Italia en Panama<\/strong><\/p>\n<p style=\"text-align: center;\">PH Plaza 58, piso 6\u00b0<\/p>\n<p style=\"text-align: center;\">Calle 58 Este con Ricardo Arango<\/p>\n<p style=\"text-align: center;\">Obarrio, Ciudad de Panama<\/p>\n<p style=\"text-align: center;\">Apartado Postal 0816<\/p>\n<p style=\"text-align: center;\">Tel: (+507) 225 8948\/49\/50<\/p>\n<p>&nbsp;<\/p>\n<table class=\"table\" width=\"723\">\n<tbody>\n<tr>\n<td style=\"text-align: center;\"><strong>Horario de apertura al publico:<\/strong><\/td>\n<\/tr>\n<\/tbody>\n<\/table>\n<table class=\"table\" width=\"723\" frame=\"border\" rules=\"all\">\n<tbody>\n<tr>\n<td style=\"text-align: center;\">lunes \u2013 miercoles \u2013 viernes 9.00 \u2013 12.30<br \/>\nMartes y\u00a0 jueves 13.30 \u2013 15.30<\/td>\n<\/tr>\n<\/tbody>\n<\/table>\n<p><strong>Contactos telefonicos para los servicios consulares:<\/strong><\/p>\n<p>Debido a la gran afluencia de usuarios, el personal de los servicios consulares puede no poder responder al tel\u00e9fono en los horarios de apertura al p\u00fablico debido a que est\u00e1 trabajando en la ventanilla. Por lo tanto, se sugiere contactar con las Oficinas por tel\u00e9fono en los siguientes horarios: lunes y mi\u00e9rcoles de 14:00 a 16:00, martes, jueves y viernes de 10:00 a 12:00, o enviar las solicitudes por correo electr\u00f3nico a las direcciones indicadas a continuaci\u00f3n en esta p\u00e1gina.<\/p>\n<p>Antes de llamar se recomienda consultar la informaci\u00f3n sobre los diferentes servicios consulares presentes en este sitio.<\/p>\n<table class=\"table\">\n<tbody>\n<tr>\n<td><strong>Contactos email:<\/strong><\/td>\n<\/tr>\n<\/tbody>\n<\/table>\n<table class=\"table\" style=\"height: 319px;\" width=\"726\" frame=\"vsides\" rules=\"all\">\n<tbody>\n<tr>\n<td><strong>Cancilleria Consular (Ufficio A.I.R.E.,<\/strong><\/p>\n<p><strong>Estado Civil, Ciudadania, Navegacion,<\/strong><\/p>\n<p><strong>Asistencia Scoail, Escuelas y Declaracion de Valor:<\/strong><\/td>\n<td><a href=\"mailto:consolare.panama@esteri.it\">consolare.panama@esteri.it<\/a><\/td>\n<\/tr>\n<tr>\n<td><strong>Oficina de Pasaportes<\/strong><\/td>\n<td><a href=\"mailto:panama.passaporti@esteri.it\">panama.passaporti@esteri.it<\/a><\/td>\n<\/tr>\n<tr>\n<td><strong>Ofcicina de Visas<\/strong><\/td>\n<td><a href=\"mailto:panama.visti@esteri.it\">panama.visti@esteri.it<\/a><\/td>\n<\/tr>\n<tr>\n<td><strong>Oficina Administrativa \u2013 Contable<\/strong><\/td>\n<td><a href=\"mailto:panama.visti@esteri.it\">p<\/a><a href=\"mailto:anama.contabile@esteri.it\">anama.contabile@esteri.it<\/a><\/td>\n<\/tr>\n<tr>\n<td><strong>Direcion Electronica Certificada (PEC) <\/strong>direcci\u00f3n habilitada exclusivamente para la recepci\u00f3n de correo electr\u00f3nico certificado (PEC)<\/td>\n<td><a href=\"mailto:amb.panama@cert.esteri.it\">amb.panama@cert.esteri.it<\/a><\/td>\n<\/tr>\n<td><strong>Relaciones con el P\u00fablico<\/strong><\/td>\n<td><a href=\"mailto:ambpana.maili@esteri.it\">ambpana.mail@esteri.it<\/a><\/td>\n<\/tr>\n<\/tbody>\n<\/table>\n<p><strong>Telefono per le emergenze durante gli orari di chiusura:<\/strong><\/p>\n<p>+507) 6942 7852. Il numero di telefono,\u00a0<strong>ESCLUSIVAMENTE<\/strong>\u00a0per emergenze, \u00e8 attivo da luned\u00ec a venerd\u00ec dalle 15.30 alle 22.00, sabato e domenica dalle 08.00 alle 22.00 e il Funzionario di Turno del Ministero degli Esteri (24\/7) Tel.\u00a0<strong>+39-0636912666<\/strong>Si fa presente che\u00a0<strong>i numeri di emergenza vanno utilizzati esclusivamente per la gestione di situazioni di eccezionale emergenza che richiedono interventi immediati e non differibili da parte del Ministero degli Esteri a tutela dei cittadini italiani all\u2019estero. Tali numeri non devono essere usati per richieste generiche di informazioni relative a pratiche amministrative.<\/strong><\/p>\n","protected":false},"excerpt":{"rendered":"Embajada de Italia en Panama PH Plaza 58, piso 6\u00b0 Calle 58 Este con Ricardo Arango Obarrio, Ciudad de Panama Apartado Postal 0816 Tel: (+507) 225 8948\/49\/50 &nbsp; Horario de apertura al publico: lunes \u2013 miercoles \u2013 viernes 9.00 \u2013 12.30 Martes y\u00a0 jueves 13.30 \u2013 15.30 Contactos telefonicos para los servicios consulares: Debido a [&hellip;]","protected":false},"author":1,"featured_media":0,"parent":145,"menu_order":4,"comment_status":"closed","ping_status":"closed","template":"","meta":{"footnotes":""},"class_list":["post-148","page","type-page","status-publish","hentry"],"_links":{"self":[{"href":"https:\/\/ambpanama.esteri.it\/es\/wp-json\/wp\/v2\/pages\/148","targetHints":{"allow":["GET"]}}],"collection":[{"href":"https:\/\/ambpanama.esteri.it\/es\/wp-json\/wp\/v2\/pages"}],"about":[{"href":"https:\/\/ambpanama.esteri.it\/es\/wp-json\/wp\/v2\/types\/page"}],"author":[{"embeddable":true,"href":"https:\/\/ambpanama.esteri.it\/es\/wp-json\/wp\/v2\/users\/1"}],"replies":[{"embeddable":true,"href":"https:\/\/ambpanama.esteri.it\/es\/wp-json\/wp\/v2\/comments?post=148"}],"version-history":[{"count":7,"href":"https:\/\/ambpanama.esteri.it\/es\/wp-json\/wp\/v2\/pages\/148\/revisions"}],"predecessor-version":[{"id":8562,"href":"https:\/\/ambpanama.esteri.it\/es\/wp-json\/wp\/v2\/pages\/148\/revisions\/8562"}],"up":[{"embeddable":true,"href":"https:\/\/ambpanama.esteri.it\/es\/wp-json\/wp\/v2\/pages\/145"}],"wp:attachment":[{"href":"https:\/\/ambpanama.esteri.it\/es\/wp-json\/wp\/v2\/media?parent=148"}],"curies":[{"name":"wp","href":"https:\/\/api.w.org\/{rel}","templated":true}]}}