{"id":153,"date":"2023-04-11T18:10:30","date_gmt":"2023-04-11T23:10:30","guid":{"rendered":"https:\/\/ambpanama.esteri.it\/diplomazia-economica\/"},"modified":"2024-11-07T09:56:38","modified_gmt":"2024-11-07T14:56:38","slug":"diplomazia-economica","status":"publish","type":"page","link":"https:\/\/ambpanama.esteri.it\/es\/italia-e-panama\/diplomazia-economica\/","title":{"rendered":"Diplomacia econ\u00f3mica"},"content":{"rendered":"<p style=\"text-align: justify;\">Las relaciones econ\u00f3mico-comerciales entre Italia y Panam\u00e1 son antiguas, consolidadas en el tiempo y se desarrollan hoy en el contexto de la pertenencia com\u00fan a la Organizaci\u00f3n Mundial del Comercio, de la que Panam\u00e1 es miembro desde septiembre de 1997, y en el marco del \u00abAcuerdo de Asociaci\u00f3n entre la Uni\u00f3n Europea y Am\u00e9rica Central (Costa Rica, El Salvador, Guatemala, Honduras, Nicaragua y Panam\u00e1) firmado en 2012.<\/p>\n<p style=\"text-align: justify;\">Al ser un pa\u00eds de servicios (m\u00e1s del 65%), la econom\u00eda de Panam\u00e1 tiende a ser abierta y favorable a la liberalizaci\u00f3n del comercio exterior. El Gobierno de Panam\u00e1 de hecho es uno de los aranceles aduaneros m\u00e1s bajos de toda Am\u00e9rica Latina.<\/p>\n<p style=\"text-align: justify;\">Los servicios se refieren principalmente a: la administraci\u00f3n del Canal (de la que derivan la mayor parte de los recursos del pa\u00eds), actividades bancarias y de seguros, la gesti\u00f3n de la zona libre de Col\u00f3n y el turismo.<\/p>\n<p style=\"text-align: justify;\">Las exportaciones italianas a Panam\u00e1 se concentran principalmente en los sectores de maquinaria, medios de transporte, farmac\u00e9utica, productos del sistema moda\/persona y agroalimentario. En cambio, en la demanda italiana de productos paname\u00f1os predominan los productos energ\u00e9ticos (combustibles nucleares), metales de base preciosos y no f\u00e9rreos, y productos alimenticios como pescado, crust\u00e1ceos y moluscos.<\/p>\n<p style=\"text-align: justify;\">Italia ocupa el puesto 20 como mercado de destino de la exportaci\u00f3n paname\u00f1a y es el 12\u00ba proveedor del pa\u00eds, tercero a nivel de la UE despu\u00e9s de Espa\u00f1a y Alemania y por delante de Francia y el Reino Unido (datos de septiembre de 2024).<\/p>\n<p style=\"text-align: justify;\">En Panam\u00e1 opera, desde 2020, una <a href=\"https:\/\/it.italopan.com\/\">Asociaci\u00f3n Empresarial CAMIP<\/a> en fase de reconocomiento legal por la parte Italiana que, entre sus funciones, asiste a las empresas italianas interesadas en el mercado paname\u00f1o y proporciona informaci\u00f3n y asesoramiento legal o administrativo a sus asociados.<\/p>\n<p style=\"text-align: justify;\">Para un an\u00e1lisis detallado del intercambio entre Italia y Panam\u00e1 se puede consultar la Ficha Pa\u00eds y los sitios siguientes:<\/p>\n<p><a href=\"http:\/\/www.infomercatiesteri.it\/paese.php[id_paesi=50#slider-5\">Info mercati esteri<\/a><\/p>\n<p><a href=\"https:\/\/www.ice.it\/it\/mercati\/panama\">Italian Trade Agency<\/a><\/p>\n<p>&nbsp;<\/p>\n","protected":false},"excerpt":{"rendered":"Las relaciones econ\u00f3mico-comerciales entre Italia y Panam\u00e1 son antiguas, consolidadas en el tiempo y se desarrollan hoy en el contexto de la pertenencia com\u00fan a la Organizaci\u00f3n Mundial del Comercio, de la que Panam\u00e1 es miembro desde septiembre de 1997, y en el marco del \u00abAcuerdo de Asociaci\u00f3n entre la Uni\u00f3n Europea y Am\u00e9rica Central [&hellip;]","protected":false},"author":1,"featured_media":0,"parent":168,"menu_order":0,"comment_status":"closed","ping_status":"closed","template":"","meta":{"footnotes":""},"class_list":["post-153","page","type-page","status-publish","hentry"],"_links":{"self":[{"href":"https:\/\/ambpanama.esteri.it\/es\/wp-json\/wp\/v2\/pages\/153","targetHints":{"allow":["GET"]}}],"collection":[{"href":"https:\/\/ambpanama.esteri.it\/es\/wp-json\/wp\/v2\/pages"}],"about":[{"href":"https:\/\/ambpanama.esteri.it\/es\/wp-json\/wp\/v2\/types\/page"}],"author":[{"embeddable":true,"href":"https:\/\/ambpanama.esteri.it\/es\/wp-json\/wp\/v2\/users\/1"}],"replies":[{"embeddable":true,"href":"https:\/\/ambpanama.esteri.it\/es\/wp-json\/wp\/v2\/comments?post=153"}],"version-history":[{"count":6,"href":"https:\/\/ambpanama.esteri.it\/es\/wp-json\/wp\/v2\/pages\/153\/revisions"}],"predecessor-version":[{"id":6669,"href":"https:\/\/ambpanama.esteri.it\/es\/wp-json\/wp\/v2\/pages\/153\/revisions\/6669"}],"up":[{"embeddable":true,"href":"https:\/\/ambpanama.esteri.it\/es\/wp-json\/wp\/v2\/pages\/168"}],"wp:attachment":[{"href":"https:\/\/ambpanama.esteri.it\/es\/wp-json\/wp\/v2\/media?parent=153"}],"curies":[{"name":"wp","href":"https:\/\/api.w.org\/{rel}","templated":true}]}}