{"id":1531,"date":"2023-11-16T15:11:11","date_gmt":"2023-11-16T20:11:11","guid":{"rendered":"https:\/\/ambpanama.esteri.it\/italia-e-panama\/diplomazia-economica\/scheda-del-paese\/stagione-degli-uragani\/"},"modified":"2023-11-16T15:15:52","modified_gmt":"2023-11-16T20:15:52","slug":"stagione-degli-uragani","status":"publish","type":"page","link":"https:\/\/ambpanama.esteri.it\/es\/italia-e-panama\/diplomazia-economica\/scheda-del-paese\/stagione-degli-uragani\/","title":{"rendered":"Temporada de huracanes"},"content":{"rendered":"<p>La temporada de huracanes en el Caribe comienza en junio y termina en noviembre.<\/p>\n<p>En la circunscripci\u00f3n consular de la Embajada de Italia en Panam\u00e1, los territorios de Anguila, Antigua y Barbuda, Barbados, Dominica, Granada, Guyana, Montserrat, San Crist\u00f3bal y Nieves, Santa Luc\u00eda, San Vicente y las Granadinas, Trinidad y Tobago se ven afectados por la temporada de huracanes y, por lo tanto, se encuentran entre las zonas de mayor riesgo.<\/p>\n<p>La National Oceanographic Atmospheric Administration (N.O.A.A.) de los Estados Unidos sigue todas las fases de los huracanes desde su formaci\u00f3n frente a \u00c1frica, tratando de predecir su intensidad y direcci\u00f3n. Esta informaci\u00f3n est\u00e1 disponible en <a href=\"https:\/\/www.nhc.noaa.gov\/\">https:\/\/www.nhc.noaa.gov\/<\/a>.<\/p>\n<p>Las autoridades locales han tenido que adquirir cierta experiencia en la gesti\u00f3n de emergencias relacionadas con fen\u00f3menos meteorol\u00f3gicos extremos. A pesar de las diferencias entre los pa\u00edses, la poblaci\u00f3n suele estar informada de las medidas que deben tomarse en caso de que se produzcan tales acontecimientos.<\/p>\n<p>En el per\u00edodo previo a la llegada de un hurac\u00e1n, las Autoridades locales toman medidas de prevenci\u00f3n y alerta a la poblaci\u00f3n. La Embajada sugiere la evacuaci\u00f3n inmediata, cuando sea impuesta por las autoridades locales.<\/p>\n<p>Durante el paso del hurac\u00e1n es absolutamente recomendable no salir al aire libre. Es muy probable la interrupci\u00f3n del suministro de electricidad, as\u00ed como de las comunicaciones. Los puertos y aeropuertos pueden permanecer cerrados durante d\u00edas. Las autoridades locales pueden imponer un toque de queda en las zonas afectadas.<\/p>\n<p>No se garantiza que las oficinas de los c\u00f3nsules honorarios sobre el terreno sean accesibles inmediatamente despu\u00e9s del paso de un hurac\u00e1n, y la situaci\u00f3n de emergencia puede persistir durante largos per\u00edodos en funci\u00f3n de la intensidad del desastre.<\/p>\n<p>Si tiene la intenci\u00f3n de viajar o permanecer en los pa\u00edses en cuesti\u00f3n, le invitamos a registrar los detalles de su viaje en <a href=\"https:\/\/www.dovesiamonelmondo.it\/home.html\">Dove Siamo nel Mondo<\/a>.<\/p>\n<p>&nbsp;<\/p>\n<p><strong>\u00abPLAN DE PREPARACI\u00d3N\u00bb: \u00a1EST\u00c9N PREPARADOS!<\/strong><\/p>\n<p>Se aconseja lo siguiente:<\/p>\n<p>1. ponerse de acuerdo con amigos o familiares que vivan en una zona de no evacuaci\u00f3n o de bajo riesgo, o dirigirse a un hotel interior;<br \/>\n2. establecer un plan de evacuaci\u00f3n;<br \/>\n3. comunicar a la familia y a los vecinos a d\u00f3nde ir\u00e1 en caso de emergencia;<br \/>\n4. si se tienen embarcaciones propias, trasladarlas a lugares seguros;<br \/>\n5. cuidar de su mascota y prever que amigos o familiares puedan cuidarla.<\/p>\n<p>En caso de evacuaci\u00f3n, deben tenerse en cuenta los siguientes puntos:<\/p>\n<p>puede llevar consigo medicamentos;<br \/>\ne. Asegurarse de que tiene reservas de gasolina en su veh\u00edculo;<br \/>\nsegu\u00ed desconectando el televisor y el ordenador y llevando la antena o la antena parab\u00f3lica dentro de la vivienda;<br \/>\nMover muebles, electrodom\u00e9sticos y otros objetos dentro, lejos de las ventanas.<\/p>\n<p><strong>KIT DE SUPERVIVENCIA<\/strong><\/p>\n<p>A t\u00edtulo de ejemplo, se citan algunos de los objetos de los que conviene disponer:<br \/>\n&#8211; radio lina\/TV\/ventilador (bater\u00eda);<br \/>\n&#8211; linterna el\u00e9ctrica;<br \/>\n&#8211; pilas;<br \/>\n&#8211; abrelatas;<br \/>\n&#8211; botiqu\u00edn de primeros auxilios;<br \/>\n&#8211; ropa;<br \/>\n&#8211; mantas y almohadas;<br \/>\n&#8211; repelente para insectos;<br \/>\n&#8211; cerillas, linternas y encendedores;<br \/>\n&#8211; medicamentos de primera necesidad;<br \/>\n&#8211; art\u00edculos para la higiene personal y para la higiene de los m\u00e1s peque\u00f1os;<br \/>\n&#8211; llaves de repuesto del veh\u00edculo y de la vivienda;<br \/>\n&#8211; combustible (almacenado en contenedores especiales) y extintor de incendios;<br \/>\n&#8211; mapa de la zona;<br \/>\n&#8211; dinero en efectivo.<\/p>\n","protected":false},"excerpt":{"rendered":"La temporada de huracanes en el Caribe comienza en junio y termina en noviembre. En la circunscripci\u00f3n consular de la Embajada de Italia en Panam\u00e1, los territorios de Anguila, Antigua y Barbuda, Barbados, Dominica, Granada, Guyana, Montserrat, San Crist\u00f3bal y Nieves, Santa Luc\u00eda, San Vicente y las Granadinas, Trinidad y Tobago se ven afectados por [&hellip;]","protected":false},"author":4,"featured_media":0,"parent":1244,"menu_order":1,"comment_status":"closed","ping_status":"closed","template":"","meta":{"footnotes":""},"class_list":["post-1531","page","type-page","status-publish","hentry"],"_links":{"self":[{"href":"https:\/\/ambpanama.esteri.it\/es\/wp-json\/wp\/v2\/pages\/1531","targetHints":{"allow":["GET"]}}],"collection":[{"href":"https:\/\/ambpanama.esteri.it\/es\/wp-json\/wp\/v2\/pages"}],"about":[{"href":"https:\/\/ambpanama.esteri.it\/es\/wp-json\/wp\/v2\/types\/page"}],"author":[{"embeddable":true,"href":"https:\/\/ambpanama.esteri.it\/es\/wp-json\/wp\/v2\/users\/4"}],"replies":[{"embeddable":true,"href":"https:\/\/ambpanama.esteri.it\/es\/wp-json\/wp\/v2\/comments?post=1531"}],"version-history":[{"count":1,"href":"https:\/\/ambpanama.esteri.it\/es\/wp-json\/wp\/v2\/pages\/1531\/revisions"}],"predecessor-version":[{"id":1533,"href":"https:\/\/ambpanama.esteri.it\/es\/wp-json\/wp\/v2\/pages\/1531\/revisions\/1533"}],"up":[{"embeddable":true,"href":"https:\/\/ambpanama.esteri.it\/es\/wp-json\/wp\/v2\/pages\/1244"}],"wp:attachment":[{"href":"https:\/\/ambpanama.esteri.it\/es\/wp-json\/wp\/v2\/media?parent=1531"}],"curies":[{"name":"wp","href":"https:\/\/api.w.org\/{rel}","templated":true}]}}