{"id":154,"date":"2023-04-11T18:24:01","date_gmt":"2023-04-11T23:24:01","guid":{"rendered":"https:\/\/ambpanama.esteri.it\/diplomazia-economica\/fare-affari-in-italia\/"},"modified":"2024-09-18T11:31:40","modified_gmt":"2024-09-18T16:31:40","slug":"fare-affari-in-italia","status":"publish","type":"page","link":"https:\/\/ambpanama.esteri.it\/es\/italia-e-panama\/diplomazia-economica\/fare-affari-in-italia\/","title":{"rendered":"Hacer negocios en Italia"},"content":{"rendered":"<p style=\"text-align: justify;\">Italia es el sexto pa\u00eds en el \u00e1rea de la OCDE y el cuarto en la europea por valor del Producto Interior Bruto. La producci\u00f3n italiana representa m\u00e1s del 13% del PIB de la Uni\u00f3n Europea.<br \/>\nPor caracter\u00edsticas de la estructura productiva, la composici\u00f3n italiana por sectores de actividad econ\u00f3mica resulta similar a la de los principales pa\u00edses europeos, con el 27,7% de la producci\u00f3n en el sector manufacturero y de la construcci\u00f3n y con casi el 70% en el de los servicios. Dentro de este \u00faltimo sector, el comercio, el transporte y las comunicaciones absorben una parte del PIB mayor que la media de los pa\u00edses europeos.<br \/>\nSituada en el coraz\u00f3n del Mediterr\u00e1neo, Italia es un centro crucial para las conexiones por carretera, mar y aire entre el Norte y el Sur de Europa.<br \/>\nEl mercado italiano ofrece innumerables oportunidades a las empresas en expansi\u00f3n, con casi 60 millones de consumidores y un PIB que ocupa el cuarto lugar en Europa.<br \/>\nGracias a su ubicaci\u00f3n estrat\u00e9gica, Italia permite llegar f\u00e1cilmente a los 396 millones de consumidores en los dem\u00e1s Estados de la Uni\u00f3n Europea y a los 240 millones de \u00c1frica septentrional y de Oriente Medio.<br \/>\nHa conquistado una posici\u00f3n l\u00edder (11% de la cuota de mercado europea), con un volumen de negocios de unos 65000 millones de euros.<br \/>\nEn Europa, Italia ocupa el primer lugar como pa\u00eds con el menor costo de instalaci\u00f3n para el sector de la biotecnolog\u00eda, el segundo lugar para las pruebas de productos en las actividades de investigaci\u00f3n y desarrollo, en la qu\u00edmica y en la electr\u00f3nica.<\/p>\n","protected":false},"excerpt":{"rendered":"Italia es el sexto pa\u00eds en el \u00e1rea de la OCDE y el cuarto en la europea por valor del Producto Interior Bruto. La producci\u00f3n italiana representa m\u00e1s del 13% del PIB de la Uni\u00f3n Europea. Por caracter\u00edsticas de la estructura productiva, la composici\u00f3n italiana por sectores de actividad econ\u00f3mica resulta similar a la de [&hellip;]","protected":false},"author":1,"featured_media":0,"parent":153,"menu_order":0,"comment_status":"closed","ping_status":"closed","template":"","meta":{"footnotes":""},"class_list":["post-154","page","type-page","status-publish","hentry"],"_links":{"self":[{"href":"https:\/\/ambpanama.esteri.it\/es\/wp-json\/wp\/v2\/pages\/154","targetHints":{"allow":["GET"]}}],"collection":[{"href":"https:\/\/ambpanama.esteri.it\/es\/wp-json\/wp\/v2\/pages"}],"about":[{"href":"https:\/\/ambpanama.esteri.it\/es\/wp-json\/wp\/v2\/types\/page"}],"author":[{"embeddable":true,"href":"https:\/\/ambpanama.esteri.it\/es\/wp-json\/wp\/v2\/users\/1"}],"replies":[{"embeddable":true,"href":"https:\/\/ambpanama.esteri.it\/es\/wp-json\/wp\/v2\/comments?post=154"}],"version-history":[{"count":3,"href":"https:\/\/ambpanama.esteri.it\/es\/wp-json\/wp\/v2\/pages\/154\/revisions"}],"predecessor-version":[{"id":6214,"href":"https:\/\/ambpanama.esteri.it\/es\/wp-json\/wp\/v2\/pages\/154\/revisions\/6214"}],"up":[{"embeddable":true,"href":"https:\/\/ambpanama.esteri.it\/es\/wp-json\/wp\/v2\/pages\/153"}],"wp:attachment":[{"href":"https:\/\/ambpanama.esteri.it\/es\/wp-json\/wp\/v2\/media?parent=154"}],"curies":[{"name":"wp","href":"https:\/\/api.w.org\/{rel}","templated":true}]}}