{"id":156,"date":"2023-04-11T18:10:45","date_gmt":"2023-04-11T23:10:45","guid":{"rendered":"https:\/\/ambpanama.esteri.it\/diplomazia-culturale\/"},"modified":"2024-09-18T11:33:44","modified_gmt":"2024-09-18T16:33:44","slug":"diplomazia-culturale","status":"publish","type":"page","link":"https:\/\/ambpanama.esteri.it\/es\/italia-e-panama\/diplomazia-culturale\/","title":{"rendered":"Diplomacia cultural"},"content":{"rendered":"<p style=\"text-align: justify;\">En los \u00faltimos a\u00f1os, Italia y Panam\u00e1 han reforzado la cooperaci\u00f3n bilateral en el \u00e1mbito cultural, en el marco del Acuerdo de cooperaci\u00f3n cultural y cient\u00edfica entre el Gobierno de la Rep\u00fablica Italiana y el Gobierno de la Rep\u00fablica de Panam\u00e1, firmado en Roma el 2 de mayo de 2007.<\/p>\n<p style=\"text-align: justify;\">En este \u00e1mbito, se ha reforzado ante todo la cooperaci\u00f3n acad\u00e9mica, con la firma de acuerdos entre varias universidades italianas y paname\u00f1as (por \u00faltimo, el acuerdo entre la Universidad de Siena y la Universidad de Panam\u00e1 y entre la Universidad La Sapienza y la Universidad Tecnol\u00f3gica de Panam\u00e1).<\/p>\n<p style=\"text-align: justify;\">Particular relieve tiene la colaboraci\u00f3n entre el Conservatorio de Santa Cecilia y el Ministerio de Cultura de Panam\u00e1. En este \u00e1mbito, el prestigioso conservatorio romano pone a disposici\u00f3n cada a\u00f1o un importante n\u00famero de becas, que permiten a talentosos j\u00f3venes m\u00fasicos paname\u00f1os perfeccionarse en uno de los m\u00e1s prestigiosos Conservatorios de nuestro pa\u00eds.<\/p>\n<p style=\"text-align: justify;\">Por otra parte, la ausencia de un Instituto Italiano de Cultura no ha impedido en los \u00faltimos a\u00f1os la organizaci\u00f3n de eventos culturales (conciertos, exposiciones, festivales cinematogr\u00e1ficos) destinados a promover las diversas expresiones art\u00edsticas de nuestro pa\u00eds. Destacan por calidad y cantidad de eventos la Semana de la Lengua Italiana en el Mundo (octubre), la Jornada del Dise\u00f1o Italiano (marzo), as\u00ed como las actividades promovidas con ocasi\u00f3n de la Fiesta de la Rep\u00fablica y de otras importantes celebraciones.<\/p>\n<p style=\"text-align: justify;\">Por \u00faltimo, la Embajada tiene la tarea de promover la cultura y la lengua italiana, con especial atenci\u00f3n a la difusi\u00f3n del italiano, cuyo conocimiento es el veh\u00edculo m\u00e1s importante para acercarse a la cultura del pa\u00eds.<\/p>\n<p style=\"text-align: justify;\">La Embajada tambi\u00e9n presta los siguientes servicios a los ciudadanos paname\u00f1os:<\/p>\n<p style=\"text-align: justify;\">Informaci\u00f3n cultural sobre el sistema educativo y de formaci\u00f3n en Italia;<br \/>\nPr\u00e1cticas relativas a la inscripci\u00f3n de ciudadanos paname\u00f1os en las universidades italianas (el servicio se dirige a los estudiantes con titulaci\u00f3n secundaria);<br \/>\nGesti\u00f3n e informaci\u00f3n sobre las becas ofrecidas por el Gobierno italiano;<br \/>\nDeclaraciones de valor de los diversos t\u00edtulos obtenidos en Panam\u00e1 para estudiantes que viajan a Italia<br \/>\nLa informaci\u00f3n detallada para quien desea continuar su formaci\u00f3n en Italia est\u00e1 disponible en la secci\u00f3n espec\u00edfica.<\/p>\n<p style=\"text-align: justify;\">Otros enlaces de inter\u00e9s:<\/p>\n<ul>\n<li><a href=\"https:\/\/www.universitaly.it\/\">Inscripci\u00f3n a las Universidades italianas<\/a><\/li>\n<li><a href=\"http:\/\/www.iila.org\/\" target=\"_blank\" rel=\"noopener\">Instituto Italo-Latino Americano<\/a>\u00a0(I.I.L.A.)<\/li>\n<li><a href=\"https:\/\/fachumanidades.up.ac.pa\/cLenguas\">Centro de Lenguas Universidad de Panam\u00e1<\/a><\/li>\n<li><a href=\"https:\/\/www.sociedaditalianadepanama.com\/\">Sociedad Italiana de Beneficencia<\/a> (para cursos de italiano)<\/li>\n<\/ul>\n","protected":false},"excerpt":{"rendered":"En los \u00faltimos a\u00f1os, Italia y Panam\u00e1 han reforzado la cooperaci\u00f3n bilateral en el \u00e1mbito cultural, en el marco del Acuerdo de cooperaci\u00f3n cultural y cient\u00edfica entre el Gobierno de la Rep\u00fablica Italiana y el Gobierno de la Rep\u00fablica de Panam\u00e1, firmado en Roma el 2 de mayo de 2007. En este \u00e1mbito, se ha [&hellip;]","protected":false},"author":1,"featured_media":0,"parent":168,"menu_order":2,"comment_status":"closed","ping_status":"closed","template":"","meta":{"footnotes":""},"class_list":["post-156","page","type-page","status-publish","hentry"],"_links":{"self":[{"href":"https:\/\/ambpanama.esteri.it\/es\/wp-json\/wp\/v2\/pages\/156","targetHints":{"allow":["GET"]}}],"collection":[{"href":"https:\/\/ambpanama.esteri.it\/es\/wp-json\/wp\/v2\/pages"}],"about":[{"href":"https:\/\/ambpanama.esteri.it\/es\/wp-json\/wp\/v2\/types\/page"}],"author":[{"embeddable":true,"href":"https:\/\/ambpanama.esteri.it\/es\/wp-json\/wp\/v2\/users\/1"}],"replies":[{"embeddable":true,"href":"https:\/\/ambpanama.esteri.it\/es\/wp-json\/wp\/v2\/comments?post=156"}],"version-history":[{"count":5,"href":"https:\/\/ambpanama.esteri.it\/es\/wp-json\/wp\/v2\/pages\/156\/revisions"}],"predecessor-version":[{"id":6224,"href":"https:\/\/ambpanama.esteri.it\/es\/wp-json\/wp\/v2\/pages\/156\/revisions\/6224"}],"up":[{"embeddable":true,"href":"https:\/\/ambpanama.esteri.it\/es\/wp-json\/wp\/v2\/pages\/168"}],"wp:attachment":[{"href":"https:\/\/ambpanama.esteri.it\/es\/wp-json\/wp\/v2\/media?parent=156"}],"curies":[{"name":"wp","href":"https:\/\/api.w.org\/{rel}","templated":true}]}}