{"id":1571,"date":"2023-11-07T12:13:08","date_gmt":"2023-11-07T17:13:08","guid":{"rendered":"https:\/\/ambpanama.esteri.it\/servizi-consolari-e-visti\/servizi-per-il-cittadino-italiano\/a-i-r-e\/fast-it\/"},"modified":"2026-03-12T10:23:50","modified_gmt":"2026-03-12T15:23:50","slug":"fast-it","status":"publish","type":"page","link":"https:\/\/ambpanama.esteri.it\/es\/servizi-consolari-e-visti\/servizi-per-il-cittadino-italiano\/a-i-r-e\/fast-it\/","title":{"rendered":"Inscripci\u00f3n al A.I.R.E. (Fast It)"},"content":{"rendered":"<p style=\"text-align: justify;\">El registro y la actualizaci\u00f3n en el \u00abA.I.R.E.\u00bb (Registro de italianos residentes en el exterior) se realizan directamente en el portal \u00abFast It\u00bb Servicios Consulares Online despu\u00e9s de registrarse en el siguiente enlace:\u00a0<a href=\"https:\/\/serviziconsolarionline.esteri.it\/\">https:\/\/serviziconsolarionline.esteri.it<\/a><br \/>\nEste sistema permite un registro simplificado y m\u00e1s veloz en el \u00abA.I.R.E.\u00bb, respondiendo a las exigencias de los italianos residentes en el exterior.<\/p>\n<blockquote>\n<p style=\"padding-left: 40px;\"><strong>Tenga en cuenta los siguientes puntos:<\/strong><\/p>\n<ul>\n<li>La creaci\u00f3n del usuario en \u201cFast It\u201d <strong>NO IMPLICA<\/strong>\u00a0que autom\u00e1ticamente se haga el registro\/actualizaci\u00f3n al A.I.R.E;<\/li>\n<li>Los datos diligenciados para el registro deben ser\u00a0<strong>EXACTAMENTE<\/strong> los que figuran en el pasaporte o Carta de identidad italiana;<\/li>\n<li>Si no tiene pasaporte italiano, los datos deben reflejar\u00a0<strong>EXACTAMENTE<\/strong> los que figuran en el registro de nacimiento, expedido por el Comune italiano;<\/li>\n<li>Las fechas introducidas deben estar en formato europeo\u00a0<strong>D\u00cdA\/MES\/A\u00d1O<\/strong>;<\/li>\n<\/ul>\n<\/blockquote>\n<p style=\"text-align: justify;\"><strong data-start=\"90\" data-end=\"103\">Atenci\u00f3n:<\/strong> las personas que ya se hayan inscrito en el AIRE a trav\u00e9s de FAST IT en una circunscripci\u00f3n distinta a la de Panam\u00e1 y deseen trasladar su residencia AIRE a Panam\u00e1 deben mantener su cuenta FAST IT, con el fin de permitir la comunicaci\u00f3n autom\u00e1tica del traslado a la sede anterior.<br data-start=\"383\" data-end=\"386\" \/>En este caso, ser\u00e1 necesario modificar la sede de pertenencia de la cuenta y<strong> solicitar la inscripci\u00f3n en el AIRE<\/strong>. La actualizaci\u00f3n del AIRE ya no ser\u00e1 v\u00e1lida en esta situaci\u00f3n, ya que esta se refiere exclusivamente a variaciones dentro del mismo pa\u00eds y no a traslados al extranjero.<\/p>\n<p style=\"text-align: justify;\"><strong>IMPORTANTE<\/strong>: Todo ciudadano italiano\u00a0<strong>MAYOR DE EDAD<\/strong>\u00a0podr\u00e1 solicitar la inscripci\u00f3n de AIRE para \u00e9l y para los hijos convivientes menores de edad de nacionalidad italiana. No obstante, si se debiera realizar el registro de uno de los miembros de la familia cuyos registros de estado civil (nacimientos de hijos menores) no se hubieran transcrito previamente al Comune en Italia, ser\u00e1 necesario regularizar previamente la posici\u00f3n siguiendo las instrucciones presentes en la secci\u00f3n \u00ab<a href=\"https:\/\/ambpanama.esteri.it\/es\/servizi-consolari-e-visti\/servizi-per-il-cittadino-italiano\/stato-civile\/\">Estado Civil<\/a>\u00ab.<\/p>\n<blockquote>\n<p data-start=\"138\" data-end=\"157\">Los ciudadanos\u00a0<strong data-start=\"174\" data-end=\"285\">ya inscritos en el A.I.R.E. en esta Circunscripci\u00f3n Consular antes de la implementaci\u00f3n del sistema FAST IT<\/strong>\u00a0<strong data-start=\"286\" data-end=\"340\">no deben realizar un nuevo registro en el A.I.R.E.\u00a0<\/strong>En su lugar, es necesario\u00a0<strong data-start=\"369\" data-end=\"427\">asociar la cuenta FAST IT con la propia ficha consular<\/strong>, siguiendo los pasos que se indican a continuaci\u00f3n:<\/p>\n<ol data-start=\"483\" data-end=\"986\">\n<li data-start=\"483\" data-end=\"581\">\n<p data-start=\"486\" data-end=\"581\"><strong data-start=\"486\" data-end=\"501\">Registrarse<\/strong>\u00a0en el portal\u00a0<a href=\"https:\/\/serviziconsolari.esteri.it\/home\"><strong data-start=\"515\" data-end=\"526\">FAST IT<\/strong><\/a>\u00a0o\u00a0<strong data-start=\"529\" data-end=\"540\">acceder<\/strong>\u00a0si ya se dispone de una cuenta activa.<\/p>\n<\/li>\n<li data-start=\"582\" data-end=\"719\">\n<p data-start=\"585\" data-end=\"719\">Seleccionar la opci\u00f3n\u00a0<strong data-start=\"607\" data-end=\"641\">\u201cRegistro Consular y A.I.R.E.\u201d<\/strong>\u00a0y, a continuaci\u00f3n, hacer clic en\u00a0<strong data-start=\"675\" data-end=\"716\">\u201cVisualizar la propia ficha personal\u201d<\/strong>.<\/p>\n<\/li>\n<li data-start=\"720\" data-end=\"860\">\n<p data-start=\"723\" data-end=\"860\">Solicitar la\u00a0<strong data-start=\"736\" data-end=\"759\">\u201cAsociaci\u00f3n Online\u201d<\/strong>\u00a0y esperar la recepci\u00f3n del\u00a0<strong data-start=\"787\" data-end=\"814\">mensaje de confirmaci\u00f3n<\/strong>\u00a0en la propia bandeja de correo electr\u00f3nico.<\/p>\n<\/li>\n<li data-start=\"861\" data-end=\"986\">\n<p data-start=\"864\" data-end=\"986\">Acceder nuevamente al portal\u00a0<strong data-start=\"893\" data-end=\"904\">FAST IT<\/strong>, visualizar la ficha personal.<\/p>\n<\/li>\n<\/ol>\n<\/blockquote>\n<p style=\"text-align: justify;\"><strong>INSTRUCCI\u00d3N DE LAS PRACTICAS:<\/strong><\/p>\n<p style=\"text-align: justify;\">Complete la solicitud en\u00a0<strong>FAST IT, <\/strong>despu\u00e9s de rellenar los campos requeridos en el formulario en l\u00ednea, ser\u00e1 necesario adjuntar tambi\u00e9n:<\/p>\n<p style=\"text-align: justify;\"><strong>ANEXO A<\/strong> &#8211; Escaneo de un documento que acredite la nacionalidad italiana de cada miembro del n\u00facleo familiar. Los documentos aceptables son:<\/p>\n<ul style=\"text-align: justify;\">\n<li>Pasaporte italiano en curso de validez;<\/li>\n<li>Documento de identidad italiano en curso de validez;<\/li>\n<li>Acta de nacimiento ya transcrita en el Comune;<\/li>\n<li>Certificado de ciudadan\u00eda italiana expedido por el municipio italiano o por una representaci\u00f3n italiana en el extranjero;<\/li>\n<\/ul>\n<p style=\"text-align: justify;\"><strong>NOTA<\/strong>: Debe incluir en la solicitud de inscripci\u00f3n a AIRE a su c\u00f3nyuge (esposa, marido) o pareja de hecho, incluso si es un ciudadano extranjero. En este caso, se requiere una copia del pasaporte v\u00e1lido. Para los ni\u00f1os que no est\u00e9n registrados en el ayuntamiento de Italia, se requiere una copia del pasaporte.<\/p>\n<p style=\"text-align: justify;\"><strong>ANEXO B<\/strong> &#8211;\u00a0 Se trata del escaneo del formulario de solicitud AIRE, completado en l\u00ednea a trav\u00e9s del portal FAST IT. El formulario deber\u00e1 descargarse y firmarse antes de ser enviado a la Oficina Consular competente. <strong>Nota<\/strong>: Es importante que el formulario de solicitud, as\u00ed como los campos correspondientes del formulario en l\u00ednea, especifique el municipio exacto de referencia. Adem\u00e1s, en caso de que haya hijos menores de edad, es indispensable que el formulario est\u00e9 firmado por ambos padres<\/p>\n<p style=\"text-align: justify;\"><strong>ANEXO C<\/strong> &#8211; Escaneo de un recibo de servicios p\u00fablicos (agua, luz, gas, TV\/internet, contrato de alquiler (notariado) o escritura p\u00fablica) a nombre del solicitante, que indique la direcci\u00f3n completa del domicilio. <strong>Nota<\/strong>: Si el solicitante vive en una habitaci\u00f3n dentro de un apartamento, debe presentar una carta notariada redactada por el propietario, junto con un recibo de servicios p\u00fablicos para confirmar dicha declaraci\u00f3n. Si el recibo de servicios o el contrato de alquiler est\u00e1n a nombre de un miembro de la familia que reside en el mismo domicilio, ser\u00e1 necesario presentar una carta notariada <strong data-start=\"747\" data-end=\"799\">emitida por el titular del contrato o del recibo<\/strong>, en la que se confirme la presencia\/residencia del solicitante en dicho domicilio. <strong>Se precisa que no se aceptar\u00e1 documentaci\u00f3n distinta de la solicitada.<\/strong><\/p>\n<p><strong>Advertencia:<\/strong>\u00a0Tenga en cuenta que la solicitud de inscripci\u00f3n al A.I.R.E. no estar\u00e1 finalizada hasta que el usuario reciba un correo electr\u00f3nico confirmando que la solicitud de inscripci\u00f3n ha sido enviada a la Alcald\u00eda italiana competente.<\/p>\n<p style=\"text-align: justify;\">\u00a1<strong>RECUERDE<\/strong>! El sistema de carga del sitio rechaza cualquier archivo adjunto de m\u00e1s de 1.0 MB (o 1024KB). Por lo dem\u00e1s, no es necesario utilizar el esc\u00e1ner al m\u00e1ximo para obtener una versi\u00f3n digital del documento que se va a enviar. <strong>Si recomienda utilizar el navegadro web Edge (Internet Explorer).<\/strong><\/p>\n<p style=\"text-align: justify;\"><strong>NOTA<\/strong>: la falta de uno de los documentos arriba mencionados ser\u00e1 motivo de rechazo de la solicitud<\/p>\n<p>La inscripci\u00f3n tambi\u00e9n puede realizarse en la oficina consular, previa reserva de una cita para los \u201cservicios consulares\u201d a trav\u00e9s del portal <a href=\"https:\/\/prenotami.esteri.it\/\">Prenot@mi<\/a>, con la presentaci\u00f3n del ciudadano interesado provisto de toda la documentaci\u00f3n indicada anteriormente.<\/p>\n<ul style=\"text-align: justify;\">\n<li><a href=\"https:\/\/ambpanama.esteri.it\/wp-content\/uploads\/2024\/08\/istruzioni_iscrizione_fast_it_spa.pdf\">Instrucciones para registrarse en el portal \u00abFast It\u00bb<\/a><\/li>\n<li><a href=\"https:\/\/ambpanama.esteri.it\/wp-content\/uploads\/2024\/08\/istruzioni_iscrizione_aire_spa.pdf\">Instrucciones para registrarse en el A.I.R.E. a trav\u00e9s del portal \u00abFast It\u00bb<\/a><\/li>\n<li><a href=\"https:\/\/ambpanama.esteri.it\/wp-content\/uploads\/2024\/08\/comunicare_la_variazione_della_propria_residenza_-_spa.pdf\">Instrucciones para comunicar el cambio de residencia registrada en el A.I.R.E. a trav\u00e9s del portal \u00abFast It\u00bb<\/a><\/li>\n<li><a href=\"https:\/\/ambpanama.esteri.it\/wp-content\/uploads\/2024\/08\/iscrizione_aire_minori_spa.pdf\">Instrucciones para la inscripci\u00f3n en el A.I.R.E. de menores que no viven con ambos padres<\/a><\/li>\n<li><a href=\"https:\/\/ambpanama.esteri.it\/wp-content\/uploads\/2024\/08\/visualizzare_scheda_anagrafica_esp.pdf\">Instrucciones para visualizar la propia ficha anagr\u00e1fica<\/a><\/li>\n<\/ul>\n","protected":false},"excerpt":{"rendered":"El registro y la actualizaci\u00f3n en el \u00abA.I.R.E.\u00bb (Registro de italianos residentes en el exterior) se realizan directamente en el portal \u00abFast It\u00bb Servicios Consulares Online despu\u00e9s de registrarse en el siguiente enlace:\u00a0https:\/\/serviziconsolarionline.esteri.it Este sistema permite un registro simplificado y m\u00e1s veloz en el \u00abA.I.R.E.\u00bb, respondiendo a las exigencias de los italianos residentes en el [&hellip;]","protected":false},"author":4,"featured_media":0,"parent":1566,"menu_order":0,"comment_status":"closed","ping_status":"closed","template":"","meta":{"footnotes":""},"class_list":["post-1571","page","type-page","status-publish","hentry"],"_links":{"self":[{"href":"https:\/\/ambpanama.esteri.it\/es\/wp-json\/wp\/v2\/pages\/1571","targetHints":{"allow":["GET"]}}],"collection":[{"href":"https:\/\/ambpanama.esteri.it\/es\/wp-json\/wp\/v2\/pages"}],"about":[{"href":"https:\/\/ambpanama.esteri.it\/es\/wp-json\/wp\/v2\/types\/page"}],"author":[{"embeddable":true,"href":"https:\/\/ambpanama.esteri.it\/es\/wp-json\/wp\/v2\/users\/4"}],"replies":[{"embeddable":true,"href":"https:\/\/ambpanama.esteri.it\/es\/wp-json\/wp\/v2\/comments?post=1571"}],"version-history":[{"count":7,"href":"https:\/\/ambpanama.esteri.it\/es\/wp-json\/wp\/v2\/pages\/1571\/revisions"}],"predecessor-version":[{"id":9226,"href":"https:\/\/ambpanama.esteri.it\/es\/wp-json\/wp\/v2\/pages\/1571\/revisions\/9226"}],"up":[{"embeddable":true,"href":"https:\/\/ambpanama.esteri.it\/es\/wp-json\/wp\/v2\/pages\/1566"}],"wp:attachment":[{"href":"https:\/\/ambpanama.esteri.it\/es\/wp-json\/wp\/v2\/media?parent=1571"}],"curies":[{"name":"wp","href":"https:\/\/api.w.org\/{rel}","templated":true}]}}