{"id":1573,"date":"2023-11-02T10:42:55","date_gmt":"2023-11-02T15:42:55","guid":{"rendered":"https:\/\/ambpanama.esteri.it\/servizi-consolari-e-visti\/servizi-per-il-cittadino-italiano\/a-i-r-e\/rimpatrio\/"},"modified":"2024-09-18T11:45:27","modified_gmt":"2024-09-18T16:45:27","slug":"rimpatrio","status":"publish","type":"page","link":"https:\/\/ambpanama.esteri.it\/es\/servizi-consolari-e-visti\/servizi-per-il-cittadino-italiano\/a-i-r-e\/rimpatrio\/","title":{"rendered":"Repatriaci\u00f3n"},"content":{"rendered":"<p style=\"text-align: justify;\"><strong>Los ciudadanos inscritos en el AIRE que regresen definitivamente a Italia<\/strong> deber\u00e1n declarar su repatriaci\u00f3n <strong>directamente al Ayuntamiento Italiano<\/strong> que a su vez deber\u00e1 comunicar oficialmente a la Oficina Consular de la Embajada de Italia en Panam\u00e1 la fecha de inicio del repatriaci\u00f3n.<\/p>\n<p style=\"text-align: justify;\">De ello se derivar\u00e1 la cancelaci\u00f3n del registro consular de la Embajada de Italia en Panam\u00e1 y la inscripci\u00f3n en <strong>APR<\/strong> <strong>(Registro de Poblaci\u00f3n Residente)<\/strong> del Ayuntamiento Italiano.<\/p>\n<p style=\"text-align: justify;\">De hecho, seg\u00fan la normativa vigente,<strong> la Oficina Consular es competente<\/strong> para transmitir al Ayuntamiento italiano las declaraciones facilitadas por los ciudadanos residentes en la circunscripci\u00f3n consular solo en relaci\u00f3n con la expatriaci\u00f3n y la residencia en el extranjero, pero no en relaci\u00f3n con la repatriaci\u00f3n (DL 71\/2011, art. 9, Registro de los italianos residentes en el extranjero &#8211; AIRE).<\/p>\n<p style=\"text-align: justify;\"><strong>Por lo tanto, los ciudadanos inscritos AIRE que regresen definitivamente a Italia deber\u00e1n presentarse en el Ayuntamiento<\/strong> donde han decidido establecerse para declarar la nueva direcci\u00f3n de residencia.<strong> En la misma fecha el Ayuntamiento proceder\u00e1 a la cancelaci\u00f3n del AIRE<\/strong> con la inscripci\u00f3n simult\u00e1nea en APR, para poder comunicar oficialmente la fecha de inicio de la repatriaci\u00f3n a la Embajada, que registrar\u00e1 en sus ficheros consulares la repatriaci\u00f3n.<\/p>\n<p style=\"text-align: justify;\"><strong>Retorno definitivo a Italia &#8211; Facilidades aduaneras<\/strong><br \/>\nEl ciudadano italiano residente en el extranjero desde hace al menos 12 meses y que traslada su residencia a Italia tiene derecho a facilidades aduaneras y &#8211; seg\u00fan las normativas regionales, provinciales o municipales &#8211; a eventuales contribuciones financieras.<br \/>\nLas exenciones de aduana se aplican a los bienes inmuebles que el solicitante posea y utilice para uso personal, as\u00ed como al veh\u00edculo de al menos seis meses de antig\u00fcedad.<br \/>\nEl regreso de los bienes ra\u00edces debe tener lugar dentro de los 12 meses de la fecha declarada como el \u00faltimo d\u00eda de residencia en el extranjero.<br \/>\nPara m\u00e1s informaci\u00f3n, v\u00e9ase el <a href=\"https:\/\/www.adm.gov.it\/portale\/\">sito web dell\u2019Agenzia delle Dogane e dei Monopoli<\/a>.<\/p>\n","protected":false},"excerpt":{"rendered":"Los ciudadanos inscritos en el AIRE que regresen definitivamente a Italia deber\u00e1n declarar su repatriaci\u00f3n directamente al Ayuntamiento Italiano que a su vez deber\u00e1 comunicar oficialmente a la Oficina Consular de la Embajada de Italia en Panam\u00e1 la fecha de inicio del repatriaci\u00f3n. De ello se derivar\u00e1 la cancelaci\u00f3n del registro consular de la Embajada [&hellip;]","protected":false},"author":4,"featured_media":0,"parent":1566,"menu_order":2,"comment_status":"closed","ping_status":"closed","template":"","meta":{"footnotes":""},"class_list":["post-1573","page","type-page","status-publish","hentry"],"_links":{"self":[{"href":"https:\/\/ambpanama.esteri.it\/es\/wp-json\/wp\/v2\/pages\/1573","targetHints":{"allow":["GET"]}}],"collection":[{"href":"https:\/\/ambpanama.esteri.it\/es\/wp-json\/wp\/v2\/pages"}],"about":[{"href":"https:\/\/ambpanama.esteri.it\/es\/wp-json\/wp\/v2\/types\/page"}],"author":[{"embeddable":true,"href":"https:\/\/ambpanama.esteri.it\/es\/wp-json\/wp\/v2\/users\/4"}],"replies":[{"embeddable":true,"href":"https:\/\/ambpanama.esteri.it\/es\/wp-json\/wp\/v2\/comments?post=1573"}],"version-history":[{"count":3,"href":"https:\/\/ambpanama.esteri.it\/es\/wp-json\/wp\/v2\/pages\/1573\/revisions"}],"predecessor-version":[{"id":6262,"href":"https:\/\/ambpanama.esteri.it\/es\/wp-json\/wp\/v2\/pages\/1573\/revisions\/6262"}],"up":[{"embeddable":true,"href":"https:\/\/ambpanama.esteri.it\/es\/wp-json\/wp\/v2\/pages\/1566"}],"wp:attachment":[{"href":"https:\/\/ambpanama.esteri.it\/es\/wp-json\/wp\/v2\/media?parent=1573"}],"curies":[{"name":"wp","href":"https:\/\/api.w.org\/{rel}","templated":true}]}}