{"id":159,"date":"2023-04-11T18:24:48","date_gmt":"2023-04-11T23:24:48","guid":{"rendered":"https:\/\/ambpanama.esteri.it\/diplomazia-culturale\/turismo\/"},"modified":"2024-11-22T14:51:16","modified_gmt":"2024-11-22T19:51:16","slug":"turismo","status":"publish","type":"page","link":"https:\/\/ambpanama.esteri.it\/es\/italia-e-panama\/diplomazia-culturale\/turismo\/","title":{"rendered":"Turismo"},"content":{"rendered":"<div class=\"flex-shrink-0 flex flex-col relative items-end\">\n<div>\n<div class=\"pt-0\">\n<div class=\"gizmo-bot-avatar flex h-8 w-8 items-center justify-center overflow-hidden rounded-full\">\n<div class=\"relative p-1 rounded-sm flex items-center justify-center bg-token-main-surface-primary text-token-text-primary h-8 w-8\">\u00bfPor qu\u00e9 visitar Italia?<\/div>\n<\/div>\n<\/div>\n<\/div>\n<\/div>\n<div class=\"group\/conversation-turn relative flex w-full min-w-0 flex-col agent-turn\">\n<div class=\"flex-col gap-1 md:gap-3\">\n<div class=\"flex max-w-full flex-col flex-grow\">\n<div class=\"min-h-8 text-message flex w-full flex-col items-end gap-2 whitespace-normal break-words [.text-message+&amp;]:mt-5\" dir=\"auto\" data-message-author-role=\"assistant\" data-message-id=\"c5450a89-4838-47cf-a3ea-f6d9d74e4693\" data-client-thread-id=\"WEB:44323cd9-c4e1-4705-beaa-ba98befae3f5\" data-message-model-slug=\"gpt-4o-mini\">\n<div class=\"flex w-full flex-col gap-1 empty:hidden first:pt-[3px]\">\n<div class=\"markdown prose w-full break-words dark:prose-invert dark\">\n<p style=\"text-align: justify;\">Hay muchas razones por las que los extranjeros podr\u00edan considerar visitar Italia. Aqu\u00ed algunas de ellas:<\/p>\n<p style=\"text-align: justify;\"><strong>Historia y cultura:<\/strong> Italia es un pa\u00eds rico en historia y cultura. Es el lugar donde nacieron muchas de las grandes civilizaciones de la antig\u00fcedad, como los antiguos romanos. Hay numerosos sitios hist\u00f3ricos y arqueol\u00f3gicos para explorar, como el Coliseo de Roma, Pompeya y los antiguos sitios de Herculano.<\/p>\n<p style=\"text-align: justify;\"><strong>Arte y arquitectura:<\/strong> Italia es famosa por su rica tradici\u00f3n art\u00edstica y arquitect\u00f3nica. Aqu\u00ed se encuentran algunas de las obras de arte m\u00e1s c\u00e9lebres del mundo, como el David de Miguel \u00c1ngel en Florencia y la Capilla Sixtina en el Vaticano. Las ciudades italianas tambi\u00e9n son conocidas por su arquitectura \u00fanica, como los canales de Venecia, los palacios renacentistas de Florencia y los monumentos de Roma.<\/p>\n<p style=\"text-align: justify;\"><strong>Comida y vino:<\/strong> La cocina italiana es renombrada en todo el mundo. En Italia se pueden degustar una variedad de platos deliciosos, como la pizza napolitana, la pasta fresca, los helados artesanales y los quesos regionales. Adem\u00e1s, Italia es uno de los mayores productores de vino del mundo, y los viajeros pueden disfrutar de la visita a las regiones vin\u00edcolas como la Toscana y el Piamonte.<\/p>\n<p style=\"text-align: justify;\"><strong>Paisajes impresionantes:<\/strong> Italia ofrece una gran variedad de paisajes espectaculares. Hay las encantadoras costas de la Costa Amalfitana y Liguria, los Alpes Dolomitas en el norte, los pintorescos lagos de Lombard\u00eda y muchos otros destinos naturales de gran belleza. Los turistas pueden disfrutar de excursiones en monta\u00f1a, paseos por la costa y visitas a fascinantes pueblos medievales.<\/p>\n<p style=\"text-align: justify;\"><strong>Hospitalidad italiana:<\/strong> Los italianos son conocidos por su c\u00e1lida hospitalidad. Los turistas pueden esperar ser recibidos con amabilidad y disfrutar de la atm\u00f3sfera acogedora de las ciudades italianas. Los italianos tambi\u00e9n son famosos por su pasi\u00f3n por el f\u00fatbol, y los turistas podr\u00edan vivir la experiencia \u00fanica de asistir a un partido de f\u00fatbol italiano.<\/p>\n<p style=\"text-align: justify;\">Cada viajero tiene gustos e intereses diferentes, por lo que Italia ofrece una amplia gama de experiencias para satisfacer las preferencias individuales.<\/p>\n<\/div>\n<\/div>\n<\/div>\n<\/div>\n<\/div>\n<\/div>\n<p><strong>Sitios web utiles<\/strong><\/p>\n<p>ENIT \u2013 Agencia Nacional del Turismo \u2013 <a href=\"https:\/\/www.enit.it\/\">Roma<\/a><\/p>\n<p>MINISTERIO DEL TURISMO \u2013 Sito <a href=\"https:\/\/www.italia.it\/it\">Italia.it<\/a><\/p>\n","protected":false},"excerpt":{"rendered":"\u00bfPor qu\u00e9 visitar Italia? Hay muchas razones por las que los extranjeros podr\u00edan considerar visitar Italia. Aqu\u00ed algunas de ellas: Historia y cultura: Italia es un pa\u00eds rico en historia y cultura. Es el lugar donde nacieron muchas de las grandes civilizaciones de la antig\u00fcedad, como los antiguos romanos. Hay numerosos sitios hist\u00f3ricos y arqueol\u00f3gicos [&hellip;]","protected":false},"author":1,"featured_media":0,"parent":156,"menu_order":0,"comment_status":"closed","ping_status":"closed","template":"","meta":{"footnotes":""},"class_list":["post-159","page","type-page","status-publish","hentry"],"_links":{"self":[{"href":"https:\/\/ambpanama.esteri.it\/es\/wp-json\/wp\/v2\/pages\/159","targetHints":{"allow":["GET"]}}],"collection":[{"href":"https:\/\/ambpanama.esteri.it\/es\/wp-json\/wp\/v2\/pages"}],"about":[{"href":"https:\/\/ambpanama.esteri.it\/es\/wp-json\/wp\/v2\/types\/page"}],"author":[{"embeddable":true,"href":"https:\/\/ambpanama.esteri.it\/es\/wp-json\/wp\/v2\/users\/1"}],"replies":[{"embeddable":true,"href":"https:\/\/ambpanama.esteri.it\/es\/wp-json\/wp\/v2\/comments?post=159"}],"version-history":[{"count":4,"href":"https:\/\/ambpanama.esteri.it\/es\/wp-json\/wp\/v2\/pages\/159\/revisions"}],"predecessor-version":[{"id":6758,"href":"https:\/\/ambpanama.esteri.it\/es\/wp-json\/wp\/v2\/pages\/159\/revisions\/6758"}],"up":[{"embeddable":true,"href":"https:\/\/ambpanama.esteri.it\/es\/wp-json\/wp\/v2\/pages\/156"}],"wp:attachment":[{"href":"https:\/\/ambpanama.esteri.it\/es\/wp-json\/wp\/v2\/media?parent=159"}],"curies":[{"name":"wp","href":"https:\/\/api.w.org\/{rel}","templated":true}]}}