{"id":1590,"date":"2023-11-02T10:29:52","date_gmt":"2023-11-02T15:29:52","guid":{"rendered":"https:\/\/ambpanama.esteri.it\/servizi-consolari-e-visti\/servizi-per-il-cittadino-italiano\/assistenza-ai-cittadini-allestero\/sanitaria-ed-economica\/"},"modified":"2024-09-18T14:03:12","modified_gmt":"2024-09-18T19:03:12","slug":"sanitaria-ed-economica","status":"publish","type":"page","link":"https:\/\/ambpanama.esteri.it\/es\/servizi-consolari-e-visti\/servizi-per-il-cittadino-italiano\/assistenza-ai-cittadini-allestero\/sanitaria-ed-economica\/","title":{"rendered":"Sanitaria y economica"},"content":{"rendered":"<p><strong>Sanitaria<\/strong><\/p>\n<p style=\"text-align: justify;\">A trav\u00e9s de los Convenios estipulados por los Consulados con hospitales y otras instituciones, los ciudadanos italianos indigentes, residentes en la circunscripci\u00f3n, pueden disfrutar de atenci\u00f3n ambulatoria, hospitalizaci\u00f3n y asistencia farmac\u00e9utica.<\/p>\n<p style=\"text-align: justify;\">Se pueden celebrar convenios ad hoc con instituciones que pueden cuidar a compatriotas ancianos e indigentes que, al no ser autosuficientes, necesitan atenci\u00f3n de enfermer\u00eda y psicol\u00f3gica continua.<\/p>\n<p style=\"text-align: justify;\"><strong>Asistenza Economica<\/strong><\/p>\n<p style=\"text-align: justify;\">El Consulado puede conceder un subsidio al ciudadano italiano residente de forma permanente en la circunscripci\u00f3n consular que se encuentre en una situaci\u00f3n de necesidad excepcional comprobada, como un retraso en la llegada del subsidio de asistencia gubernamental, discapacidad, condiciones m\u00e9dicas especiales que impliquen gastos m\u00e9dicos, diet\u00e9ticos o farmac\u00e9uticos especiales no cubiertos por la asistencia local, etc. El compatriota indigente deber\u00e1 demostrar, en su caso, su condici\u00f3n de excepcional necesidad mostrando la documentaci\u00f3n que se le pedir\u00e1. Las subvenciones no podr\u00e1n superar el l\u00edmite m\u00e1ximo establecido por las disposiciones ministeriales.<br \/>\nEste tipo de asistencia incluye tambi\u00e9n la expedici\u00f3n o renovaci\u00f3n gratuita del pasaporte italiano a ciudadanos con dificultades econ\u00f3micas.<\/p>\n<p style=\"text-align: justify;\">El ciudadano italiano en tr\u00e1nsito que haya sufrido el robo de dinero u otros documentos tambi\u00e9n puede solicitar la concesi\u00f3n de un pr\u00e9stamo con promesa de devoluci\u00f3n al Estado italiano. La concesi\u00f3n del pr\u00e9stamo est\u00e1 supeditada a la evaluaci\u00f3n del Consulado.<\/p>\n","protected":false},"excerpt":{"rendered":"Sanitaria A trav\u00e9s de los Convenios estipulados por los Consulados con hospitales y otras instituciones, los ciudadanos italianos indigentes, residentes en la circunscripci\u00f3n, pueden disfrutar de atenci\u00f3n ambulatoria, hospitalizaci\u00f3n y asistencia farmac\u00e9utica. Se pueden celebrar convenios ad hoc con instituciones que pueden cuidar a compatriotas ancianos e indigentes que, al no ser autosuficientes, necesitan atenci\u00f3n [&hellip;]","protected":false},"author":4,"featured_media":0,"parent":174,"menu_order":0,"comment_status":"closed","ping_status":"closed","template":"","meta":{"footnotes":""},"class_list":["post-1590","page","type-page","status-publish","hentry"],"_links":{"self":[{"href":"https:\/\/ambpanama.esteri.it\/es\/wp-json\/wp\/v2\/pages\/1590","targetHints":{"allow":["GET"]}}],"collection":[{"href":"https:\/\/ambpanama.esteri.it\/es\/wp-json\/wp\/v2\/pages"}],"about":[{"href":"https:\/\/ambpanama.esteri.it\/es\/wp-json\/wp\/v2\/types\/page"}],"author":[{"embeddable":true,"href":"https:\/\/ambpanama.esteri.it\/es\/wp-json\/wp\/v2\/users\/4"}],"replies":[{"embeddable":true,"href":"https:\/\/ambpanama.esteri.it\/es\/wp-json\/wp\/v2\/comments?post=1590"}],"version-history":[{"count":3,"href":"https:\/\/ambpanama.esteri.it\/es\/wp-json\/wp\/v2\/pages\/1590\/revisions"}],"predecessor-version":[{"id":6295,"href":"https:\/\/ambpanama.esteri.it\/es\/wp-json\/wp\/v2\/pages\/1590\/revisions\/6295"}],"up":[{"embeddable":true,"href":"https:\/\/ambpanama.esteri.it\/es\/wp-json\/wp\/v2\/pages\/174"}],"wp:attachment":[{"href":"https:\/\/ambpanama.esteri.it\/es\/wp-json\/wp\/v2\/media?parent=1590"}],"curies":[{"name":"wp","href":"https:\/\/api.w.org\/{rel}","templated":true}]}}