{"id":1594,"date":"2023-11-02T10:30:53","date_gmt":"2023-11-02T15:30:53","guid":{"rendered":"https:\/\/ambpanama.esteri.it\/servizi-consolari-e-visti\/servizi-per-il-cittadino-italiano\/assistenza-ai-cittadini-allestero\/sanitaria-ed-economica\/medici-e-farmaci\/"},"modified":"2024-09-18T14:03:47","modified_gmt":"2024-09-18T19:03:47","slug":"medici-e-farmaci","status":"publish","type":"page","link":"https:\/\/ambpanama.esteri.it\/es\/servizi-consolari-e-visti\/servizi-per-il-cittadino-italiano\/assistenza-ai-cittadini-allestero\/sanitaria-ed-economica\/medici-e-farmaci\/","title":{"rendered":"M\u00e9dico de referencia"},"content":{"rendered":"<p><strong>OBTENCI\u00d3N DE MEDICAMENTOS<\/strong><\/p>\n<p style=\"text-align: justify;\">Los compatriotas que utilizan medicamentos espec\u00edficos pueden dirigirse al m\u00e9dico de referencia de la Embajada, o a un m\u00e9dico local, para verificar si en el mercado local est\u00e1n disponibles medicamentos equivalentes a los prescritos en Italia, y para que, en su caso, se prescriban.<\/p>\n<p style=\"text-align: justify;\">Cuando estos medicamentos no est\u00e1n disponibles in situ y su importaci\u00f3n no est\u00e1 prohibida, los compatriotas deben en primer lugar encargarse de que los medicamentos se env\u00eden por correo urgente desde Italia, con la eventual colaboraci\u00f3n de familiares o amigos.<\/p>\n<p style=\"text-align: justify;\">Si ninguno de estos supuestos es factible, los compatriotas deben dirigirse por correo electr\u00f3nico a la Embajada en la direcci\u00f3n <a href=\"mailto:consolare.panama@esteri.it\">consolare.panama@esteri.it<\/a> para verificar la posibilidad de organizar un env\u00edo extraordinario, cuyo costo ser\u00e1 en cualquier caso a cargo del interesado.<\/p>\n<p style=\"text-align: justify;\"><strong>Medico de referencia de la Embajada<\/strong><\/p>\n<p style=\"text-align: justify;\">Doct. Suyin <strong>Quintero<\/strong><\/p>\n<p style=\"text-align: justify;\">c\/o Hospital Nacional<\/p>\n<p style=\"text-align: justify;\"><a href=\"mailto:drasuyinquintero@hotmail.com\">drasuyinquintero@hotmail.com<\/a><\/p>\n<p style=\"text-align: justify;\">+507 6569 6784<\/p>\n<p style=\"text-align: justify;\"><strong>La Embajada de Italia no se responsabiliza de la calidad del servicio prestado por los profesionales se\u00f1alados en su sitio, ni de su trabajo o de las tarifas aplicadas.<\/strong><\/p>\n","protected":false},"excerpt":{"rendered":"OBTENCI\u00d3N DE MEDICAMENTOS Los compatriotas que utilizan medicamentos espec\u00edficos pueden dirigirse al m\u00e9dico de referencia de la Embajada, o a un m\u00e9dico local, para verificar si en el mercado local est\u00e1n disponibles medicamentos equivalentes a los prescritos en Italia, y para que, en su caso, se prescriban. Cuando estos medicamentos no est\u00e1n disponibles in situ [&hellip;]","protected":false},"author":4,"featured_media":0,"parent":1590,"menu_order":0,"comment_status":"closed","ping_status":"closed","template":"","meta":{"footnotes":""},"class_list":["post-1594","page","type-page","status-publish","hentry"],"_links":{"self":[{"href":"https:\/\/ambpanama.esteri.it\/es\/wp-json\/wp\/v2\/pages\/1594","targetHints":{"allow":["GET"]}}],"collection":[{"href":"https:\/\/ambpanama.esteri.it\/es\/wp-json\/wp\/v2\/pages"}],"about":[{"href":"https:\/\/ambpanama.esteri.it\/es\/wp-json\/wp\/v2\/types\/page"}],"author":[{"embeddable":true,"href":"https:\/\/ambpanama.esteri.it\/es\/wp-json\/wp\/v2\/users\/4"}],"replies":[{"embeddable":true,"href":"https:\/\/ambpanama.esteri.it\/es\/wp-json\/wp\/v2\/comments?post=1594"}],"version-history":[{"count":3,"href":"https:\/\/ambpanama.esteri.it\/es\/wp-json\/wp\/v2\/pages\/1594\/revisions"}],"predecessor-version":[{"id":6297,"href":"https:\/\/ambpanama.esteri.it\/es\/wp-json\/wp\/v2\/pages\/1594\/revisions\/6297"}],"up":[{"embeddable":true,"href":"https:\/\/ambpanama.esteri.it\/es\/wp-json\/wp\/v2\/pages\/1590"}],"wp:attachment":[{"href":"https:\/\/ambpanama.esteri.it\/es\/wp-json\/wp\/v2\/media?parent=1594"}],"curies":[{"name":"wp","href":"https:\/\/api.w.org\/{rel}","templated":true}]}}