{"id":1598,"date":"2023-11-02T10:32:05","date_gmt":"2023-11-02T15:32:05","guid":{"rendered":"https:\/\/ambpanama.esteri.it\/servizi-consolari-e-visti\/servizi-per-il-cittadino-italiano\/assistenza-ai-cittadini-allestero\/rimpatri-e-rimpatri-sanitari\/"},"modified":"2024-09-18T14:04:09","modified_gmt":"2024-09-18T19:04:09","slug":"rimpatri-e-rimpatri-sanitari","status":"publish","type":"page","link":"https:\/\/ambpanama.esteri.it\/es\/servizi-consolari-e-visti\/servizi-per-il-cittadino-italiano\/assistenza-ai-cittadini-allestero\/rimpatri-e-rimpatri-sanitari\/","title":{"rendered":"Repatriaci\u00f3n y repatriaci\u00f3n sanitaria"},"content":{"rendered":"<p style=\"text-align: justify;\">Un sector particularmente delicado de la actividad de asistencia a los ciudadanos italianos en el extranjero se refiere a la repatriaci\u00f3n de los compatriotas que se encuentren en pa\u00edses extranjeros en situaciones de graves dificultades, no superables en el lugar. Las intervenciones de la Farnesina, en colaboraci\u00f3n con los entes territoriales competentes (prefecturas, comisar\u00edas, municipios, unidades sanitarias locales, servicios sociales), se refieren a:<\/p>\n<ul style=\"text-align: justify;\">\n<li>sus compatriotas emigrantes, que se encuentran en la necesidad de volver a Italia de forma definitiva por motivos econ\u00f3micos o sanitarios;<\/li>\n<li>ni\u00f1os en situaci\u00f3n de abandono;<\/li>\n<li>enfermos mentales (el procedimiento en este caso es muy complejo, ya que requiere la presencia de uno o varios acompa\u00f1antes cualificados, as\u00ed como la b\u00fasqueda de hospitales especializados);<\/li>\n<li>ciudadanos italianos tras su detenci\u00f3n o expulsi\u00f3n;<br \/>\nancianos solteros para los que se exige el ingreso en residencias de ancianos en Italia;<\/li>\n<li>enfermos graves que no pueden ser tratados in situ por falta de instalaciones adecuadas.<\/li>\n<\/ul>\n<p style=\"text-align: justify;\">Las repatriaciones a cargo del Tesoro P\u00fablico se limitan a los casos de comprobada indigencia verificados por la red diplom\u00e1tica-consular; en todos los dem\u00e1s casos, la repatriaci\u00f3n se realiza previa suscripci\u00f3n de pr\u00e9stamos con promesa de restituci\u00f3n al Tesoro P\u00fablico.<\/p>\n<p style=\"text-align: justify;\"><strong>Repatriaci\u00f3n de los restos<\/strong><\/p>\n<p style=\"text-align: justify;\">Perder a un ser querido es siempre una causa de gran dolor, pero si esto sucede en el extranjero, al dolor se suma la necesidad de resolver algunos problemas pr\u00e1cticos.<\/p>\n<p style=\"text-align: justify;\">A continuaci\u00f3n damos algunas indicaciones sobre la soluci\u00f3n de estos problemas.<\/p>\n<p style=\"text-align: justify;\">Para la repatriaci\u00f3n del cuerpo, una vez contactada una Representaci\u00f3n italiana en el extranjero, se enviar\u00e1 una solicitud al Municipio italiano competente para obtener el \u00abnada que impida la introducci\u00f3n del cuerpo\u00bb. Despu\u00e9s de la \u00abnada\u00bb por el Ayuntamiento, la agencia de pompas f\u00fanebres, encargada por los familiares de la repatriaci\u00f3n a su cargo, podr\u00e1 proceder.<\/p>\n<p style=\"text-align: justify;\">Por otra parte, es posible dirigirse a las Regiones y a los entes locales para posibles reembolsos o ayudas.<\/p>\n<p style=\"text-align: justify;\">En caso de fallecimiento de compatriotas residentes en el extranjero en estado de comprobada indigencia, el Consulado o la Embajada contactados podr\u00e1n prestar asistencia a los familiares indigentes, residentes en el extranjero, del nacional fallecido, mediante el reembolso total o parcial de los gastos funerarios efectuados in situ, debidamente documentados.<\/p>\n","protected":false},"excerpt":{"rendered":"Un sector particularmente delicado de la actividad de asistencia a los ciudadanos italianos en el extranjero se refiere a la repatriaci\u00f3n de los compatriotas que se encuentren en pa\u00edses extranjeros en situaciones de graves dificultades, no superables en el lugar. Las intervenciones de la Farnesina, en colaboraci\u00f3n con los entes territoriales competentes (prefecturas, comisar\u00edas, municipios, [&hellip;]","protected":false},"author":4,"featured_media":0,"parent":174,"menu_order":1,"comment_status":"closed","ping_status":"closed","template":"","meta":{"footnotes":""},"class_list":["post-1598","page","type-page","status-publish","hentry"],"_links":{"self":[{"href":"https:\/\/ambpanama.esteri.it\/es\/wp-json\/wp\/v2\/pages\/1598","targetHints":{"allow":["GET"]}}],"collection":[{"href":"https:\/\/ambpanama.esteri.it\/es\/wp-json\/wp\/v2\/pages"}],"about":[{"href":"https:\/\/ambpanama.esteri.it\/es\/wp-json\/wp\/v2\/types\/page"}],"author":[{"embeddable":true,"href":"https:\/\/ambpanama.esteri.it\/es\/wp-json\/wp\/v2\/users\/4"}],"replies":[{"embeddable":true,"href":"https:\/\/ambpanama.esteri.it\/es\/wp-json\/wp\/v2\/comments?post=1598"}],"version-history":[{"count":3,"href":"https:\/\/ambpanama.esteri.it\/es\/wp-json\/wp\/v2\/pages\/1598\/revisions"}],"predecessor-version":[{"id":6298,"href":"https:\/\/ambpanama.esteri.it\/es\/wp-json\/wp\/v2\/pages\/1598\/revisions\/6298"}],"up":[{"embeddable":true,"href":"https:\/\/ambpanama.esteri.it\/es\/wp-json\/wp\/v2\/pages\/174"}],"wp:attachment":[{"href":"https:\/\/ambpanama.esteri.it\/es\/wp-json\/wp\/v2\/media?parent=1598"}],"curies":[{"name":"wp","href":"https:\/\/api.w.org\/{rel}","templated":true}]}}