{"id":160,"date":"2023-04-11T18:10:55","date_gmt":"2023-04-11T23:10:55","guid":{"rendered":"https:\/\/ambpanama.esteri.it\/diplomazia-scientifica\/"},"modified":"2025-02-20T15:39:33","modified_gmt":"2025-02-20T20:39:33","slug":"diplomazia-scientifica","status":"publish","type":"page","link":"https:\/\/ambpanama.esteri.it\/es\/italia-e-panama\/diplomazia-scientifica\/","title":{"rendered":"Diplomacia cient\u00edfica"},"content":{"rendered":"<p style=\"text-align: justify;\">Los objetivos de este sector incluyen la promoci\u00f3n y el apoyo a la cooperaci\u00f3n internacional en el campo de la investigaci\u00f3n cient\u00edfica y tecnol\u00f3gica.<\/p>\n<p style=\"text-align: justify;\">La Embajada de Italia en Panam\u00e1 se encarga de facilitar la internacionalizaci\u00f3n de la investigaci\u00f3n italiana y el desarrollo de las relaciones bilaterales entre los actores de ambos pa\u00edses, con especial atenci\u00f3n a la colaboraci\u00f3n entre universidades, centros de investigaci\u00f3n y empresas activas en los sectores de alta tecnolog\u00eda. En este contexto, se firm\u00f3 en febrero de 2024 un memor\u00e1ndum entre la Universidad de Panam\u00e1 y la Universidad de Trieste. Otras colaboraciones involucran al Instituto Superior de Salud y la Universidad La Sapienza, en el \u00e1mbito de las nanotecnolog\u00edas espaciales.<\/p>\n<p style=\"text-align: justify;\">Entre las iniciativas de cooperaci\u00f3n cient\u00edfica emprendidas por la Embajada en los \u00faltimos a\u00f1os, se destacan especialmente:<\/p>\n<ul>\n<li style=\"text-align: justify;\">Presentaci\u00f3n de las <strong>exposiciones fotogr\u00e1ficas<\/strong> \u00abMujeres Paname\u00f1as Impactando Nuestra Ciencia\u00bb, organizada por Senacyt, y \u00abUna vida de Cient\u00edfica\u00bb, ofrecida por la Fundaci\u00f3n Bracco Italiana, celebrada del 1 al 15 de noviembre de 2022. Este evento form\u00f3 parte del Festival Italiano del Desarrollo Sostenible organizado por ASVIS. El objetivo era promover la difusi\u00f3n y el estudio de las disciplinas STEAM entre las mujeres de Panam\u00e1 y Am\u00e9rica Central, estimulando la reflexi\u00f3n sobre la importancia de los Objetivos de Desarrollo Sostenible 4 y 5 de la Agenda 2030 de las Naciones Unidas.<\/li>\n<li style=\"text-align: justify;\">Participaci\u00f3n en la quinta edici\u00f3n del International <strong>Space Forum at Ministerial Level<\/strong> (ISF) \u2013 The Central America and Caribbean Chapter, organizado por la International Astronautical Federation (IAF) con la Agencia Espacial Italiana (ASI) y celebrado en la sede del Parlatino (el \u00abParlamento latinoamericano\u00bb) en Panam\u00e1, con el apoyo de las autoridades locales (Ministerio de Relaciones Exteriores, SENACYT, DINACE) y el patrocinio de Telespazio.<\/li>\n<li style=\"text-align: justify;\">\u00a0El Congreso de la <strong>Asociaci\u00f3n Paname\u00f1a para el Avance de la Ciencia<\/strong> (APANAC), celebrado en septiembre de 2023, fue inaugurado con una jornada completamente dedicada al aporte italiano al progreso cient\u00edfico y tecnol\u00f3gico, titulada: \u00abBRIGHT: Construir infraestructuras de investigaci\u00f3n orientadas al avance de la alta tecnolog\u00eda: espacio, digital y ecosistemas\u00bb, actividad organizada por la Embajada en colaboraci\u00f3n con la Universidad de Panam\u00e1, la Universidad Tecnol\u00f3gica de Panam\u00e1 (UTP), el Instituto T\u00e9cnico Superior Especializado (ITSE) y la Secretar\u00eda Nacional de Ciencia, Tecnolog\u00eda e Innovaci\u00f3n (SENACYT). El evento tambi\u00e9n cont\u00f3 con la participaci\u00f3n de importantes organizaciones italianas como el Consejo Nacional de Investigaciones (CNR) y el Instituto Superior de Salud (ISS).<\/li>\n<li style=\"text-align: justify;\">En febrero de 2024, <strong>la Universidad de Trieste fue anfitriona en la Escuela Internacional de Verano de la Universidad de Panam\u00e1<\/strong>, ocasi\u00f3n en la que se firm\u00f3 el mencionado protocolo de entendimiento entre ambas universidades y se destac\u00f3 el valor de Trieste como capital del conocimiento, con la mayor concentraci\u00f3n de cient\u00edficos del mundo (32 por cada 1.000 habitantes).<\/li>\n<li style=\"text-align: justify;\">Del 8 al 11 de octubre de 2024 se celebr\u00f3 el \u00ab<strong>Primer Congreso Internacional de Investigaci\u00f3n en Ciencias Empresariales<\/strong>\u00ab. Este importante evento represent\u00f3 una valiosa oportunidad para reforzar la cooperaci\u00f3n italo-paname\u00f1a, con la participaci\u00f3n de la Embajada de Italia en Panam\u00e1, empresas italianas con sede en Panam\u00e1 y la CAMIP (C\u00e1mara de Comercio Italo-Paname\u00f1a). La Embajada colabor\u00f3 en la participaci\u00f3n de las empresas italianas en el evento. En esta ocasi\u00f3n, el Dr. Valter Sergo, Vicerrector de la Universidad de Trieste, ofreci\u00f3 una conferencia magistral sobre el papel fundamental de la ciencia en las decisiones estrat\u00e9gicas empresariales.<\/li>\n<li style=\"text-align: justify;\">Participaci\u00f3n en el <strong>Congreso Internacional de Ingenier\u00eda, Ciencia y Tecnolog\u00eda<\/strong> (IESTEC), evento de gran impacto para la comunidad cient\u00edfica y tecnol\u00f3gica internacional, celebrado del 23 al 25 de octubre de 2024 en la Universidad Tecnol\u00f3gica de Panam\u00e1, con la participaci\u00f3n, como en 2023 en el evento de APANAC, de 14 ponentes provenientes de universidades y centros de investigaci\u00f3n nacionales.<\/li>\n<li>La presidenta del <strong>CNR, Prof. Maria Chiara Carrozza<\/strong>, encabez\u00f3 una delegaci\u00f3n a Panam\u00e1 del 2 al 3 de febrero para promover la colaboraci\u00f3n acad\u00e9mica, cient\u00edfica y tecnol\u00f3gica entre Italia y Panam\u00e1. La delegaci\u00f3n inclu\u00eda varios directores de departamentos e institutos del CNR, as\u00ed como representantes de la Oficina de Relaciones Internacionales. La misi\u00f3n concluy\u00f3 con la firma de un Memorando con el <strong>Senacyt (Secretar\u00eda Nacional de Ciencias y Tecnolog\u00eda)<\/strong>, abriendo el camino para futuras colaboraciones entre los dos pa\u00edses.<\/li>\n<\/ul>\n","protected":false},"excerpt":{"rendered":"Los objetivos de este sector incluyen la promoci\u00f3n y el apoyo a la cooperaci\u00f3n internacional en el campo de la investigaci\u00f3n cient\u00edfica y tecnol\u00f3gica. La Embajada de Italia en Panam\u00e1 se encarga de facilitar la internacionalizaci\u00f3n de la investigaci\u00f3n italiana y el desarrollo de las relaciones bilaterales entre los actores de ambos pa\u00edses, con especial [&hellip;]","protected":false},"author":1,"featured_media":0,"parent":168,"menu_order":4,"comment_status":"closed","ping_status":"closed","template":"","meta":{"footnotes":""},"class_list":["post-160","page","type-page","status-publish","hentry"],"_links":{"self":[{"href":"https:\/\/ambpanama.esteri.it\/es\/wp-json\/wp\/v2\/pages\/160","targetHints":{"allow":["GET"]}}],"collection":[{"href":"https:\/\/ambpanama.esteri.it\/es\/wp-json\/wp\/v2\/pages"}],"about":[{"href":"https:\/\/ambpanama.esteri.it\/es\/wp-json\/wp\/v2\/types\/page"}],"author":[{"embeddable":true,"href":"https:\/\/ambpanama.esteri.it\/es\/wp-json\/wp\/v2\/users\/1"}],"replies":[{"embeddable":true,"href":"https:\/\/ambpanama.esteri.it\/es\/wp-json\/wp\/v2\/comments?post=160"}],"version-history":[{"count":5,"href":"https:\/\/ambpanama.esteri.it\/es\/wp-json\/wp\/v2\/pages\/160\/revisions"}],"predecessor-version":[{"id":7288,"href":"https:\/\/ambpanama.esteri.it\/es\/wp-json\/wp\/v2\/pages\/160\/revisions\/7288"}],"up":[{"embeddable":true,"href":"https:\/\/ambpanama.esteri.it\/es\/wp-json\/wp\/v2\/pages\/168"}],"wp:attachment":[{"href":"https:\/\/ambpanama.esteri.it\/es\/wp-json\/wp\/v2\/media?parent=160"}],"curies":[{"name":"wp","href":"https:\/\/api.w.org\/{rel}","templated":true}]}}