{"id":1601,"date":"2023-11-02T10:35:35","date_gmt":"2023-11-02T15:35:35","guid":{"rendered":"https:\/\/ambpanama.esteri.it\/servizi-consolari-e-visti\/servizi-per-il-cittadino-italiano\/assistenza-ai-cittadini-allestero\/protezione-consolare\/"},"modified":"2024-09-18T14:04:28","modified_gmt":"2024-09-18T19:04:28","slug":"protezione-consolare","status":"publish","type":"page","link":"https:\/\/ambpanama.esteri.it\/es\/servizi-consolari-e-visti\/servizi-per-il-cittadino-italiano\/assistenza-ai-cittadini-allestero\/protezione-consolare\/","title":{"rendered":"Protecci\u00f3n consular"},"content":{"rendered":"<p style=\"text-align: justify;\">En el \u00e1mbito de la protecci\u00f3n y de la asistencia consular, numerosas intervenciones se refieren a los ciudadanos que incurren en problemas con la justicia local o que siguen implicados en accidentes; la repatriaci\u00f3n de los restos mortales; la b\u00fasqueda de compatriotas que no dan m\u00e1s noticias de s\u00ed mismos; la asistencia a padres italianos a los que el c\u00f3nyuge extranjero o doble ciudadano haya sustra\u00eddo un hijo, llev\u00e1ndolo consigo al extranjero.<\/p>\n<p style=\"text-align: justify;\">En caso de accidentes ocurridos en el extranjero, las Misiones Diplom\u00e1tica y Consulares velar\u00e1n por que los ciudadanos reciban un tratamiento m\u00e9dico adecuado en el lugar, que se informe debidamente a los miembros de la familia y se preste toda la asistencia posible en caso de necesidad de traslado a Italia.<\/p>\n<p style=\"text-align: justify;\">En caso de detenci\u00f3n de un nacional en un pa\u00eds extranjero, el Consulado podr\u00e1:<\/p>\n<div style=\"text-align: justify;\" align=\"justify\">\n<ul>\n<li>realizar visitas consulares al detenido;<\/li>\n<li>indicar un posible abogado;<\/li>\n<li>el mantenimiento de los v\u00ednculos con los familiares en Italia;proporcionar al detenido, cuando sea necesario y lo permitan las normas locales, asistencia m\u00e9dica, alimentos, libros y peri\u00f3dicos;<\/li>\n<li>intervenir para el traslado a Italia, si su compatriota est\u00e1 detenido en pa\u00edses que son parte en el Convenio de Estrasburgo sobre el traslado de presos o en acuerdos bilaterales ad hoc;<\/li>\n<li>intervenir, en casos particulares, para apoyar solicitudes de gracia, sobre bases humanitarias.<\/li>\n<\/ul>\n<p>El consulado no puede:<\/p>\n<ul>\n<li>actuar en nombre de su compatriota;<\/li>\n<li>pagar los honorarios de abogados del convicto.<\/li>\n<\/ul>\n<\/div>\n<p style=\"text-align: justify;\"><strong>La sustracci\u00f3n internacional de menores<\/strong><\/p>\n<p style=\"text-align: justify;\">La problem\u00e1tica de la sustracci\u00f3n internacional de menores ha adquirido en los \u00faltimos tiempos una importancia creciente, tanto por el aumento de las separaciones, a menudo conflictivas, entre personas de diferente o doble nacionalidad, sea por la mayor sensibilidad con la que se percibe el problema en nuestro pa\u00eds.<\/p>\n<p style=\"text-align: justify;\">El \u00fanico instrumento vinculante a disposici\u00f3n del progenitor nacional para la recuperaci\u00f3n del menor es el Convenio de La Haya de 25.10.1980 (Autoridad Central para Italia es el Departamento de Justicia Juvenil del Ministerio de Justicia). En caso de no aplicabilidad del Convenio, el Ministerio ejerce plenamente sus funciones institucionales modulando las intervenciones en funci\u00f3n de la especificidad de los casos.<\/p>\n","protected":false},"excerpt":{"rendered":"En el \u00e1mbito de la protecci\u00f3n y de la asistencia consular, numerosas intervenciones se refieren a los ciudadanos que incurren en problemas con la justicia local o que siguen implicados en accidentes; la repatriaci\u00f3n de los restos mortales; la b\u00fasqueda de compatriotas que no dan m\u00e1s noticias de s\u00ed mismos; la asistencia a padres italianos [&hellip;]","protected":false},"author":4,"featured_media":0,"parent":174,"menu_order":2,"comment_status":"closed","ping_status":"closed","template":"","meta":{"footnotes":""},"class_list":["post-1601","page","type-page","status-publish","hentry"],"_links":{"self":[{"href":"https:\/\/ambpanama.esteri.it\/es\/wp-json\/wp\/v2\/pages\/1601","targetHints":{"allow":["GET"]}}],"collection":[{"href":"https:\/\/ambpanama.esteri.it\/es\/wp-json\/wp\/v2\/pages"}],"about":[{"href":"https:\/\/ambpanama.esteri.it\/es\/wp-json\/wp\/v2\/types\/page"}],"author":[{"embeddable":true,"href":"https:\/\/ambpanama.esteri.it\/es\/wp-json\/wp\/v2\/users\/4"}],"replies":[{"embeddable":true,"href":"https:\/\/ambpanama.esteri.it\/es\/wp-json\/wp\/v2\/comments?post=1601"}],"version-history":[{"count":3,"href":"https:\/\/ambpanama.esteri.it\/es\/wp-json\/wp\/v2\/pages\/1601\/revisions"}],"predecessor-version":[{"id":6301,"href":"https:\/\/ambpanama.esteri.it\/es\/wp-json\/wp\/v2\/pages\/1601\/revisions\/6301"}],"up":[{"embeddable":true,"href":"https:\/\/ambpanama.esteri.it\/es\/wp-json\/wp\/v2\/pages\/174"}],"wp:attachment":[{"href":"https:\/\/ambpanama.esteri.it\/es\/wp-json\/wp\/v2\/media?parent=1601"}],"curies":[{"name":"wp","href":"https:\/\/api.w.org\/{rel}","templated":true}]}}