{"id":1605,"date":"2023-11-02T10:36:11","date_gmt":"2023-11-02T15:36:11","guid":{"rendered":"https:\/\/ambpanama.esteri.it\/servizi-consolari-e-visti\/servizi-per-il-cittadino-italiano\/assistenza-ai-cittadini-allestero\/altri-servizi-di-assistenza\/"},"modified":"2026-01-09T14:22:50","modified_gmt":"2026-01-09T19:22:50","slug":"altri-servizi-di-assistenza","status":"publish","type":"page","link":"https:\/\/ambpanama.esteri.it\/es\/servizi-consolari-e-visti\/servizi-per-il-cittadino-italiano\/assistenza-ai-cittadini-allestero\/altri-servizi-di-assistenza\/","title":{"rendered":"Otros servicios de asistencia"},"content":{"rendered":"<p><strong>B\u00fasquedas de Compatriotas en el extranjero<\/strong><\/p>\n<p style=\"text-align: justify;\">Sobre la base de la Ley 675\/96 sobre la confidencialidad de los datos personales, ning\u00fan organismo p\u00fablico puede difundir informaci\u00f3n sobre personas a particulares sin el consentimiento de los interesados.<\/p>\n<p style=\"text-align: justify;\">Por lo tanto, una vez identificada la persona buscada, el Ministerio de Asuntos Exteriores solicita el consentimiento del interesado\/a para informar a quien ha presentado la solicitud de informaci\u00f3n.<\/p>\n<p style=\"text-align: justify;\">En algunos pa\u00edses, como por ejemplo los Estados Unidos de Am\u00e9rica, la ley local de confidencialidad no permite difundir noticias sobre personas en su territorio. Por consiguiente, es necesario determinar caso por caso la legislaci\u00f3n aplicable.<\/p>\n<p style=\"text-align: justify;\">Dentro de estos l\u00edmites reglamentarios, puede iniciarse una investigaci\u00f3n de una de las siguientes maneras:<\/p>\n<ul>\n<li style=\"text-align: justify;\">enviando un fax a la Oficina IV de la Direcci\u00f3n General Italianos en el extranjero al n\u00famero 06 36 91 86 09\/06 36 91 86 28;<\/li>\n<li style=\"text-align: justify;\">enviando un fax al consulado competente territorialmente;<\/li>\n<li style=\"text-align: justify;\">Llamando al n\u00famero 06 36 91 29 30 de las 9.30 a las 16.00, especificando sus datos, los de la persona que est\u00e1 buscando y el motivo por el que desea localizarla.<\/li>\n<\/ul>\n<p data-start=\"118\" data-end=\"205\"><strong data-start=\"118\" data-end=\"205\">Denuncias de hechos o eventos, exposiciones, querellas y desistimientos de querella<\/strong><\/p>\n<p data-start=\"207\" data-end=\"483\">A trav\u00e9s de este Consulado es posible presentar o revocar ante las Autoridades competentes en Italia <a href=\"https:\/\/www.giustizia.it\/giustizia\/it\/mg_3_2_16.page\">denuncias, querellas y exposiciones ante el Ministerio de Justicia<\/a> relativas a hechos o eventos ocurridos en Italia o que tengan relevancia conforme al derecho italiano. Para hechos ocurridos en Panam\u00e1, se ruega dirigirse a la Autoridad local territorialmente competente, <a href=\"https:\/\/www.policia.gob.pa\/\">Polic\u00eda Nacional de Panam\u00e1<\/a>. Antes de proceder, se recomienda consultar con un abogado. En esta p\u00e1gina se encuentra disponible una lista no exhaustiva de profesionales conocidos por este Consulado: <a href=\"https:\/\/ambpanama.esteri.it\/es\/servizi-consolari-e-visti\/servizi-per-il-cittadino-italiano\/avvocati\/\">Abogados<\/a>.<\/p>\n<p data-start=\"803\" data-end=\"956\">Los interesados deber\u00e1n solicitar una cita escribiendo a la direcci\u00f3n <a class=\"decorated-link cursor-pointer\" href=\"mailto:consolare.panama@esteri.it\" rel=\"noopener\" data-start=\"875\" data-end=\"901\">consolare.panama@esteri.it<\/a>. El correo electr\u00f3nico de solicitud deber\u00e1 contener:<\/p>\n<ul data-start=\"958\" data-end=\"1240\">\n<li data-start=\"958\" data-end=\"1023\">\n<p data-start=\"960\" data-end=\"1023\">Escaneo de un documento de identidad vigente del solicitante;<\/p>\n<\/li>\n<li data-start=\"1024\" data-end=\"1240\">\n<p data-start=\"1026\" data-end=\"1240\"><a href=\"https:\/\/ambpanama.esteri.it\/wp-content\/uploads\/2026\/01\/Denuncia-modulo.docx\">Formulario<\/a> debidamente cumplimentado con una descripci\u00f3n de los hechos que se desean presentar ante las Autoridades italianas, redactado en formato editable (por ejemplo, Word) y en idioma italiano, <strong data-start=\"1225\" data-end=\"1239\">NO firmado<\/strong>.<\/p>\n<\/li>\n<\/ul>\n<p data-start=\"1242\" data-end=\"1600\">Una vez recibida la solicitud, la Oficina ofrecer\u00e1 una cita en el Consulado para formalizar la instancia. En la cita, el interesado deber\u00e1 presentarse con un documento de identidad y firmar\u00e1 ante el personal del Consulado la denuncia\/querella\/exposici\u00f3n, la cual ser\u00e1 posteriormente remitida por el Consulado a las Autoridades indicadas por el solicitante.<\/p>\n","protected":false},"excerpt":{"rendered":"B\u00fasquedas de Compatriotas en el extranjero Sobre la base de la Ley 675\/96 sobre la confidencialidad de los datos personales, ning\u00fan organismo p\u00fablico puede difundir informaci\u00f3n sobre personas a particulares sin el consentimiento de los interesados. Por lo tanto, una vez identificada la persona buscada, el Ministerio de Asuntos Exteriores solicita el consentimiento del interesado\/a [&hellip;]","protected":false},"author":4,"featured_media":0,"parent":174,"menu_order":3,"comment_status":"closed","ping_status":"closed","template":"","meta":{"footnotes":""},"class_list":["post-1605","page","type-page","status-publish","hentry"],"_links":{"self":[{"href":"https:\/\/ambpanama.esteri.it\/es\/wp-json\/wp\/v2\/pages\/1605","targetHints":{"allow":["GET"]}}],"collection":[{"href":"https:\/\/ambpanama.esteri.it\/es\/wp-json\/wp\/v2\/pages"}],"about":[{"href":"https:\/\/ambpanama.esteri.it\/es\/wp-json\/wp\/v2\/types\/page"}],"author":[{"embeddable":true,"href":"https:\/\/ambpanama.esteri.it\/es\/wp-json\/wp\/v2\/users\/4"}],"replies":[{"embeddable":true,"href":"https:\/\/ambpanama.esteri.it\/es\/wp-json\/wp\/v2\/comments?post=1605"}],"version-history":[{"count":4,"href":"https:\/\/ambpanama.esteri.it\/es\/wp-json\/wp\/v2\/pages\/1605\/revisions"}],"predecessor-version":[{"id":8614,"href":"https:\/\/ambpanama.esteri.it\/es\/wp-json\/wp\/v2\/pages\/1605\/revisions\/8614"}],"up":[{"embeddable":true,"href":"https:\/\/ambpanama.esteri.it\/es\/wp-json\/wp\/v2\/pages\/174"}],"wp:attachment":[{"href":"https:\/\/ambpanama.esteri.it\/es\/wp-json\/wp\/v2\/media?parent=1605"}],"curies":[{"name":"wp","href":"https:\/\/api.w.org\/{rel}","templated":true}]}}