{"id":161,"date":"2023-04-11T18:11:52","date_gmt":"2023-04-11T23:11:52","guid":{"rendered":"https:\/\/ambpanama.esteri.it\/cooperazione-allo-sviluppo\/"},"modified":"2024-11-07T09:54:15","modified_gmt":"2024-11-07T14:54:15","slug":"cooperazione-allo-sviluppo","status":"publish","type":"page","link":"https:\/\/ambpanama.esteri.it\/es\/italia-e-panama\/cooperazione-allo-sviluppo\/","title":{"rendered":"Cooperaci\u00f3n para el desarrollo"},"content":{"rendered":"<p>Italia no realiza actividades de cooperaci\u00f3n al desarrollo en Panam\u00e1, ya que la renta per c\u00e1pita del pa\u00eds es superior al umbral m\u00e1ximo establecido por la ley italiana.<\/p>\n<p>L&#8217;AICS de San Salvador es competente para Am\u00e9rica Central y el Caribe.<\/p>\n<p><a href=\"http:\/\/coopit-acc.org\/inizio\/\">AGENCIA ITALIANA DE COOPERACI\u00d3N Y DESARROLLO<\/a><\/p>\n","protected":false},"excerpt":{"rendered":"Italia no realiza actividades de cooperaci\u00f3n al desarrollo en Panam\u00e1, ya que la renta per c\u00e1pita del pa\u00eds es superior al umbral m\u00e1ximo establecido por la ley italiana. L&#8217;AICS de San Salvador es competente para Am\u00e9rica Central y el Caribe. AGENCIA ITALIANA DE COOPERACI\u00d3N Y DESARROLLO","protected":false},"author":1,"featured_media":0,"parent":168,"menu_order":6,"comment_status":"closed","ping_status":"closed","template":"","meta":{"footnotes":""},"class_list":["post-161","page","type-page","status-publish","hentry"],"_links":{"self":[{"href":"https:\/\/ambpanama.esteri.it\/es\/wp-json\/wp\/v2\/pages\/161","targetHints":{"allow":["GET"]}}],"collection":[{"href":"https:\/\/ambpanama.esteri.it\/es\/wp-json\/wp\/v2\/pages"}],"about":[{"href":"https:\/\/ambpanama.esteri.it\/es\/wp-json\/wp\/v2\/types\/page"}],"author":[{"embeddable":true,"href":"https:\/\/ambpanama.esteri.it\/es\/wp-json\/wp\/v2\/users\/1"}],"replies":[{"embeddable":true,"href":"https:\/\/ambpanama.esteri.it\/es\/wp-json\/wp\/v2\/comments?post=161"}],"version-history":[{"count":4,"href":"https:\/\/ambpanama.esteri.it\/es\/wp-json\/wp\/v2\/pages\/161\/revisions"}],"predecessor-version":[{"id":6664,"href":"https:\/\/ambpanama.esteri.it\/es\/wp-json\/wp\/v2\/pages\/161\/revisions\/6664"}],"up":[{"embeddable":true,"href":"https:\/\/ambpanama.esteri.it\/es\/wp-json\/wp\/v2\/pages\/168"}],"wp:attachment":[{"href":"https:\/\/ambpanama.esteri.it\/es\/wp-json\/wp\/v2\/media?parent=161"}],"curies":[{"name":"wp","href":"https:\/\/api.w.org\/{rel}","templated":true}]}}