{"id":162,"date":"2023-04-11T17:08:57","date_gmt":"2023-04-11T22:08:57","guid":{"rendered":"https:\/\/ambpanama.esteri.it\/servizi-consolari-e-visti\/"},"modified":"2026-01-21T10:29:42","modified_gmt":"2026-01-21T15:29:42","slug":"servizi-consolari-e-visti","status":"publish","type":"page","link":"https:\/\/ambpanama.esteri.it\/es\/servizi-consolari-e-visti\/","title":{"rendered":"Servicios Consulares y Visas"},"content":{"rendered":"<div class=\"panel-body\">\n<blockquote><p>Se avisa a los ciudadanos italianos residentes en los<strong> Pa\u00edses de Acreditaci\u00f3n<\/strong> secundaria que deben viajar a Panam\u00e1 para acceder a los servicios consulares prestados por esta Embajada de Italia. De acuerdo con la legislaci\u00f3n local, para ingresar a Panam\u00e1 es necesario que el pasaporte extranjero tenga una validez m\u00ednima de <strong>tres meses adicionales a la duraci\u00f3n del viaje previsto.<\/strong><\/p><\/blockquote>\n<p style=\"text-align: justify;\"><strong>La Embajada de Italia en Panama ofrece servicios consulares para los:<\/strong><\/p>\n<\/div>\n<ul style=\"text-align: justify;\">\n<li><a href=\"https:\/\/ambpanama.esteri.it\/es\/servizi-consolari-e-visti\/servizi-per-il-cittadino-italiano\/\">Ciudadanos italianos<\/a><\/li>\n<li><a href=\"https:\/\/ambpanama.esteri.it\/es\/servizi-consolari-e-visti\/servizi-per-il-cittadino-straniero\/\">Ciudadanos extranjeros<\/a><\/li>\n<\/ul>\n<p style=\"text-align: justify;\"><strong>Horario de apertura al publico:<\/strong><\/p>\n<ul style=\"text-align: justify;\">\n<li>Lunes \u2013 miercoles \u2013 viernes 9.00 \u2013 12.30<\/li>\n<li>Martes y\u00a0 jueves 13.30 \u2013 15.30<\/li>\n<\/ul>\n<p style=\"text-align: justify;\"><strong><br \/>\nContactos telefonicos para lo Servicios Consulares:<\/strong><\/p>\n<p style=\"text-align: justify;\">Para informaci\u00f3n sobre los servicios consulares, est\u00e1 disponible el siguiente n\u00famero de tel\u00e9fono : +507 225 89 48 \/ 49 \/ 50.<\/p>\n<p style=\"text-align: justify;\"><strong>El servicio est\u00e1 disponible en el siguiente horario<\/strong>:<\/p>\n<ul style=\"text-align: justify;\">\n<li>Lunes\/mi\u00e9rcoles\/: 14:00 &#8211; 16:00<\/li>\n<li>Martes\/jueves\/ viernes: 10:00-12:00<\/li>\n<\/ul>\n<p style=\"text-align: justify;\"><strong>Modalidad de citas<\/strong><\/p>\n<p style=\"text-align: justify;\">Las citas para los siguientes servicios consulares deben reservarse a trav\u00e9s de la plataforma\u00a0<a href=\"https:\/\/prenotami.esteri.it\/\">Prenot@mi<\/a>.<\/p>\n<ul style=\"text-align: justify;\">\n<li><strong>Ciudadan\u00eda por descendencia para hijos mayores de nacionalidad italiana;<\/strong><\/li>\n<li><strong>Ciudadan\u00eda por descendencia por \u00abbeneficio de ley\u00bb;<\/strong><\/li>\n<li><strong>Ciudadan\u00eda por matrimonio<\/strong><\/li>\n<li><strong>Pasaportes<\/strong><\/li>\n<li><strong>CIE \u2013 Cedula de Identit\u00e0 Electronica\u00a0<\/strong><\/li>\n<li><strong>Servicios consulares (\u00a0<\/strong>estado civil, emisi\u00f3n de certificados, autenticacion de firmas, acta de consentimiento, pr\u00f3rroga de la validez del carnet de conducir, pasaportes mortuarios, etc.<strong>)<\/strong><\/li>\n<li><strong>Visas<\/strong><\/li>\n<\/ul>\n<p style=\"text-align: justify;\">Sin embargo, ya no es necesario reservar una cita a trav\u00e9s de la plataforma\u00a0<a href=\"https:\/\/prenotami.esteri.it\/\">Prenot@m<\/a>i para los siguientes servicios consulares:<\/p>\n<ul style=\"text-align: justify;\">\n<li><b>Poderes\u00a0<\/b>(ver la secci\u00f3n correspondiente a\u00a0<a href=\"https:\/\/ambpanama.esteri.it\/es\/servizi-consolari-e-visti\/servizi-per-il-cittadino-italiano\/servizi-notarili\/\">Servicios Notariales<\/a>)<\/li>\n<li><strong>Existencia en vida<\/strong>\u00a0(ver la secci\u00f3n correspondiente a\u00a0\u00a0<a href=\"https:\/\/ambpanama.esteri.it\/es\/servizi-consolari-e-visti\/servizi-per-il-cittadino-italiano\/informazioni-appuntamenti\/\">Informacion de citas<\/a>)<\/li>\n<li><strong>Declaracion de valor<\/strong>\u00a0(ver la secci\u00f3n correspondiente a\u00a0<a href=\"https:\/\/ambpanama.esteri.it\/es\/servizi-consolari-e-visti\/servizi-per-il-cittadino-straniero\/dichiarazione-di-valore\/\">Declaracion de valor<\/a>)<\/li>\n<li><strong>Solicitud de publicacion de matrimonio <\/strong>(ver la secci\u00f3n correspondiente a\u00a0<a href=\"https:\/\/ambpanama.esteri.it\/es\/servizi-consolari-e-visti\/servizi-per-il-cittadino-italiano\/stato-civile\/pubblicazioni-di-matrimonio-presso-questa-ambasciata\/\">Publicacion de matrimonio<\/a>)<\/li>\n<li><strong>Asistencia a los ciudadanos italianos en el exterior<\/strong>\u00a0(ver la secci\u00f3n correspondiente a\u00a0\u00a0<a href=\"https:\/\/ambpanama.esteri.it\/es\/servizi-consolari-e-visti\/servizi-per-il-cittadino-italiano\/assistenza-ai-cittadini-allestero\/\">Asistencia a ciudadanos en el exterior<\/a>)<\/li>\n<li><strong>ETD<\/strong>\u00a0 (ver la secci\u00f3n correspondiente a\u00a0<a href=\"https:\/\/ambpanama.esteri.it\/es\/servizi-consolari-e-visti\/servizi-per-il-cittadino-italiano\/emergency-travel-documents-etd\/\">Documento de viaje de emergencia (ETD<\/a>)<\/li>\n<\/ul>\n<blockquote><p>Para solicitudes urgentes (<strong>perdida\/robo passaporto, E.T.D<\/strong>. y declaracion de existencia en vida ) escribir a\u00a0\u00a0<a href=\"mailto:consolare.panama@esteri.it\">consolare.panama@esteri.it<\/a><\/p><\/blockquote>\n<p style=\"text-align: justify;\">En esta secci\u00f3n encontrar\u00e1 informaci\u00f3n sobre servicios consulares y visados, oportunidades econ\u00f3micas y de inversi\u00f3n en Italia y Panam\u00e1 y sobre la estructura del Ministerio de Asuntos Exteriores y Cooperaci\u00f3n Internacional.<\/p>\n<p style=\"text-align: justify;\">Los servicios consulares se prestar\u00e1n de acuerdo con los principios de igualdad, imparcialidad, eficiencia y transparencia.<\/p>\n<p style=\"text-align: justify;\">Los consulados garantizan a todos los compatriotas protecci\u00f3n en caso de violaci\u00f3n de sus derechos fundamentales y de limitaci\u00f3n o privaci\u00f3n de su libertad personal. Tambi\u00e9n proporcionan asistencia para casos de emergencia, para la b\u00fasqueda de familiares, para las pr\u00e1cticas de sucesi\u00f3n abiertas en el extranjero y para la repatriaci\u00f3n de los restos mortales.<\/p>\n<p style=\"text-align: justify;\">En la p\u00e1gina web del\u00a0<a href=\"https:\/\/www.esteri.it\/it\/\">Ministerio de Asuntos Exteriores y Cooperaci\u00f3n Internacional<\/a>\u00a0se recogen las informaciones relativas a las actividades que la Farnesina y la red diplom\u00e1tica consular desarrollan en favor de las colectividades italianas en el mundo. Tambi\u00e9n encontrar\u00e1 en estas p\u00e1ginas informaci\u00f3n sobre los servicios consulares a los que pueden acceder los italianos que se encuentran o residen en el extranjero.<\/p>\n<p data-start=\"81\" data-end=\"133\"><strong data-start=\"81\" data-end=\"131\">Aviso importante para los ciudadanos italianos<\/strong><\/p>\n<p data-start=\"135\" data-end=\"411\">Se informa que todos los ciudadanos italianos que deseen <strong data-start=\"192\" data-end=\"228\">trasladar su residencia a Panam\u00e1<\/strong>, as\u00ed como a otros Estados acreditados ante esta Embajada, <strong data-start=\"287\" data-end=\"359\">deber\u00e1n contactar directamente a las autoridades migratorias locales<\/strong> para los tr\u00e1mites relacionados con la residencia.<\/p>\n<p data-start=\"413\" data-end=\"783\">Se precisa que, <strong data-start=\"429\" data-end=\"505\">a pesar de las relaciones de amistad y cooperaci\u00f3n entre Italia y Panam\u00e1<\/strong>, cada oficina y sus competencias <strong data-start=\"539\" data-end=\"579\">se gestionan de manera independiente<\/strong> seg\u00fan la normativa nacional y los acuerdos vigentes. La Embajada de Italia <strong data-start=\"657\" data-end=\"681\">no tiene competencia<\/strong> sobre los procedimientos migratorios locales y <strong data-start=\"729\" data-end=\"780\">no puede sustituir a las autoridades nacionales<\/strong>.<\/p>\n","protected":false},"excerpt":{"rendered":"Se avisa a los ciudadanos italianos residentes en los Pa\u00edses de Acreditaci\u00f3n secundaria que deben viajar a Panam\u00e1 para acceder a los servicios consulares prestados por esta Embajada de Italia. De acuerdo con la legislaci\u00f3n local, para ingresar a Panam\u00e1 es necesario que el pasaporte extranjero tenga una validez m\u00ednima de tres meses adicionales a [&hellip;]","protected":false},"author":1,"featured_media":0,"parent":0,"menu_order":6,"comment_status":"closed","ping_status":"closed","template":"","meta":{"footnotes":""},"class_list":["post-162","page","type-page","status-publish","hentry"],"_links":{"self":[{"href":"https:\/\/ambpanama.esteri.it\/es\/wp-json\/wp\/v2\/pages\/162","targetHints":{"allow":["GET"]}}],"collection":[{"href":"https:\/\/ambpanama.esteri.it\/es\/wp-json\/wp\/v2\/pages"}],"about":[{"href":"https:\/\/ambpanama.esteri.it\/es\/wp-json\/wp\/v2\/types\/page"}],"author":[{"embeddable":true,"href":"https:\/\/ambpanama.esteri.it\/es\/wp-json\/wp\/v2\/users\/1"}],"replies":[{"embeddable":true,"href":"https:\/\/ambpanama.esteri.it\/es\/wp-json\/wp\/v2\/comments?post=162"}],"version-history":[{"count":7,"href":"https:\/\/ambpanama.esteri.it\/es\/wp-json\/wp\/v2\/pages\/162\/revisions"}],"predecessor-version":[{"id":8882,"href":"https:\/\/ambpanama.esteri.it\/es\/wp-json\/wp\/v2\/pages\/162\/revisions\/8882"}],"wp:attachment":[{"href":"https:\/\/ambpanama.esteri.it\/es\/wp-json\/wp\/v2\/media?parent=162"}],"curies":[{"name":"wp","href":"https:\/\/api.w.org\/{rel}","templated":true}]}}