{"id":163,"date":"2023-04-11T17:53:01","date_gmt":"2023-04-11T22:53:01","guid":{"rendered":"https:\/\/ambpanama.esteri.it\/chi-siamo\/lambasciatore\/"},"modified":"2025-11-14T15:57:11","modified_gmt":"2025-11-14T20:57:11","slug":"lambasciatore","status":"publish","type":"page","link":"https:\/\/ambpanama.esteri.it\/es\/chi-siamo\/lambasciatore\/","title":{"rendered":"La Embajadora"},"content":{"rendered":"<p style=\"text-align: center;\" data-start=\"33\" data-end=\"53\"><img loading=\"lazy\" decoding=\"async\" class=\"alignnone wp-image-8353 img-fluid\" src=\"https:\/\/ambpanama.esteri.it\/wp-content\/uploads\/2025\/11\/Carla-Accardi-Cornici-e-corde-1997-9-min-300x200.jpg\" alt=\"\" width=\"451\" height=\"300\" srcset=\"https:\/\/ambpanama.esteri.it\/wp-content\/uploads\/2025\/11\/Carla-Accardi-Cornici-e-corde-1997-9-min-300x200.jpg 300w, https:\/\/ambpanama.esteri.it\/wp-content\/uploads\/2025\/11\/Carla-Accardi-Cornici-e-corde-1997-9-min-1024x683.jpg 1024w, https:\/\/ambpanama.esteri.it\/wp-content\/uploads\/2025\/11\/Carla-Accardi-Cornici-e-corde-1997-9-min-768x512.jpg 768w, https:\/\/ambpanama.esteri.it\/wp-content\/uploads\/2025\/11\/Carla-Accardi-Cornici-e-corde-1997-9-min.jpg 1920w\" sizes=\"auto, (max-width: 451px) 100vw, 451px\" \/><\/p>\n<p data-start=\"33\" data-end=\"53\"><strong data-start=\"33\" data-end=\"53\">Giuditta GIORGIO<\/strong><\/p>\n<p style=\"text-align: justify;\" data-start=\"55\" data-end=\"805\" data-is-last-node=\"\" data-is-only-node=\"\">Giuditta Giorgio es la nueva Embajadora de Italia en Panam\u00e1 desde el 13 de noviembre de 2025. En la carrera diplom\u00e1tica desde 2004, ha prestado servicio en la Rep\u00fablica de Corea, en la representaci\u00f3n italiana ante la Uni\u00f3n Europea en Bruselas, en la Oficina del Consejero Diplom\u00e1tico de la Presidencia del Consejo y en el Gabinete del Ministro de Asuntos Exteriores y de la Cooperaci\u00f3n Internacional. Se ha ocupado de asuntos pol\u00edticos multilaterales y derechos humanos, asuntos europeos, relaciones con los pa\u00edses de Asia y comercio internacional. Antes de llegar a Panam\u00e1, fue Primera Consejera en la Embajada de Italia en Washington, con responsabilidades en pol\u00edtica interna, relaciones con el Congreso de los Estados Unidos y promoci\u00f3n cultural.<\/p>\n","protected":false},"excerpt":{"rendered":"Giuditta GIORGIO Giuditta Giorgio es la nueva Embajadora de Italia en Panam\u00e1 desde el 13 de noviembre de 2025. En la carrera diplom\u00e1tica desde 2004, ha prestado servicio en la Rep\u00fablica de Corea, en la representaci\u00f3n italiana ante la Uni\u00f3n Europea en Bruselas, en la Oficina del Consejero Diplom\u00e1tico de la Presidencia del Consejo y [&hellip;]","protected":false},"author":1,"featured_media":0,"parent":145,"menu_order":0,"comment_status":"closed","ping_status":"closed","template":"","meta":{"footnotes":""},"class_list":["post-163","page","type-page","status-publish","hentry"],"_links":{"self":[{"href":"https:\/\/ambpanama.esteri.it\/es\/wp-json\/wp\/v2\/pages\/163","targetHints":{"allow":["GET"]}}],"collection":[{"href":"https:\/\/ambpanama.esteri.it\/es\/wp-json\/wp\/v2\/pages"}],"about":[{"href":"https:\/\/ambpanama.esteri.it\/es\/wp-json\/wp\/v2\/types\/page"}],"author":[{"embeddable":true,"href":"https:\/\/ambpanama.esteri.it\/es\/wp-json\/wp\/v2\/users\/1"}],"replies":[{"embeddable":true,"href":"https:\/\/ambpanama.esteri.it\/es\/wp-json\/wp\/v2\/comments?post=163"}],"version-history":[{"count":7,"href":"https:\/\/ambpanama.esteri.it\/es\/wp-json\/wp\/v2\/pages\/163\/revisions"}],"predecessor-version":[{"id":8371,"href":"https:\/\/ambpanama.esteri.it\/es\/wp-json\/wp\/v2\/pages\/163\/revisions\/8371"}],"up":[{"embeddable":true,"href":"https:\/\/ambpanama.esteri.it\/es\/wp-json\/wp\/v2\/pages\/145"}],"wp:attachment":[{"href":"https:\/\/ambpanama.esteri.it\/es\/wp-json\/wp\/v2\/media?parent=163"}],"curies":[{"name":"wp","href":"https:\/\/api.w.org\/{rel}","templated":true}]}}