{"id":164,"date":"2023-04-11T17:55:33","date_gmt":"2023-04-11T22:55:33","guid":{"rendered":"https:\/\/ambpanama.esteri.it\/chi-siamo\/la-sede\/"},"modified":"2024-09-18T11:29:24","modified_gmt":"2024-09-18T16:29:24","slug":"la-sede","status":"publish","type":"page","link":"https:\/\/ambpanama.esteri.it\/es\/chi-siamo\/la-sede\/","title":{"rendered":"Sede"},"content":{"rendered":"<p style=\"text-align: justify;\">La Embajada de Italia, que comprende una secci\u00f3n consular, est\u00e1 ubicada en el 6\u00b0 piso del edificio PH Plaza 58, en la Calle 58 Este con la Avenida Ricardo Arango, Obarrio. Tel. +507 225 8948\/49\/50<\/p>\n<p style=\"text-align: justify;\">Se informa a los usuarios que la sede de la Embajada no dispone de parqueadero para visitantes y esta prohibido estacionarse en las afueras del PH. Sugerimos utilizar los parqueaderos ubicados en las inmediaciones.<\/p>\n<p style=\"text-align: justify;\"><strong>Como llegar a la Embajada?<\/strong><\/p>\n<ul>\n<li style=\"text-align: justify;\">Para llegar a la Embajada de Italia en Panam\u00e1 utilizando las diferentes aplicaciones GPS, le invitamos a hacer clic en el siguiente <a href=\"https:\/\/www.bing.com\/maps?osid=c8d3cd9b-b074-4301-94d0-39f5d8dfcb78&amp;cp=8.986352~-79.523528&amp;lvl=16&amp;pi=0&amp;imgid=d6b5df9e-ae03-4061-a576-86f419ca17ad&amp;v=2&amp;sV=2&amp;form=S00027\">enlace<\/a>.<\/li>\n<li style=\"text-align: justify;\">Con el transporte p\u00fablico local, se informa que la estaci\u00f3n de metro m\u00e1s cercana es la &#8216;<strong>Estaci\u00f3n de V\u00eda Argentina<\/strong>&#8216;. Al salir por el lado de &#8216;<em>Caja de Ahorros<\/em>&#8216;, contin\u00fae a la derecha y siga recto durante aproximadamente 5 minutos a pie. Una vez que llegue a la farmacia &#8216;Metro&#8217;, gire a la izquierda hacia el &#8216;<em>Banco General de Obarrio<\/em>&#8216;. Tome la calle a la derecha; a mitad de esta calle se encuentra la Embajada en el edificio PH PLAZA 58.<\/li>\n<\/ul>\n","protected":false},"excerpt":{"rendered":"La Embajada de Italia, que comprende una secci\u00f3n consular, est\u00e1 ubicada en el 6\u00b0 piso del edificio PH Plaza 58, en la Calle 58 Este con la Avenida Ricardo Arango, Obarrio. Tel. +507 225 8948\/49\/50 Se informa a los usuarios que la sede de la Embajada no dispone de parqueadero para visitantes y esta prohibido [&hellip;]","protected":false},"author":1,"featured_media":0,"parent":145,"menu_order":2,"comment_status":"closed","ping_status":"closed","template":"","meta":{"footnotes":""},"class_list":["post-164","page","type-page","status-publish","hentry"],"_links":{"self":[{"href":"https:\/\/ambpanama.esteri.it\/es\/wp-json\/wp\/v2\/pages\/164","targetHints":{"allow":["GET"]}}],"collection":[{"href":"https:\/\/ambpanama.esteri.it\/es\/wp-json\/wp\/v2\/pages"}],"about":[{"href":"https:\/\/ambpanama.esteri.it\/es\/wp-json\/wp\/v2\/types\/page"}],"author":[{"embeddable":true,"href":"https:\/\/ambpanama.esteri.it\/es\/wp-json\/wp\/v2\/users\/1"}],"replies":[{"embeddable":true,"href":"https:\/\/ambpanama.esteri.it\/es\/wp-json\/wp\/v2\/comments?post=164"}],"version-history":[{"count":6,"href":"https:\/\/ambpanama.esteri.it\/es\/wp-json\/wp\/v2\/pages\/164\/revisions"}],"predecessor-version":[{"id":6200,"href":"https:\/\/ambpanama.esteri.it\/es\/wp-json\/wp\/v2\/pages\/164\/revisions\/6200"}],"up":[{"embeddable":true,"href":"https:\/\/ambpanama.esteri.it\/es\/wp-json\/wp\/v2\/pages\/145"}],"wp:attachment":[{"href":"https:\/\/ambpanama.esteri.it\/es\/wp-json\/wp\/v2\/media?parent=164"}],"curies":[{"name":"wp","href":"https:\/\/api.w.org\/{rel}","templated":true}]}}