{"id":165,"date":"2023-04-11T18:01:19","date_gmt":"2023-04-11T23:01:19","guid":{"rendered":"https:\/\/ambpanama.esteri.it\/chi-siamo\/gli-uffici\/"},"modified":"2026-02-12T09:30:54","modified_gmt":"2026-02-12T14:30:54","slug":"gli-uffici","status":"publish","type":"page","link":"https:\/\/ambpanama.esteri.it\/es\/chi-siamo\/gli-uffici\/","title":{"rendered":"Las oficinas"},"content":{"rendered":"<table class=\"table table-bordered\" width=\"732\">\n<thead>\n<tr class=\"active\">\n<th style=\"text-align: center;\" colspan=\"2\">Embajada de Italia en Panama<\/th>\n<\/tr>\n<\/thead>\n<tbody>\n<tr>\n<td>PH Plaza 58, piso 6\u00b0<\/p>\n<p>Calle 58 Este con Ricardo Arango, Obarrio,<\/p>\n<p>Cuidad de Panama<\/p>\n<p>&nbsp;<\/p>\n<p>Apartado Postal 0816<\/p>\n<p>Tel: +507 225 8948\/49\/50<\/td>\n<td>Direccion Electronica Certificada Consular:<\/p>\n<p><a href=\"mailto:amb.panama@cert.esteri.it\">amb.panama@cert.esteri.it<\/a><br \/>\nPasaportes:<\/p>\n<p><a href=\"mailto:amb.panama.pass@cert.esteri.it\">amb.panama.pass@cert.esteri.it<\/a><\/td>\n<\/tr>\n<\/tbody>\n<\/table>\n<table class=\"table table-bordered\">\n<thead>\n<tr class=\"active\">\n<th style=\"text-align: center;\" colspan=\"2\">Central \u2013 Cancilleria consular y visas<\/th>\n<\/tr>\n<\/thead>\n<tbody>\n<tr>\n<td colspan=\"2\">\n<p style=\"text-align: center;\">Para informaciones telefonicas sobre los Servicios Consulares: llame al +507 225 8948\/49\/50<\/p>\n<p style=\"text-align: center;\">en los siguientes horarios:<\/p>\n<p style=\"text-align: center;\">\u2013 Lunes\/miercoles: 14:00-16:00<\/p>\n<p style=\"text-align: center;\">\u2013 Martes\/ Jueves\/viernes: 10:00 \u2013 12:00<\/p>\n<table class=\"table\" width=\"723\">\n<tbody>\n<tr>\n<td style=\"text-align: center;\"><strong>Horario de apertura al publico:<\/strong><\/td>\n<\/tr>\n<\/tbody>\n<\/table>\n<table class=\"table\" width=\"723\" frame=\"border\" rules=\"all\">\n<tbody>\n<tr>\n<td style=\"text-align: center;\">lunes \u2013 miercoles \u2013 viernes 9.00 \u2013 12.30<br \/>\nMartes y\u00a0 jueves 13.30 \u2013 15.30<\/td>\n<\/tr>\n<\/tbody>\n<\/table>\n<\/td>\n<\/tr>\n<tr>\n<td><a href=\"mailto:consolare.panama@esteri.it\">consolare.panama@esteri.it<\/a><br \/>\n<strong>Solo para cuestiones consulares<\/strong><\/td>\n<td><a href=\"mailto:panama.visti@esteri.it\">panama.visti@esteri.it<\/a><br \/>\n<strong>Solo para cuestiones de visas<\/strong><\/td>\n<\/tr>\n<tr>\n<td colspan=\"2\">&nbsp;<\/p>\n<table class=\"table\" width=\"726\" frame=\"border\" rules=\"groups\">\n<tbody>\n<tr>\n<td style=\"text-align: center;\"><strong>\u00a0Embajadora<\/strong><\/td>\n<td style=\"text-align: center;\"><strong>Vicario del Capo Mision<\/strong><\/td>\n<\/tr>\n<tr>\n<td style=\"text-align: center;\">Cons. Amb. Giuditta Giorgio<\/td>\n<td style=\"text-align: center;\">\u00a0Dr. Giuseppe Abignente<\/td>\n<\/tr>\n<\/tbody>\n<\/table>\n<p>&nbsp;<\/td>\n<\/tr>\n<\/tbody>\n<\/table>\n<table class=\"table table-bordered\" width=\"733\">\n<tbody>\n<tr>\n<td><strong>\u00a0Oficina Secretaria\u00a0<\/strong><\/td>\n<td><a href=\"mailto:panama.segreteriacm@esteri.it\">panama.segreteriacm@esteri.it<\/a><\/td>\n<\/tr>\n<tr>\n<td><strong>Oficina Comercial y\u00a0 Cultural<\/strong><\/p>\n<p>&nbsp;<\/td>\n<td><a href=\"mailto:comm.ambpanama@esteri.it\">comm.ambpanama@esteri.it<\/a><\/td>\n<\/tr>\n<tr>\n<td><strong>Oficina de Administracion \u2013 Contabilidad<\/strong><\/p>\n<p>Dr. Lorenzo Collinassi<\/td>\n<td><a href=\"mailto:panama.contabile@esteri.it\">panama.contabile@esteri.it<\/a><\/td>\n<\/tr>\n<tr>\n<td><strong>Oficina del experto econ\u00f3mico financiero<\/strong><\/td>\n<td><\/td>\n<\/tr>\n<tr>\n<td><strong>Oficina de pasaportes<\/strong><\/td>\n<td>\u00a0<a href=\"mailto:panama.passaporti@esteri.it\">panama.passaporti@esteri.it<\/a><\/td>\n<\/tr>\n<\/tbody>\n<\/table>\n<p>Tel\u00e9fono de emergencia durante el horario de cierre:<br \/>\n<strong>+507) 6942 7852.<\/strong> El n\u00famero de tel\u00e9fono, <strong>EXCLUSIVAMENTE<\/strong> para emergencias, est\u00e1 activo de lunes a viernes de 15.30 a 22.00, s\u00e1bados y domingos de 08.00 a 22.00 y el Funcionario de Turno del Ministerio de Asuntos Exteriores (24\/7) Tel.<strong> +39-0636912666<\/strong> Se hace notar que los n\u00fameros de emergencia deben utilizarse exclusivamente para la gesti\u00f3n de situaciones de emergencia excepcionales que requieran intervenciones inmediatas y no aplazables por parte del Ministerio de Asuntos Exteriores para proteger a los ciudadanos italianos en el extranjero. Estos n\u00fameros no se utilizar\u00e1n para solicitudes generales de informaci\u00f3n relativa a pr\u00e1cticas administrativas.<\/p>\n<p><strong>Atencion: Reserva de citas consulares<\/strong><\/p>\n<div class=\"panel panel-danger\">\n<div class=\"panel-body\">\n<table class=\"table\">\n<tbody>\n<tr>\n<td><strong>Festividades observadas por la Embajada a\u00f1o 2024<\/strong><\/td>\n<\/tr>\n<\/tbody>\n<\/table>\n<table class=\"table\" style=\"height: 331px;\" width=\"394\" frame=\"above\">\n<tbody>\n<tr>\n<td>01 enero<\/td>\n<td>a\u00f1o nuevo<\/td>\n<\/tr>\n<tr>\n<td>17 febrero<\/td>\n<td>Carnaval<\/td>\n<\/tr>\n<tr>\n<td>03 abril<\/td>\n<td>Viernes Santo<\/td>\n<\/tr>\n<tr>\n<td>06 abril<\/td>\n<td>lunes del \u00c1ngel<\/td>\n<\/tr>\n<tr>\n<td>01 mayo<\/td>\n<td>Festa del trabajo<\/td>\n<\/tr>\n<tr>\n<td>02 junio<\/td>\n<td>Festa de la Rep\u00fablica<\/td>\n<\/tr>\n<tr>\n<td>15 agosto<\/td>\n<td>Asunci\u00f3n &#8211; Fundaci\u00f3n de Panam\u00e1<\/td>\n<\/tr>\n<tr>\n<td>03 noviembre<\/td>\n<td>Festa de la Independencia di Panam\u00e1<\/td>\n<\/tr>\n<tr>\n<td>08 diciembre<\/td>\n<td>Inmaculada<\/td>\n<\/tr>\n<tr>\n<td>25 diciembre<\/td>\n<td>Navidad<\/td>\n<\/tr>\n<tr>\n<td>26 diciembre<\/td>\n<td>San Esteban<\/td>\n<\/tr>\n<\/tbody>\n<\/table>\n<\/div>\n<\/div>\n","protected":false},"excerpt":{"rendered":"Embajada de Italia en Panama PH Plaza 58, piso 6\u00b0 Calle 58 Este con Ricardo Arango, Obarrio, Cuidad de Panama &nbsp; Apartado Postal 0816 Tel: +507 225 8948\/49\/50 Direccion Electronica Certificada Consular: amb.panama@cert.esteri.it Pasaportes: amb.panama.pass@cert.esteri.it Central \u2013 Cancilleria consular y visas Para informaciones telefonicas sobre los Servicios Consulares: llame al +507 225 8948\/49\/50 en los [&hellip;]","protected":false},"author":1,"featured_media":0,"parent":145,"menu_order":4,"comment_status":"closed","ping_status":"closed","template":"","meta":{"footnotes":""},"class_list":["post-165","page","type-page","status-publish","hentry"],"_links":{"self":[{"href":"https:\/\/ambpanama.esteri.it\/es\/wp-json\/wp\/v2\/pages\/165","targetHints":{"allow":["GET"]}}],"collection":[{"href":"https:\/\/ambpanama.esteri.it\/es\/wp-json\/wp\/v2\/pages"}],"about":[{"href":"https:\/\/ambpanama.esteri.it\/es\/wp-json\/wp\/v2\/types\/page"}],"author":[{"embeddable":true,"href":"https:\/\/ambpanama.esteri.it\/es\/wp-json\/wp\/v2\/users\/1"}],"replies":[{"embeddable":true,"href":"https:\/\/ambpanama.esteri.it\/es\/wp-json\/wp\/v2\/comments?post=165"}],"version-history":[{"count":7,"href":"https:\/\/ambpanama.esteri.it\/es\/wp-json\/wp\/v2\/pages\/165\/revisions"}],"predecessor-version":[{"id":9026,"href":"https:\/\/ambpanama.esteri.it\/es\/wp-json\/wp\/v2\/pages\/165\/revisions\/9026"}],"up":[{"embeddable":true,"href":"https:\/\/ambpanama.esteri.it\/es\/wp-json\/wp\/v2\/pages\/145"}],"wp:attachment":[{"href":"https:\/\/ambpanama.esteri.it\/es\/wp-json\/wp\/v2\/media?parent=165"}],"curies":[{"name":"wp","href":"https:\/\/api.w.org\/{rel}","templated":true}]}}