{"id":166,"date":"2023-04-11T18:07:19","date_gmt":"2023-04-11T23:07:19","guid":{"rendered":"https:\/\/ambpanama.esteri.it\/chi-siamo\/numeri-di-emergenza\/"},"modified":"2024-09-18T11:30:29","modified_gmt":"2024-09-18T16:30:29","slug":"numeri-di-emergenza","status":"publish","type":"page","link":"https:\/\/ambpanama.esteri.it\/es\/chi-siamo\/numeri-di-emergenza\/","title":{"rendered":"N\u00fameros de emergencia"},"content":{"rendered":"<p>Tel\u00e9fono de emergencia durante el horario de cierre:<\/p>\n<p style=\"text-align: justify;\">+507 6942 7852\u00a0 El n\u00famero de tel\u00e9fono, <strong>EXCLUSIVAMENTE<\/strong> para emergencias, est\u00e1 activo de lunes a viernes de 15.30 a 22.00, s\u00e1bados y domingos de 08.00 a 22.00 y el Funcionario de Turno del Ministerio de Asuntos Exteriores (24\/7) <strong>Tel. +39-0636912666<\/strong> Se hace notar que los n\u00fameros de emergencia deben utilizarse exclusivamente para la gesti\u00f3n de situaciones de emergencia excepcionales que requieran intervenciones inmediatas y no aplazables por parte del Ministerio de Asuntos Exteriores para proteger a los ciudadanos italianos en el extranjero. Estos n\u00fameros no se utilizar\u00e1n para solicitudes generales de informaci\u00f3n relativa a pr\u00e1cticas administrativas.<\/p>\n<p style=\"text-align: justify;\"><strong>La Embajada de Italia en Panam\u00e1 no utiliza colaboradores externos o tramitadores y desaconseja el uso de intermediarios para las gestiones consulares, quedando a disposici\u00f3n de los usuarios para una comunicaci\u00f3n directa con todos aquellos que necesiten asistencia.<\/strong><\/p>\n<p style=\"text-align: justify;\">La Embajada ofrece gratuitamente sus servicios, con excepci\u00f3n del pago de los derechos consulares establecidos por la normativa nacional. Los pagos deben ser realizados \u00fanicamente en efectivo, directamente en la ventanilla consular, en base a las tarifas publicadas en la tabla de\u00a0tasas consulares. Por cada pago viene emitido un recibo o relativo comprobante.<\/p>\n<p style=\"text-align: justify;\">En la p\u00e1gina web est\u00e1n presentes todas las informaciones necesarias para los distintos tr\u00e1mites consulares y de ciudadan\u00eda. En caso de dudas, es posible contactarnos v\u00eda e-mail, a las siguientes direcciones:<\/p>\n<ul style=\"text-align: justify;\">\n<li>Cuestiones consulares (estado civil, ciudadan\u00eda, notar\u00eda, etc.): <a href=\"mailto:consolare.panama@esteri.it\">consolare.panama@esteri.it<\/a> ;<\/li>\n<li>Renovaci\u00f3n\/emisi\u00f3n de pasaportes: <a href=\"mailto:panama.passaporti@esteri.it\">panama.passaporti@esteri.it<\/a> ;<\/li>\n<li>Visas: <a href=\"mailto:panama.visti@esteri.it\">panama.visti@esteri.it<\/a>\u00a0.<\/li>\n<\/ul>\n<p style=\"text-align: justify;\">Finalmente se recuerda que, con excepci\u00f3n de los servicios de notar\u00eda\u00a0y para la emisi\u00f3n de\u00a0visas\u00a0para el ingreso en Italia, la oficina consular recibe\u00a0\u00fanica y exclusivamente\u00a0a trav\u00e9s de cita, que debe pedirse a trav\u00e9s del portal \u00ab<a href=\"https:\/\/prenotami.esteri.it\/\">Prenot@mi<\/a>\u00ab<\/p>\n","protected":false},"excerpt":{"rendered":"Tel\u00e9fono de emergencia durante el horario de cierre: +507 6942 7852\u00a0 El n\u00famero de tel\u00e9fono, EXCLUSIVAMENTE para emergencias, est\u00e1 activo de lunes a viernes de 15.30 a 22.00, s\u00e1bados y domingos de 08.00 a 22.00 y el Funcionario de Turno del Ministerio de Asuntos Exteriores (24\/7) Tel. +39-0636912666 Se hace notar que los n\u00fameros de [&hellip;]","protected":false},"author":1,"featured_media":0,"parent":145,"menu_order":6,"comment_status":"closed","ping_status":"closed","template":"","meta":{"footnotes":""},"class_list":["post-166","page","type-page","status-publish","hentry"],"_links":{"self":[{"href":"https:\/\/ambpanama.esteri.it\/es\/wp-json\/wp\/v2\/pages\/166","targetHints":{"allow":["GET"]}}],"collection":[{"href":"https:\/\/ambpanama.esteri.it\/es\/wp-json\/wp\/v2\/pages"}],"about":[{"href":"https:\/\/ambpanama.esteri.it\/es\/wp-json\/wp\/v2\/types\/page"}],"author":[{"embeddable":true,"href":"https:\/\/ambpanama.esteri.it\/es\/wp-json\/wp\/v2\/users\/1"}],"replies":[{"embeddable":true,"href":"https:\/\/ambpanama.esteri.it\/es\/wp-json\/wp\/v2\/comments?post=166"}],"version-history":[{"count":6,"href":"https:\/\/ambpanama.esteri.it\/es\/wp-json\/wp\/v2\/pages\/166\/revisions"}],"predecessor-version":[{"id":6205,"href":"https:\/\/ambpanama.esteri.it\/es\/wp-json\/wp\/v2\/pages\/166\/revisions\/6205"}],"up":[{"embeddable":true,"href":"https:\/\/ambpanama.esteri.it\/es\/wp-json\/wp\/v2\/pages\/145"}],"wp:attachment":[{"href":"https:\/\/ambpanama.esteri.it\/es\/wp-json\/wp\/v2\/media?parent=166"}],"curies":[{"name":"wp","href":"https:\/\/api.w.org\/{rel}","templated":true}]}}