{"id":167,"date":"2023-04-11T18:08:31","date_gmt":"2023-04-11T23:08:31","guid":{"rendered":"https:\/\/ambpanama.esteri.it\/chi-siamo\/la-rete-consolare\/"},"modified":"2025-12-15T11:24:34","modified_gmt":"2025-12-15T16:24:34","slug":"la-rete-consolare","status":"publish","type":"page","link":"https:\/\/ambpanama.esteri.it\/es\/chi-siamo\/la-rete-consolare\/","title":{"rendered":"La Red Consular"},"content":{"rendered":"<p class=\"bg-info\" style=\"text-align: center;\"><strong>EMBAJADA DE ITALIA<\/strong><\/p>\n<table class=\"table table-bordered\" width=\"730\">\n<thead>\n<tr class=\"active\">\n<th colspan=\"2\">Panama<\/th>\n<\/tr>\n<\/thead>\n<tbody>\n<tr>\n<td><strong>Provincias de referencias<\/strong><\/td>\n<td>Bocas del toro, Chiriqui, Cocle, Colon, Darien, Herrera, Los Santos<\/p>\n<p>Panama, Panama Oeste, Veraguas<\/td>\n<\/tr>\n<\/tbody>\n<\/table>\n<p class=\"bg-info\" style=\"text-align: center;\"><strong>CONSOLADOS HONORARIOS<\/strong><\/p>\n<table class=\"table table-bordered\" width=\"731\">\n<thead>\n<tr class=\"active\">\n<th colspan=\"2\">Antigua e Barbuda<\/th>\n<\/tr>\n<\/thead>\n<tbody>\n<tr>\n<td>Vicec\u00f3nsul Honorario<\/td>\n<td><strong>En ausencia de titular\u00a0<\/strong><\/td>\n<\/tr>\n<tr>\n<td colspan=\"2\">\n<table class=\"table\" width=\"721\">\n<tbody>\n<tr>\n<td>Falmouth Harbour, Antigua, W.I<\/td>\n<td><a href=\"mailto:falconec@candw.ag\">falconec@candw.ag<\/a>\u00a0;<\/p>\n<p><a href=\"mailto:saintjohns.onorario@esteri.it\">saintjohns.onorario@esteri.it<\/a><\/td>\n<td>Tel: +1-268-460-1543<\/p>\n<p>Tel\/Fax: +1-268-460-1444<\/td>\n<\/tr>\n<\/tbody>\n<\/table>\n<p>&nbsp;<\/td>\n<\/tr>\n<\/tbody>\n<\/table>\n<table class=\"table table-bordered\">\n<thead>\n<tr class=\"active\">\n<th colspan=\"2\"><strong>Barbados \/ Dominica \/ Saint Vincent \/ Granadine<\/strong><\/th>\n<\/tr>\n<\/thead>\n<tbody>\n<tr>\n<td>C\u00f3nsul Honorario<\/td>\n<td><strong>Sra. Paola Baldi<\/strong><\/td>\n<\/tr>\n<tr>\n<td colspan=\"2\">\n<table class=\"table\">\n<tbody>\n<tr>\n<td>Bannatyne Plantation House \u2013 Christ Church, Barbados \u2013 West Indies<\/td>\n<td><a href=\"mailto:baldipao@gmail.com\">baldipao@gmail.com<\/a><\/td>\n<td>\u00a0Tel. +1-246-230.23.19\u00a0 \u00a0+1-246-437.28.47<\/td>\n<\/tr>\n<\/tbody>\n<\/table>\n<p>&nbsp;<\/td>\n<\/tr>\n<\/tbody>\n<\/table>\n<table class=\"table table-bordered\" width=\"731\">\n<thead>\n<tr class=\"active\">\n<th colspan=\"2\"><strong>Grenada<\/strong><\/th>\n<\/tr>\n<\/thead>\n<tbody>\n<tr>\n<td>C\u00f3nsul Honorario<\/td>\n<td><strong>Sra. Orsola Ginanni Fantuzzi<\/strong><\/td>\n<\/tr>\n<tr>\n<td colspan=\"2\">\n<table class=\"table\" width=\"721\">\n<tbody>\n<tr>\n<td>Unit 15, Le Marquis Complex, Grand Anse,<\/p>\n<p>St. George\u2019s, Grenada, W.I<\/td>\n<td><a href=\"mailto:consulate@italia.gd\">consulate@italia.gd<\/a><\/td>\n<td>\u00a0Tel: +1-473- 420-61-43<\/td>\n<\/tr>\n<\/tbody>\n<\/table>\n<p>&nbsp;<\/td>\n<\/tr>\n<\/tbody>\n<\/table>\n<table class=\"table table-bordered\" width=\"731\">\n<thead>\n<tr class=\"active\">\n<th colspan=\"2\"><strong>Saint Kitss e Nevis<\/strong><\/th>\n<\/tr>\n<\/thead>\n<tbody>\n<tr>\n<td>Vicec\u00f3nsul Honorario<\/td>\n<td><strong>Sr. Ernest Amory<\/strong><\/td>\n<\/tr>\n<tr>\n<td colspan=\"2\">\n<table class=\"table\" width=\"720\">\n<tbody>\n<tr>\n<td>Amory Enterprises, P.O.Box 64, Victoria Road,<\/p>\n<p>Basse Terre St.Kitts, W.I<\/td>\n<td><a href=\"mailto:consulate@italia.gd\">email:\u00a0<\/a><a href=\"mailto:ernestamory@sisterisles.kn\">ernestamory@sisterisles.kn<\/a><a href=\"mailto:consulate@italia.gd\">\u00a0;<\/a><\/p>\n<p><a href=\"mailto:consulate@italia.gd\">\u00a0<\/a><a href=\"mailto:ernest@amoryenterprise.com\">ernest@amoryenterprise.com<\/a><a href=\"mailto:consulate@italia.gd\">\u00a0<\/a><\/td>\n<td><\/td>\n<\/tr>\n<\/tbody>\n<\/table>\n<p>&nbsp;<\/td>\n<\/tr>\n<\/tbody>\n<\/table>\n<table class=\"table table-bordered\" width=\"731\">\n<thead>\n<tr class=\"active\">\n<th colspan=\"2\">Saint Lucia<\/th>\n<\/tr>\n<\/thead>\n<tbody>\n<tr>\n<td>Corresposal Consular<\/td>\n<td><strong>Sra. Maria Piccinin Thorn<\/strong><\/td>\n<\/tr>\n<tr>\n<td colspan=\"2\">\n<table class=\"table\" width=\"721\">\n<tbody>\n<tr>\n<td>Spice Travel Ltd., Casa Lucia,<\/p>\n<p>Beausejour Road, Gros Islet\u00a0P.o. GM 848, Castries<\/td>\n<td><a href=\"mailto:casalucia@candw.lc\">casalucia@candw.lc<\/a><\/td>\n<td><\/td>\n<\/tr>\n<\/tbody>\n<\/table>\n<table class=\"table table-bordered\" style=\"height: 232px;\" width=\"731\">\n<tbody>\n<tr>\n<td colspan=\"2\">\n<table class=\"table table-bordered\" style=\"height: 85px;\" width=\"730\">\n<tbody>\n<tr>\n<td colspan=\"2\"><\/td>\n<\/tr>\n<\/tbody>\n<\/table>\n<table class=\"table table-bordered\" style=\"height: 232px;\" width=\"731\">\n<thead>\n<tr class=\"active\">\n<th style=\"text-align: center;\" colspan=\"2\">Trinidad e Tobago<\/th>\n<\/tr>\n<\/thead>\n<tbody>\n<tr>\n<td>Cons\u00fal Honorario<\/td>\n<td><strong>Sr. Mirko D&#8217;Alessio<\/strong><\/td>\n<\/tr>\n<tr>\n<td colspan=\"2\">\n<table class=\"table\" style=\"height: 104px;\" width=\"721\">\n<tbody>\n<tr>\n<td>Mountainview DR. Maracas St. Joseph,<\/p>\n<p>City of Gran Bazaar, Valsayn.<\/td>\n<td><a href=\"mailto:italconsultt@gmail.com\">italconsultt@gmail.com<\/a><\/td>\n<td>Tel. 001-868-468-9431<\/td>\n<\/tr>\n<\/tbody>\n<\/table>\n<p>&nbsp;<\/td>\n<\/tr>\n<\/tbody>\n<\/table>\n<p>&nbsp;<\/td>\n<\/tr>\n<\/tbody>\n<\/table>\n<\/td>\n<\/tr>\n<\/tbody>\n<\/table>\n<p>Para m\u00e1s informaci\u00f3n sobre los contactos de los Consulados Honorarios en las islas, consultar la p\u00e1gina dedicada <a href=\"https:\/\/ambpanama.esteri.it\/es\/chi-siamo\/la-sede\/sedi-accreditate\/\">Sedes acreditadas<\/a><\/p>\n","protected":false},"excerpt":{"rendered":"EMBAJADA DE ITALIA Panama Provincias de referencias Bocas del toro, Chiriqui, Cocle, Colon, Darien, Herrera, Los Santos Panama, Panama Oeste, Veraguas CONSOLADOS HONORARIOS Antigua e Barbuda Vicec\u00f3nsul Honorario En ausencia de titular\u00a0 Falmouth Harbour, Antigua, W.I falconec@candw.ag\u00a0; saintjohns.onorario@esteri.it Tel: +1-268-460-1543 Tel\/Fax: +1-268-460-1444 &nbsp; Barbados \/ Dominica \/ Saint Vincent \/ Granadine C\u00f3nsul Honorario Sra. Paola [&hellip;]","protected":false},"author":1,"featured_media":0,"parent":145,"menu_order":8,"comment_status":"closed","ping_status":"closed","template":"","meta":{"footnotes":""},"class_list":["post-167","page","type-page","status-publish","hentry"],"_links":{"self":[{"href":"https:\/\/ambpanama.esteri.it\/es\/wp-json\/wp\/v2\/pages\/167","targetHints":{"allow":["GET"]}}],"collection":[{"href":"https:\/\/ambpanama.esteri.it\/es\/wp-json\/wp\/v2\/pages"}],"about":[{"href":"https:\/\/ambpanama.esteri.it\/es\/wp-json\/wp\/v2\/types\/page"}],"author":[{"embeddable":true,"href":"https:\/\/ambpanama.esteri.it\/es\/wp-json\/wp\/v2\/users\/1"}],"replies":[{"embeddable":true,"href":"https:\/\/ambpanama.esteri.it\/es\/wp-json\/wp\/v2\/comments?post=167"}],"version-history":[{"count":6,"href":"https:\/\/ambpanama.esteri.it\/es\/wp-json\/wp\/v2\/pages\/167\/revisions"}],"predecessor-version":[{"id":8504,"href":"https:\/\/ambpanama.esteri.it\/es\/wp-json\/wp\/v2\/pages\/167\/revisions\/8504"}],"up":[{"embeddable":true,"href":"https:\/\/ambpanama.esteri.it\/es\/wp-json\/wp\/v2\/pages\/145"}],"wp:attachment":[{"href":"https:\/\/ambpanama.esteri.it\/es\/wp-json\/wp\/v2\/media?parent=167"}],"curies":[{"name":"wp","href":"https:\/\/api.w.org\/{rel}","templated":true}]}}