{"id":1674,"date":"2023-11-07T11:25:35","date_gmt":"2023-11-07T16:25:35","guid":{"rendered":"https:\/\/ambpanama.esteri.it\/servizi-consolari-e-visti\/servizi-per-il-cittadino-straniero\/dichiarazione-di-valore\/"},"modified":"2026-03-03T14:29:24","modified_gmt":"2026-03-03T19:29:24","slug":"dichiarazione-di-valore","status":"publish","type":"page","link":"https:\/\/ambpanama.esteri.it\/es\/servizi-consolari-e-visti\/servizi-per-il-cittadino-straniero\/dichiarazione-di-valore\/","title":{"rendered":"Declaraci\u00f3n de valor"},"content":{"rendered":"<p style=\"text-align: justify;\">Los t\u00edtulos de estudio paname\u00f1os no est\u00e1n autom\u00e1ticamente reconocidos por Italia. Los interesados al reconocimiento de su t\u00edtulo de estudio (<strong>DDV<\/strong>), conseguido en Instituciones oficialmente reconocidas por el Ministerio de la Educaci\u00f3n Nacional, pueden presentar solicitud de\u00a0<strong>DDV<\/strong>\u00a0a la Embajada de Italia.<\/p>\n<p style=\"text-align: justify;\"><strong>La documentaci\u00f3n completa se entregar\u00e1 \u2013 previa cita (se ruega escribir a la direcci\u00f3n de correo electr\u00f3nico<\/strong> <a href=\"mailto:consolare.panama@esteri.it\">consolare.panama@esteri.it<\/a>\u00a0indicando como asunto \u201c<strong>Declaracion de Valor<\/strong>\u201c. El documento se entregar\u00e1 en una fase siguiente, solo y cuando los papeles entregados satisfacen todos los requisitos.<\/p>\n<blockquote>\n<p style=\"text-align: justify;\">La Embajada de Italia no ha autorizado a ninguna agencia para presentar solicitudes relacionadas con <strong>DDV<\/strong>, ya que los interesados deben presentarse personalmente en las Oficinas de la Embajada en Panam\u00e1. En caso de que existan motivos justificados, podr\u00e1n delegar a otra persona a trav\u00e9s de un <strong>PODER NOTARIADO<\/strong> solo si es por <strong>DDV<\/strong>.<\/p>\n<\/blockquote>\n<p style=\"text-align: justify;\"><strong>No se requieren traducciones para emitir la declaraci\u00f3n de valor.<\/strong><\/p>\n<p style=\"text-align: justify;\"><em>En caso de que las soliciten las autoridades italianas, debe seguirse el siguiente procedimiento:<\/em><\/p>\n<p style=\"text-align: justify;\"><em>a) confiar la traducci\u00f3n a un traductor jurado con firma depositada en el MIRE (Ministerio de Relaciones Exteriores de Panama)<\/em><em>; para mayor informacion consular la siguienter seccion: <a href=\"https:\/\/ambpanama.esteri.it\/es\/servizi-consolari-e-visti\/servizi-per-il-cittadino-italiano\/traduzione-e-legalizzazione-dei-documenti\/\">Traduzione e legalizzazione dei documenti \u2013 Ambasciata d&#8217;Italia Panama (esteri.it)<\/a><\/em><br \/>\n<em>b) presentar en la ventanilla de la Oficina Consular la traducci\u00f3n y el documento traducido.<\/em><\/p>\n<p style=\"text-align: justify;\">Las informaciones adicionales pueden ser solicitadas por correo electr\u00f3nico a la siguiente direcci\u00f3n: <a href=\"mailto:consolare.panama@esteri.it\">consolare.panama@esteri.it<\/a><\/p>\n<p style=\"text-align: justify;\"><strong>Documentaci\u00f3n que debe presentarse:<\/strong><\/p>\n<p style=\"text-align: justify;\">a. <a href=\"https:\/\/ambpanama.esteri.it\/wp-content\/uploads\/2026\/03\/modulo_dichiarazione_di_valore_PTY.pdf\">Formulario<\/a> de solicitud de <strong>DDV <\/strong>(se firma en presencia del funcionario)<\/p>\n<p style=\"text-align: justify;\">b. T\u00edtulo original con la\u00a0Apostilla\u00a0emitida por el\u00a0<a href=\"https:\/\/mire.gob.pa\/\">Ministerio de Relaciones Exteriores de Panama.<\/a><\/p>\n<p style=\"text-align: justify;\">c. Fotocopia del documento de identidad que figure en el t\u00edtulo de estudio cuya declaraci\u00f3n de valor se solicita;<\/p>\n<p style=\"text-align: justify;\">d. Certificado original de los cr\u00e9ditos obtenidos\u00a0 durante el curso acad\u00e9mico con la Apostilla emitida por el <a href=\"https:\/\/mire.gob.pa\/\">Ministerio de Relaciones Exteriores de Panama.<\/a><\/p>\n<p><strong>Todos los documentos deber\u00e1n ser presentados en original y fotocopias de los mismos (legibles).<\/strong><\/p>\n<p style=\"text-align: justify;\">Los t\u00edtulos acad\u00e9micos deben estar provistos de \u201c<strong>Apostilla de La Haya<\/strong>\u201c, para lo cual es necesario acudir al Ministerio de Relaciones Exteriores de Panam\u00e1 y solicitar la legalizaci\u00f3n de las firmas de los funcionarios aplicadas en dichos t\u00edtulos y\/o documentos.<\/p>\n<p style=\"text-align: justify;\"><strong>Solicitud de reconocimiento de los t\u00edtulos obtenidos en Italia<\/strong><br \/>\nLas Oficinas Consulares no tienen competencias en esta materia. Para cualquier aclaraci\u00f3n, los interesados deber\u00e1n dirigirse directamente a las autoridades consulares del pa\u00eds donde se pretende presentar el t\u00edtulo de estudios.<\/p>\n<p style=\"text-align: justify;\"><strong>COSTO<\/strong><\/p>\n<p style=\"text-align: justify;\"><strong>Gratis<\/strong>: no hay costos si el estudiante debe inscribirse a una universidad italiana y ya tiene una carta de\u00a0 pre-inscripci\u00f3n o carta de aceptaci\u00f3n de la Universidad italiana;<\/p>\n<p style=\"text-align: justify;\"><strong>Valor a pagar:<\/strong> por motivos diferentes al estudio se podr\u00e1 consultar en el siguiente link\u00a0<a href=\"https:\/\/ambpanama.esteri.it\/es\/servizi-consolari-e-visti\/servizi-per-il-cittadino-italiano\/diritti-consolari\/\">Derechos consulares<\/a><\/p>\n","protected":false},"excerpt":{"rendered":"Los t\u00edtulos de estudio paname\u00f1os no est\u00e1n autom\u00e1ticamente reconocidos por Italia. Los interesados al reconocimiento de su t\u00edtulo de estudio (DDV), conseguido en Instituciones oficialmente reconocidas por el Ministerio de la Educaci\u00f3n Nacional, pueden presentar solicitud de\u00a0DDV\u00a0a la Embajada de Italia. La documentaci\u00f3n completa se entregar\u00e1 \u2013 previa cita (se ruega escribir a la direcci\u00f3n [&hellip;]","protected":false},"author":4,"featured_media":0,"parent":183,"menu_order":3,"comment_status":"closed","ping_status":"closed","template":"","meta":{"footnotes":""},"class_list":["post-1674","page","type-page","status-publish","hentry"],"_links":{"self":[{"href":"https:\/\/ambpanama.esteri.it\/es\/wp-json\/wp\/v2\/pages\/1674","targetHints":{"allow":["GET"]}}],"collection":[{"href":"https:\/\/ambpanama.esteri.it\/es\/wp-json\/wp\/v2\/pages"}],"about":[{"href":"https:\/\/ambpanama.esteri.it\/es\/wp-json\/wp\/v2\/types\/page"}],"author":[{"embeddable":true,"href":"https:\/\/ambpanama.esteri.it\/es\/wp-json\/wp\/v2\/users\/4"}],"replies":[{"embeddable":true,"href":"https:\/\/ambpanama.esteri.it\/es\/wp-json\/wp\/v2\/comments?post=1674"}],"version-history":[{"count":6,"href":"https:\/\/ambpanama.esteri.it\/es\/wp-json\/wp\/v2\/pages\/1674\/revisions"}],"predecessor-version":[{"id":9187,"href":"https:\/\/ambpanama.esteri.it\/es\/wp-json\/wp\/v2\/pages\/1674\/revisions\/9187"}],"up":[{"embeddable":true,"href":"https:\/\/ambpanama.esteri.it\/es\/wp-json\/wp\/v2\/pages\/183"}],"wp:attachment":[{"href":"https:\/\/ambpanama.esteri.it\/es\/wp-json\/wp\/v2\/media?parent=1674"}],"curies":[{"name":"wp","href":"https:\/\/api.w.org\/{rel}","templated":true}]}}