{"id":168,"date":"2023-04-11T17:08:52","date_gmt":"2023-04-11T22:08:52","guid":{"rendered":"https:\/\/ambpanama.esteri.it\/italia-e-panama\/"},"modified":"2024-09-18T11:31:00","modified_gmt":"2024-09-18T16:31:00","slug":"italia-e-panama","status":"publish","type":"page","link":"https:\/\/ambpanama.esteri.it\/es\/italia-e-panama\/","title":{"rendered":"Italia y Panam\u00e1"},"content":{"rendered":"<p style=\"text-align: justify;\">Las relaciones entre los dos pa\u00edses se caracterizan por una larga amistad, simpat\u00eda natural y voluntad de di\u00e1logo.<\/p>\n<p style=\"text-align: justify;\">Por otra parte, la presencia italiana en el pa\u00eds es antigua, y se remonta al descubrimiento del istmo por parte de Crist\u00f3bal Col\u00f3n, al que sigui\u00f3 la llegada de comerciantes genoveses que se instalaron en la entonces ciudad de Panam\u00e1 (hoy Panam\u00e1 Viejo). A continuaci\u00f3n, con la construcci\u00f3n del ferrocarril y m\u00e1s a\u00fan con el primer proyecto franc\u00e9s para la construcci\u00f3n del Canal, la colectividad italiana ha crecido tanto en n\u00famero como en importancia y contribuci\u00f3n al desarrollo socio-econ\u00f3mico del pa\u00eds. Hoy en Panam\u00e1 hay casi 13.000 italianos inscritos en el AIRE.<\/p>\n<p style=\"text-align: justify;\">En esta secci\u00f3n los enlaces a las profundizaciones, actualizaciones y noticias de las relaciones bilaterales entre Italia y Panam\u00e1 en los diversos \u00e1mbitos de cooperaci\u00f3n pol\u00edtica, econ\u00f3mica, cultural y de desarrollo.<\/p>\n","protected":false},"excerpt":{"rendered":"Las relaciones entre los dos pa\u00edses se caracterizan por una larga amistad, simpat\u00eda natural y voluntad de di\u00e1logo. Por otra parte, la presencia italiana en el pa\u00eds es antigua, y se remonta al descubrimiento del istmo por parte de Crist\u00f3bal Col\u00f3n, al que sigui\u00f3 la llegada de comerciantes genoveses que se instalaron en la entonces [&hellip;]","protected":false},"author":1,"featured_media":0,"parent":0,"menu_order":4,"comment_status":"closed","ping_status":"closed","template":"","meta":{"footnotes":""},"class_list":["post-168","page","type-page","status-publish","hentry"],"_links":{"self":[{"href":"https:\/\/ambpanama.esteri.it\/es\/wp-json\/wp\/v2\/pages\/168","targetHints":{"allow":["GET"]}}],"collection":[{"href":"https:\/\/ambpanama.esteri.it\/es\/wp-json\/wp\/v2\/pages"}],"about":[{"href":"https:\/\/ambpanama.esteri.it\/es\/wp-json\/wp\/v2\/types\/page"}],"author":[{"embeddable":true,"href":"https:\/\/ambpanama.esteri.it\/es\/wp-json\/wp\/v2\/users\/1"}],"replies":[{"embeddable":true,"href":"https:\/\/ambpanama.esteri.it\/es\/wp-json\/wp\/v2\/comments?post=168"}],"version-history":[{"count":4,"href":"https:\/\/ambpanama.esteri.it\/es\/wp-json\/wp\/v2\/pages\/168\/revisions"}],"predecessor-version":[{"id":6211,"href":"https:\/\/ambpanama.esteri.it\/es\/wp-json\/wp\/v2\/pages\/168\/revisions\/6211"}],"wp:attachment":[{"href":"https:\/\/ambpanama.esteri.it\/es\/wp-json\/wp\/v2\/media?parent=168"}],"curies":[{"name":"wp","href":"https:\/\/api.w.org\/{rel}","templated":true}]}}