{"id":169,"date":"2023-04-11T18:23:52","date_gmt":"2023-04-11T23:23:52","guid":{"rendered":"https:\/\/ambpanama.esteri.it\/italia-e-panama\/diplomazia-economica\/fare-affari-in-panama\/"},"modified":"2024-09-18T11:32:06","modified_gmt":"2024-09-18T16:32:06","slug":"fare-affari-in-panama","status":"publish","type":"page","link":"https:\/\/ambpanama.esteri.it\/es\/italia-e-panama\/diplomazia-economica\/fare-affari-in-panama\/","title":{"rendered":"Haciendo negocios en Panam\u00e1"},"content":{"rendered":"<p><strong>Sezione Commerciale<\/strong><\/p>\n<p style=\"text-align: justify;\">La Oficina Econ\u00f3mica y Comercial de la Embajada de Italia apoya y favorece a las empresas italianas en la promoci\u00f3n de sus actividades y en sus inversiones en Panam\u00e1. Asimismo, apoya a las compa\u00f1\u00edas y empresas paname\u00f1as interesadas en invertir en Italia y\/o en importar productos y servicios de Italia.<\/p>\n<p style=\"text-align: justify;\">Para solicitar informaci\u00f3n, env\u00ede un correo electr\u00f3nico a: <a href=\"comm.ambpanama@esteri.it\">comm.ambpanama@esteri.it<\/a><\/p>\n<p style=\"text-align: justify;\">Alternativamente, puede solicitar informaci\u00f3n sobre Panam\u00e1 (y cualquier otro pa\u00eds del mundo) a trav\u00e9s de la plataforma <a href=\"https:\/\/nexus.esteri.it\/\">NEXUS<\/a> del Ministerio de Asuntos Exteriores y Cooperaci\u00f3n Internacional.<\/p>\n<p style=\"text-align: justify;\">\n<p style=\"text-align: justify;\"><strong>Agencia ICE<\/strong><\/p>\n<p style=\"text-align: justify;\">La actividad de promoci\u00f3n econ\u00f3mico-comercial de la Embajada de Italia en Panam\u00e1 se desarrolla en colaboraci\u00f3n con la Oficina ICE de Bogot\u00e1, competente para Panam\u00e1.<\/p>\n<p style=\"text-align: justify;\">La ICE-Agencia para la promoci\u00f3n en el extranjero y la internacionalizaci\u00f3n de las empresas italianas es el organismo a trav\u00e9s del cual nuestro Gobierno favorece la consolidaci\u00f3n y el desarrollo econ\u00f3mico-comercial de las empresas italianas en los mercados extranjeros. Tambi\u00e9n tiene como objetivo promover el atractivo de la inversi\u00f3n extranjera en Italia.<\/p>\n<p style=\"text-align: justify;\">A trav\u00e9s de su red de oficinas en el extranjero, ICE desarrolla actividades de informaci\u00f3n, asistencia, asesoramiento, promoci\u00f3n y formaci\u00f3n, dirigidas principalmente a las peque\u00f1as y medianas empresas italianas.<\/p>\n<p style=\"text-align: justify;\"><a href=\"https:\/\/www.ice.it\/it\/mercati\/panama\">ICE Bogot\u00e1<\/a><br \/>\nCalle 93b 9-92 Bogot\u00e1, COLOMBIA<br \/>\nCorreo electr\u00f3nico: <a href=\"mailto:bogota@ice.it\">bogota@ice.it<\/a><br \/>\nTel: (00571) 7030410 \/ 7030433<\/p>\n<p style=\"text-align: justify;\"><strong>PORQUE PANAM\u00c1?<\/strong><\/p>\n<p style=\"text-align: justify;\">Panam\u00e1 ha servido hist\u00f3ricamente como una encrucijada comercial para las Am\u00e9ricas. Su posici\u00f3n estrat\u00e9gica como puente entre dos oc\u00e9anos y el encuentro de dos continentes ha hecho de Panam\u00e1 no solo un centro mar\u00edtimo y de transporte a\u00e9reo, sino tambi\u00e9n del comercio internacional, la banca y el centro de servicios. Panam\u00e1 est\u00e1 consolidando progresivamente su importancia a nivel global y regional gracias tambi\u00e9n a los procesos de liberalizaci\u00f3n y privatizaci\u00f3n y est\u00e1 adhiri\u00e9ndose activamente a los acuerdos de libre comercio.<\/p>\n<p style=\"text-align: justify;\">Con una econom\u00eda basada en el d\u00f3lar, Panam\u00e1 ofrece las ventajas de un sistema econ\u00f3mico con una inflaci\u00f3n relativamente baja &#8211; en comparaci\u00f3n con los pa\u00edses vecinos &#8211; sin riesgo cambiario, un gobierno estable y democr\u00e1tico que fomenta activamente la inversi\u00f3n extranjera en todos los sectores, en particular los servicios, el turismo y el sector inmobiliario.<\/p>\n<p style=\"text-align: justify;\">Desde 2010, las tres principales agencias de calificaci\u00f3n &#8211; Standard &amp; Poor, Moody y Fitch &#8211; han elevado sus calificaciones a Panam\u00e1 y lo han elevado a grado de inversi\u00f3n, reconociendo las importantes reformas fiscales y el r\u00e9cord de crecimiento del PIB, con un d\u00e9ficit bajo control.<\/p>\n<p style=\"text-align: justify;\">La econom\u00eda de Panam\u00e1 se basa principalmente en un sector de servicios bien desarrollado, que representa alrededor del 75% del PIB. Los servicios incluyen el Canal de Panam\u00e1, bancos, actividades en la zona de libre comercio de Col\u00f3n, seguros, puertos de contenedores. El pa\u00eds acaba de completar el proyecto de expansi\u00f3n del Canal de Panam\u00e1 (valorado en 5,25 mil millones de d\u00f3lares), que permite el tr\u00e1nsito de embarcaciones considerablemente m\u00e1s grandes, y que tiene el potencial de modificar las rutas de navegaci\u00f3n del comercio mundial. La expansi\u00f3n del Canal inaugurado en junio de 2016, junto con la expansi\u00f3n de las capacidades de sus puertos tanto en las costas del Atl\u00e1ntico y el Pac\u00edfico y las continuas inversiones en infraestructura, consolidar\u00e1 la ventaja log\u00edstica global de Panam\u00e1 en el hemisferio occidental.<\/p>\n<p style=\"text-align: justify;\">Esta plataforma log\u00edstica ha contribuido al \u00e9xito de la Zona Libre de Col\u00f3n (CFZ), la segunda m\u00e1s grande del mundo, que se ha convertido en un importante centro comercial y de transbordo que sirve a la regi\u00f3n y al mundo. La CFZ observa importaciones de todo el mundo &#8211; una amplia gama de art\u00edculos de lujo, productos electr\u00f3nicos, prendas de vestir y otros productos de consumo &#8211; que son revendidos, reacondicionados y devueltos, principalmente a los mercados regionales. El Gobierno ha creado otras zonas francas, estableciendo incentivos y ventajas fiscales para las empresas internacionales interesadas en abrir su propia empresa.<\/p>\n<p style=\"text-align: justify;\">Panam\u00e1 tiene acuerdos de libre comercio en vigor con los siguientes pa\u00edses: El Salvador, Taiw\u00e1n, Singapur, Chile, Costa Rica, Honduras, Guatemala, Nicaragua, Per\u00fa, Estados Unidos, Canad\u00e1 y M\u00e9xico. Panam\u00e1 tiene acuerdos comerciales parciales con la Rep\u00fablica Dominicana y Cuba. Tambi\u00e9n se firm\u00f3 un acuerdo con Colombia, que a\u00fan no ha entrado en vigor. Tambi\u00e9n es parte del TLC de Centroam\u00e9rica con la Uni\u00f3n Europea, que entr\u00f3 en vigor en 2013. Panam\u00e1 es un observador de la Alianza del Pac\u00edfico y ha expresado su inter\u00e9s en unirse al grupo. Tambi\u00e9n sigue negociando acuerdos de libre comercio con Corea e Israel.<\/p>\n<p style=\"text-align: justify;\"><strong>Iniciar un negocio en Panam\u00e1<\/strong><\/p>\n<p style=\"text-align: justify;\">Iniciar un negocio en Panam\u00e1 es muy f\u00e1cil y r\u00e1pido. Sin embargo, es necesario recurrir a un bufete de abogados local para proceder a la apertura de una sociedad an\u00f3nima de derecho local. Una vez obtenido el registro en la Divisi\u00f3n Mercantil del Registro P\u00fablico y pagado el impuesto \u00fanico anual (valor ca 300 USD), es posible obtener el c.d. Aviso de Operaci\u00f3n, a trav\u00e9s del portal <a href=\"https:\/\/panamadigital.gob.pa\/\">Panama Tramita<\/a>, que permite realizar en l\u00ednea esta y cientos de otros tr\u00e1mites administrativos.<\/p>\n<p style=\"text-align: justify;\">Para algunos sectores, es necesario obtener una \u00abautorizaci\u00f3n previa\u00bb antes de poder solicitar el Aviso de operaci\u00f3n. Ver para m\u00e1s informaci\u00f3n <a href=\"https:\/\/www.panamatramita.gob.pa\/es\/tramite\/solicitud-para-obtener-un-aviso-de-operaci\u00f3n-licencia-comercial\">https:\/\/www.panamatramita.gob.pa\/es\/tramite\/solicitud-paraobtener-un-aviso-de-operaci%C3%B3n-licencia-comercial<\/a><\/p>\n<p style=\"text-align: justify;\"><strong>PROPANAMA<\/strong><\/p>\n<p style=\"text-align: justify;\">La Agencia <a href=\"https:\/\/www.propanama.gob.pa\/\">ProPanama<\/a>, en analog\u00eda con las funciones de la Agencia ICE para Italia, se ocupa de promover los productos y las empresas paname\u00f1as en el extranjero y de atraer inversiones extranjeras en el pa\u00eds. En su sitio web puede encontrar la legislaci\u00f3n, informaci\u00f3n, estad\u00edsticas, incentivos y facilidades vigentes en Panam\u00e1.<\/p>\n<p style=\"text-align: justify;\">En los dos documentos adjuntos a esta p\u00e1gina, se puede encontrar una breve presentaci\u00f3n de las ventajas y caracter\u00edsticas de Panam\u00e1 y un resumen de los principales reg\u00edmenes especiales para la atracci\u00f3n de empresas y capitales extranjeros.<\/p>\n","protected":false},"excerpt":{"rendered":"Sezione Commerciale La Oficina Econ\u00f3mica y Comercial de la Embajada de Italia apoya y favorece a las empresas italianas en la promoci\u00f3n de sus actividades y en sus inversiones en Panam\u00e1. Asimismo, apoya a las compa\u00f1\u00edas y empresas paname\u00f1as interesadas en invertir en Italia y\/o en importar productos y servicios de Italia. Para solicitar informaci\u00f3n, [&hellip;]","protected":false},"author":1,"featured_media":0,"parent":153,"menu_order":0,"comment_status":"closed","ping_status":"closed","template":"","meta":{"footnotes":""},"class_list":["post-169","page","type-page","status-publish","hentry"],"_links":{"self":[{"href":"https:\/\/ambpanama.esteri.it\/es\/wp-json\/wp\/v2\/pages\/169","targetHints":{"allow":["GET"]}}],"collection":[{"href":"https:\/\/ambpanama.esteri.it\/es\/wp-json\/wp\/v2\/pages"}],"about":[{"href":"https:\/\/ambpanama.esteri.it\/es\/wp-json\/wp\/v2\/types\/page"}],"author":[{"embeddable":true,"href":"https:\/\/ambpanama.esteri.it\/es\/wp-json\/wp\/v2\/users\/1"}],"replies":[{"embeddable":true,"href":"https:\/\/ambpanama.esteri.it\/es\/wp-json\/wp\/v2\/comments?post=169"}],"version-history":[{"count":5,"href":"https:\/\/ambpanama.esteri.it\/es\/wp-json\/wp\/v2\/pages\/169\/revisions"}],"predecessor-version":[{"id":6216,"href":"https:\/\/ambpanama.esteri.it\/es\/wp-json\/wp\/v2\/pages\/169\/revisions\/6216"}],"up":[{"embeddable":true,"href":"https:\/\/ambpanama.esteri.it\/es\/wp-json\/wp\/v2\/pages\/153"}],"wp:attachment":[{"href":"https:\/\/ambpanama.esteri.it\/es\/wp-json\/wp\/v2\/media?parent=169"}],"curies":[{"name":"wp","href":"https:\/\/api.w.org\/{rel}","templated":true}]}}